{"id":43219,"date":"2022-09-14T12:25:54","date_gmt":"2022-09-14T10:25:54","guid":{"rendered":"https:\/\/bcsdh.hu\/?page_id=43219"},"modified":"2023-02-09T11:18:57","modified_gmt":"2023-02-09T10:18:57","slug":"mission","status":"publish","type":"page","link":"https:\/\/bcsdh.hu\/en\/about-us\/mission\/","title":{"rendered":"Mission"},"content":{"rendered":"<div id='av_section_1'  class='avia-section av-6w23oz7-c2bb3ed68db988d500433829456cbc17 main_color avia-section-default avia-no-border-styling  avia-builder-el-0  el_before_av_section  avia-builder-el-first  avia-bg-style-scroll container_wrap fullsize'  ><div class='container av-section-cont-open' ><main  role=\"main\" itemprop=\"mainContentOfPage\"  class='template-page content  av-content-full alpha units'><div class='post-entry post-entry-type-page post-entry-43219'><div class='entry-content-wrapper clearfix'>\n\n<style type=\"text\/css\" data-created_by=\"avia_inline_auto\" id=\"style-css-av-63t0w9f-6fdc21f6c1f51e27d42d0df4f68d655d\">\n#top .av-special-heading.av-63t0w9f-6fdc21f6c1f51e27d42d0df4f68d655d{\npadding-bottom:10px;\n}\nbody .av-special-heading.av-63t0w9f-6fdc21f6c1f51e27d42d0df4f68d655d .av-special-heading-tag .heading-char{\nfont-size:25px;\n}\n.av-special-heading.av-63t0w9f-6fdc21f6c1f51e27d42d0df4f68d655d .av-subheading{\nfont-size:15px;\n}\n<\/style>\n<div  class='av-special-heading av-63t0w9f-6fdc21f6c1f51e27d42d0df4f68d655d av-special-heading-h2 blockquote modern-quote  avia-builder-el-1  el_before_av_two_third  avia-builder-el-first '><h2 class='av-special-heading-tag'  itemprop=\"headline\"  >Our vision<\/h2><div class=\"special-heading-border\"><div class=\"special-heading-inner-border\"><\/div><\/div><\/div>\n<div  class='flex_column av-5oa9l0z-c49d07233f76f489ea7e4e4f82c2f986 av_two_third  avia-builder-el-2  el_after_av_heading  el_before_av_one_third  first flex_column_div  '     ><p><section  class='av_textblock_section av-5ia7dlf-33e4e3d4b59e55002f5dead7696856ae '   itemscope=\"itemscope\" itemtype=\"https:\/\/schema.org\/CreativeWork\" ><div class='avia_textblock'  itemprop=\"text\" ><p><strong>To create a world where more than 9 billion people are all living well and within planetary boundaries, by 2050. <\/strong><\/p>\n<\/div><\/section><br \/>\n<section  class='av_textblock_section av-gst1n7-b7bccc19300252bfaf8c62a07012f577 '   itemscope=\"itemscope\" itemtype=\"https:\/\/schema.org\/CreativeWork\" ><div class='avia_textblock'  itemprop=\"text\" ><p><strong>The World Business Council&#8217;s (WBCSD) Vision 2050 document offers a reality-based framework for action for this vision.<\/strong> Its goal is to help companies change their sustainability and business strategies as soon as possible.<\/p>\n<\/div><\/section><br \/>\n<div  class='avia-button-wrap av-fmtzhv-2c2eea770bd826375a35f448a77ce738-wrap avia-button-center  avia-builder-el-5  el_after_av_textblock  avia-builder-el-last '>\n<style type=\"text\/css\" data-created_by=\"avia_inline_auto\" id=\"style-css-av-fmtzhv-2c2eea770bd826375a35f448a77ce738\">\n#top #wrap_all .avia-button.av-fmtzhv-2c2eea770bd826375a35f448a77ce738{\nborder-style:none;\ntransition:all 0.4s ease-in-out;\n}\n<\/style>\n<a href='https:\/\/bcsdh.hu\/en\/about-us\/mission\/vision-2050\/'  class='avia-button av-fmtzhv-2c2eea770bd826375a35f448a77ce738 avia-icon_select-no avia-size-large avia-position-center avia-color-theme-color'  ><span class='avia_iconbox_title' >MORE<\/span><\/a><\/div><\/p><\/div><div  class='flex_column av-3rfwh5f-97b072e005951984423a3bfb02456355 av_one_third  avia-builder-el-6  el_after_av_two_third  avia-builder-el-last  flex_column_div  '     ><div  class='avia-video av-3aiaqur-a0d187f6f36981b1d852f353b199e2fb avia-video-16-9 av-no-preview-image avia-video-load-always av-lazyload-immediate av-lazyload-video-embed'  itemprop=\"video\" itemtype=\"https:\/\/schema.org\/VideoObject\"  data-original_url='https:\/\/www.youtube.com\/watch?v=ajxqpHslf2w'><script type='text\/html' class='av-video-tmpl'><div class='avia-iframe-wrap'><iframe title=\"Vision 2050: Time to Transform\" width=\"1500\" height=\"844\" data-src=\"https:\/\/www.youtube.com\/embed\/ajxqpHslf2w?feature=oembed&autoplay=0&loop=0&controls=1&mute=0\" frameborder=\"0\" allow=\"accelerometer; autoplay; clipboard-write; encrypted-media; gyroscope; picture-in-picture\" allowfullscreen src=\"data:image\/svg+xml;base64,PHN2ZyB3aWR0aD0iMSIgaGVpZ2h0PSIxIiB4bWxucz0iaHR0cDovL3d3dy53My5vcmcvMjAwMC9zdmciPjwvc3ZnPg==\" class=\"lazyload\" data-load-mode=\"1\"><\/iframe><\/div><\/script><div class='av-click-to-play-overlay'><div class=\"avia_playpause_icon\"><\/div><\/div><\/div><\/div><\/div><\/div><\/main><!-- close content main element --><\/div><\/div><div id='av_section_2'  class='avia-section av-35jdzkj-97636ee1527acabbaa0c8778415c847a main_color avia-section-default avia-no-border-styling  avia-builder-el-8  el_after_av_section  el_before_av_one_third  avia-bg-style-scroll container_wrap fullsize'  ><div class='container av-section-cont-open' ><div class='template-page content  av-content-full alpha units'><div class='post-entry post-entry-type-page post-entry-43219'><div class='entry-content-wrapper clearfix'>\n\n<style type=\"text\/css\" data-created_by=\"avia_inline_auto\" id=\"style-css-av-2j4279v-0363dda63ae3ffc8a2e407d4b7620e7d\">\n#top .av-special-heading.av-2j4279v-0363dda63ae3ffc8a2e407d4b7620e7d{\npadding-bottom:10px;\n}\nbody .av-special-heading.av-2j4279v-0363dda63ae3ffc8a2e407d4b7620e7d .av-special-heading-tag .heading-char{\nfont-size:25px;\n}\n.av-special-heading.av-2j4279v-0363dda63ae3ffc8a2e407d4b7620e7d .av-subheading{\nfont-size:15px;\n}\n<\/style>\n<div  class='av-special-heading av-2j4279v-0363dda63ae3ffc8a2e407d4b7620e7d av-special-heading-h2 blockquote modern-quote  avia-builder-el-9  el_before_av_textblock  avia-builder-el-first '><h2 class='av-special-heading-tag'  itemprop=\"headline\"  >Our mission and The recommendation for business leaders<\/h2><div class=\"special-heading-border\"><div class=\"special-heading-inner-border\"><\/div><\/div><\/div>\n<section  class='av_textblock_section av-7cho9f-72211c2c6b7d325b265129cb906dec26 '   itemscope=\"itemscope\" itemtype=\"https:\/\/schema.org\/CreativeWork\" ><div class='avia_textblock'  itemprop=\"text\" ><p><strong>BCSDH&#8217;s mission is to accelerate the transition to a sustainable world by increasing the success of responsible and value-creating business activities.<\/strong><\/p>\n<p>We believe that the key to the long-term success of a company is an executive director and management who are aware of the concept of sustainable development and are able to interpret it in a complex way in decision making. <strong>By putting forward the recommendations our aim was to draw up principles that can provide guidelines for corporate leaders in Hungary.<\/strong>\u00a0The leaders of BCSDH&#8217;s member companies joined the recommendation, expressing that they agree with the principles, wish to lead by example as well as manage their companies accordingly.<\/p>\n<\/div><\/section>\n<div  class='avia-button-wrap av-1hgvc43-3863b67476e3ec5ab4301aba1fa3d06f-wrap avia-button-center  avia-builder-el-11  el_after_av_textblock  avia-builder-el-last '>\n<style type=\"text\/css\" data-created_by=\"avia_inline_auto\" id=\"style-css-av-1hgvc43-3863b67476e3ec5ab4301aba1fa3d06f\">\n#top #wrap_all .avia-button.av-1hgvc43-3863b67476e3ec5ab4301aba1fa3d06f{\nborder-style:none;\ntransition:all 0.4s ease-in-out;\n}\n<\/style>\n<a href='https:\/\/bcsdh.hu\/en\/about-us\/mission\/recommendation\/'  class='avia-button av-1hgvc43-3863b67476e3ec5ab4301aba1fa3d06f avia-icon_select-no avia-size-large avia-position-center avia-color-theme-color'  ><span class='avia_iconbox_title' >Learn more about the complex interpretation of corporate sustainability<\/span><\/a><\/div>\n<\/div><\/div><\/div><!-- close content main div --><\/div><\/div><div id='after_section_2'  class='main_color av_default_container_wrap container_wrap fullsize'  ><div class='container av-section-cont-open' ><div class='template-page content  av-content-full alpha units'><div class='post-entry post-entry-type-page post-entry-43219'><div class='entry-content-wrapper clearfix'><div  class='flex_column av-1bcxt8z-98e5cb73f46e3d618116aa86f5fb8995 av_one_third  avia-builder-el-12  el_after_av_section  el_before_av_one_third  avia-builder-el-first  first flex_column_div  '     ><\/div><\/p>\n<div  class='flex_column av-mt5yvn-bff590bac451a3b1eb5ab0e5c117a48a av_one_third  avia-builder-el-13  el_after_av_one_third  avia-builder-el-last  flex_column_div  '     ><\/div>\n","protected":false},"excerpt":{"rendered":"","protected":false},"author":1,"featured_media":0,"parent":43215,"menu_order":0,"comment_status":"closed","ping_status":"closed","template":"","meta":{"footnotes":""},"class_list":["post-43219","page","type-page","status-publish","hentry"],"yoast_head":"<!-- This site is optimized with the Yoast SEO plugin v27.3 - https:\/\/yoast.com\/product\/yoast-seo-wordpress\/ -->\n<title>Mission - BCSDH<\/title>\n<meta name=\"robots\" content=\"index, follow, max-snippet:-1, max-image-preview:large, max-video-preview:-1\" \/>\n<link rel=\"canonical\" href=\"https:\/\/bcsdh.hu\/en\/about-us\/mission\/\" \/>\n<meta property=\"og:locale\" content=\"en_US\" \/>\n<meta property=\"og:type\" content=\"article\" \/>\n<meta property=\"og:title\" content=\"Mission - BCSDH\" \/>\n<meta property=\"og:url\" content=\"https:\/\/bcsdh.hu\/en\/about-us\/mission\/\" \/>\n<meta property=\"og:site_name\" content=\"BCSDH\" \/>\n<meta property=\"article:modified_time\" content=\"2023-02-09T10:18:57+00:00\" \/>\n<meta name=\"twitter:card\" content=\"summary_large_image\" \/>\n<meta name=\"twitter:label1\" content=\"Est. reading time\" \/>\n\t<meta name=\"twitter:data1\" content=\"5 minutes\" \/>\n<script type=\"application\/ld+json\" class=\"yoast-schema-graph\">{\"@context\":\"https:\\\/\\\/schema.org\",\"@graph\":[{\"@type\":\"WebPage\",\"@id\":\"https:\\\/\\\/bcsdh.hu\\\/en\\\/about-us\\\/mission\\\/\",\"url\":\"https:\\\/\\\/bcsdh.hu\\\/en\\\/about-us\\\/mission\\\/\",\"name\":\"Mission - BCSDH\",\"isPartOf\":{\"@id\":\"https:\\\/\\\/bcsdh.hu\\\/#website\"},\"datePublished\":\"2022-09-14T10:25:54+00:00\",\"dateModified\":\"2023-02-09T10:18:57+00:00\",\"breadcrumb\":{\"@id\":\"https:\\\/\\\/bcsdh.hu\\\/en\\\/about-us\\\/mission\\\/#breadcrumb\"},\"inLanguage\":\"en-US\",\"potentialAction\":[{\"@type\":\"ReadAction\",\"target\":[\"https:\\\/\\\/bcsdh.hu\\\/en\\\/about-us\\\/mission\\\/\"]}]},{\"@type\":\"BreadcrumbList\",\"@id\":\"https:\\\/\\\/bcsdh.hu\\\/en\\\/about-us\\\/mission\\\/#breadcrumb\",\"itemListElement\":[{\"@type\":\"ListItem\",\"position\":1,\"name\":\"Kezd\u0151lap\",\"item\":\"https:\\\/\\\/bcsdh.hu\\\/en\\\/bcsdh-the-business-council-for-sustainable-development-in-hungary\\\/\"},{\"@type\":\"ListItem\",\"position\":2,\"name\":\"About us\",\"item\":\"https:\\\/\\\/bcsdh.hu\\\/en\\\/about-us\\\/\"},{\"@type\":\"ListItem\",\"position\":3,\"name\":\"Mission\"}]},{\"@type\":\"WebSite\",\"@id\":\"https:\\\/\\\/bcsdh.hu\\\/#website\",\"url\":\"https:\\\/\\\/bcsdh.hu\\\/\",\"name\":\"BCSDH\",\"description\":\"Magyarorsz\u00e1gi \u00dczleti Tan\u00e1cs a Fenntarthat\u00f3 Fejl\u0151d\u00e9s\u00e9rt (BCSDH) az \u00dczleti Vil\u00e1gtan\u00e1cs a Fenntarthat\u00f3 Fejl\u0151d\u00e9s\u00e9rt hazai szervezete.\",\"potentialAction\":[{\"@type\":\"SearchAction\",\"target\":{\"@type\":\"EntryPoint\",\"urlTemplate\":\"https:\\\/\\\/bcsdh.hu\\\/?s={search_term_string}\"},\"query-input\":{\"@type\":\"PropertyValueSpecification\",\"valueRequired\":true,\"valueName\":\"search_term_string\"}}],\"inLanguage\":\"en-US\"}]}<\/script>\n<!-- \/ Yoast SEO plugin. -->","yoast_head_json":{"title":"Mission - BCSDH","robots":{"index":"index","follow":"follow","max-snippet":"max-snippet:-1","max-image-preview":"max-image-preview:large","max-video-preview":"max-video-preview:-1"},"canonical":"https:\/\/bcsdh.hu\/en\/about-us\/mission\/","og_locale":"en_US","og_type":"article","og_title":"Mission - BCSDH","og_url":"https:\/\/bcsdh.hu\/en\/about-us\/mission\/","og_site_name":"BCSDH","article_modified_time":"2023-02-09T10:18:57+00:00","twitter_card":"summary_large_image","twitter_misc":{"Est. reading time":"5 minutes"},"schema":{"@context":"https:\/\/schema.org","@graph":[{"@type":"WebPage","@id":"https:\/\/bcsdh.hu\/en\/about-us\/mission\/","url":"https:\/\/bcsdh.hu\/en\/about-us\/mission\/","name":"Mission - BCSDH","isPartOf":{"@id":"https:\/\/bcsdh.hu\/#website"},"datePublished":"2022-09-14T10:25:54+00:00","dateModified":"2023-02-09T10:18:57+00:00","breadcrumb":{"@id":"https:\/\/bcsdh.hu\/en\/about-us\/mission\/#breadcrumb"},"inLanguage":"en-US","potentialAction":[{"@type":"ReadAction","target":["https:\/\/bcsdh.hu\/en\/about-us\/mission\/"]}]},{"@type":"BreadcrumbList","@id":"https:\/\/bcsdh.hu\/en\/about-us\/mission\/#breadcrumb","itemListElement":[{"@type":"ListItem","position":1,"name":"Kezd\u0151lap","item":"https:\/\/bcsdh.hu\/en\/bcsdh-the-business-council-for-sustainable-development-in-hungary\/"},{"@type":"ListItem","position":2,"name":"About us","item":"https:\/\/bcsdh.hu\/en\/about-us\/"},{"@type":"ListItem","position":3,"name":"Mission"}]},{"@type":"WebSite","@id":"https:\/\/bcsdh.hu\/#website","url":"https:\/\/bcsdh.hu\/","name":"BCSDH","description":"Magyarorsz\u00e1gi \u00dczleti Tan\u00e1cs a Fenntarthat\u00f3 Fejl\u0151d\u00e9s\u00e9rt (BCSDH) az \u00dczleti Vil\u00e1gtan\u00e1cs a Fenntarthat\u00f3 Fejl\u0151d\u00e9s\u00e9rt hazai szervezete.","potentialAction":[{"@type":"SearchAction","target":{"@type":"EntryPoint","urlTemplate":"https:\/\/bcsdh.hu\/?s={search_term_string}"},"query-input":{"@type":"PropertyValueSpecification","valueRequired":true,"valueName":"search_term_string"}}],"inLanguage":"en-US"}]}},"_links":{"self":[{"href":"https:\/\/bcsdh.hu\/en\/wp-json\/wp\/v2\/pages\/43219","targetHints":{"allow":["GET"]}}],"collection":[{"href":"https:\/\/bcsdh.hu\/en\/wp-json\/wp\/v2\/pages"}],"about":[{"href":"https:\/\/bcsdh.hu\/en\/wp-json\/wp\/v2\/types\/page"}],"author":[{"embeddable":true,"href":"https:\/\/bcsdh.hu\/en\/wp-json\/wp\/v2\/users\/1"}],"replies":[{"embeddable":true,"href":"https:\/\/bcsdh.hu\/en\/wp-json\/wp\/v2\/comments?post=43219"}],"version-history":[{"count":5,"href":"https:\/\/bcsdh.hu\/en\/wp-json\/wp\/v2\/pages\/43219\/revisions"}],"predecessor-version":[{"id":48139,"href":"https:\/\/bcsdh.hu\/en\/wp-json\/wp\/v2\/pages\/43219\/revisions\/48139"}],"up":[{"embeddable":true,"href":"https:\/\/bcsdh.hu\/en\/wp-json\/wp\/v2\/pages\/43215"}],"wp:attachment":[{"href":"https:\/\/bcsdh.hu\/en\/wp-json\/wp\/v2\/media?parent=43219"}],"curies":[{"name":"wp","href":"https:\/\/api.w.org\/{rel}","templated":true}]}}