{"id":43224,"date":"2022-09-14T12:28:39","date_gmt":"2022-09-14T10:28:39","guid":{"rendered":"https:\/\/bcsdh.hu\/?page_id=43224"},"modified":"2023-02-13T11:42:51","modified_gmt":"2023-02-13T10:42:51","slug":"partners","status":"publish","type":"page","link":"https:\/\/bcsdh.hu\/en\/about-us\/partners\/","title":{"rendered":"Partners"},"content":{"rendered":"<div id='av_section_1'  class='avia-section av-5lv5v88-3e6b6c1c6b843eabc9854a0f7afd8706 main_color avia-section-default avia-no-border-styling  avia-builder-el-0  el_before_av_section  avia-builder-el-first  avia-bg-style-scroll container_wrap fullsize'  ><div class='container av-section-cont-open' ><main  role=\"main\" itemprop=\"mainContentOfPage\"  class='template-page content  av-content-full alpha units'><div class='post-entry post-entry-type-page post-entry-43224'><div class='entry-content-wrapper clearfix'>\n\n<style type=\"text\/css\" data-created_by=\"avia_inline_auto\" id=\"style-css-av-55n5ry0-cf73ef68901314b2fd6b20e67b9e6fc7\">\n#top .av-special-heading.av-55n5ry0-cf73ef68901314b2fd6b20e67b9e6fc7{\npadding-bottom:10px;\n}\nbody .av-special-heading.av-55n5ry0-cf73ef68901314b2fd6b20e67b9e6fc7 .av-special-heading-tag .heading-char{\nfont-size:25px;\n}\n.av-special-heading.av-55n5ry0-cf73ef68901314b2fd6b20e67b9e6fc7 .av-subheading{\nfont-size:15px;\n}\n<\/style>\n<div  class='av-special-heading av-55n5ry0-cf73ef68901314b2fd6b20e67b9e6fc7 av-special-heading-h2 blockquote modern-quote  avia-builder-el-1  el_before_av_textblock  avia-builder-el-first '><h2 class='av-special-heading-tag'  itemprop=\"headline\"  >Our partners<\/h2><div class=\"special-heading-border\"><div class=\"special-heading-inner-border\"><\/div><\/div><\/div>\n<section  class='av_textblock_section av-4rq3d88-8145c5219974cd889d6e75b11fd13693 '   itemscope=\"itemscope\" itemtype=\"https:\/\/schema.org\/CreativeWork\" ><div class='avia_textblock'  itemprop=\"text\" ><p><strong>The cooperation of the scientific, regulatory, economic and civil spheres, as well as the valuable professional support and contribution of partner organizations, are essential for the development of more sustainably operating systems<\/strong>. We strive to continuously expand and strengthen the partnerships established with key stakeholders, which are decisive for BCSDH&#8217;s success and sustainability as a whole.<\/p>\n<\/div><\/section>\n\n<\/div><\/div><\/main><!-- close content main element --><\/div><\/div><div id='av_section_2'  class='avia-section av-4c23fvc-3a4e751f903072238b316577c9058e0c alternate_color avia-section-default avia-no-border-styling  avia-builder-el-3  el_after_av_section  el_before_av_heading  avia-bg-style-scroll container_wrap fullsize'  ><div class='container av-section-cont-open' ><div class='template-page content  av-content-full alpha units'><div class='post-entry post-entry-type-page post-entry-43224'><div class='entry-content-wrapper clearfix'>\n\n<style type=\"text\/css\" data-created_by=\"avia_inline_auto\" id=\"style-css-av-3qbyago-5b20608ece75a1bb136d1900a1f928f7\">\n#top .av-special-heading.av-3qbyago-5b20608ece75a1bb136d1900a1f928f7{\npadding-bottom:10px;\n}\nbody .av-special-heading.av-3qbyago-5b20608ece75a1bb136d1900a1f928f7 .av-special-heading-tag .heading-char{\nfont-size:25px;\n}\n.av-special-heading.av-3qbyago-5b20608ece75a1bb136d1900a1f928f7 .av-subheading{\nfont-size:15px;\n}\n<\/style>\n<div  class='av-special-heading av-3qbyago-5b20608ece75a1bb136d1900a1f928f7 av-special-heading-h2 blockquote modern-quote  avia-builder-el-4  el_before_av_textblock  avia-builder-el-first '><h2 class='av-special-heading-tag'  itemprop=\"headline\"  >Partnership<\/h2><div class=\"special-heading-border\"><div class=\"special-heading-inner-border\"><\/div><\/div><\/div>\n<section  class='av_textblock_section av-3dzx7i0-28b5fc012c859db2d13330e024a0d2c1 '   itemscope=\"itemscope\" itemtype=\"https:\/\/schema.org\/CreativeWork\" ><div class='avia_textblock'  itemprop=\"text\" ><p><strong>The parent organization of the BCSDH is the World Business Council for Sustainable Development (WBCSD),<\/strong> thanks to which we have direct access to international trends, the<strong> latest international results, professional materials and the professional work and experts of the WBCSD<\/strong>. <strong>The Global Network of the WBCSD<\/strong> is an association of more than 60 business organizations similar to the BCSDH worldwide, which also supports <strong>effective regional cooperation.<\/strong><\/p>\n<p>T<strong>he Executive Board of the BCSDH is made up of the top managers of the member companies.<\/strong> <strong>Our working groups are also led by our members,<\/strong> ensuring full commitment and participation. <strong>Our programs are mostly financed by our member companies through our support system,<\/strong> but occasional cooperation with our partner organizations also helps us to achieve an even greater impact.<\/p>\n<p>Our working groups and professional programs are assisted by <strong>invited scientific and civil experts so that the results can be truly broadly based.<\/strong><\/p>\n<p>Cooperation with BCSDH provides partners with a <strong>unique opportunity to participate in high-impact, action-oriented programs.<\/strong><\/p>\n<p>For the regulatory sector, it offers <strong>a significant professional, diverse industry, constructive platform for cooperation with the private sector,<\/strong> understanding of business thinking and priorities.<\/p>\n<\/div><\/section>\n<\/div><\/div><\/div><!-- close content main div --><\/div><\/div><div id='after_section_2'  class='main_color av_default_container_wrap container_wrap fullsize'  ><div class='container av-section-cont-open' ><div class='template-page content  av-content-full alpha units'><div class='post-entry post-entry-type-page post-entry-43224'><div class='entry-content-wrapper clearfix'>\n\n<style type=\"text\/css\" data-created_by=\"avia_inline_auto\" id=\"style-css-av-2l39n88-e0825c3453815d6cd3bf899466e89e68\">\n#top .av-special-heading.av-2l39n88-e0825c3453815d6cd3bf899466e89e68{\npadding-bottom:10px;\n}\nbody .av-special-heading.av-2l39n88-e0825c3453815d6cd3bf899466e89e68 .av-special-heading-tag .heading-char{\nfont-size:25px;\n}\n.av-special-heading.av-2l39n88-e0825c3453815d6cd3bf899466e89e68 .av-subheading{\nfont-size:15px;\n}\n<\/style>\n<div  class='av-special-heading av-2l39n88-e0825c3453815d6cd3bf899466e89e68 av-special-heading-h2 blockquote modern-quote  avia-builder-el-6  el_after_av_section  el_before_av_postcontent  avia-builder-el-no-sibling '><h2 class='av-special-heading-tag'  itemprop=\"headline\"  >Professional partners<\/h2><div class=\"special-heading-border\"><div class=\"special-heading-inner-border\"><\/div><\/div><\/div>\n[av_partner heading='' type='grid' navigation='arrows' size='no scaling' img_size_behave='' border='' columns='5' heading_tag='' heading_class='' animation='slide' autoplay='false' interval='5' lazy_loading='disabled' el_id='' custom_class='' template_class='' av_uid='av-o9agqh9' sc_version='1.0']\r\n[av_partner_logo id='47546' hover='' link='' linktitle='' link_target='' av_uid='av-nuaa5bh' sc_version='1.0']\r\n[av_partner_logo id='47554' hover='' link='' linktitle='' link_target='' av_uid='av-n5f4xal' sc_version='1.0']\r\n[av_partner_logo id='47558' hover='' link='' linktitle='' link_target='' av_uid='av-ms26ytp' sc_version='1.0']\r\n[av_partner_logo id='47550' hover='' link='' linktitle='' link_target='' av_uid='av-met6gy5' sc_version='1.0']\r\n[av_partner_logo id='47552' hover='' link='' linktitle='' link_target='' av_uid='av-lxy2re5' sc_version='1.0']\r\n[av_partner_logo id='47637' av_uid='av-lfmzwq5' hover='' link='' linktitle='' link_target='' sc_version='1.0']\r\n[av_partner_logo id='47691' hover='' link='' linktitle='' link_target='' av_uid='av-kywu3hp' sc_version='1.0']\r\n[av_partner_logo id='47560' hover='' link='' linktitle='' link_target='' av_uid='av-kis6171' sc_version='1.0']\r\n[av_partner_logo id='47639' av_uid='av-jzc4k3x' hover='' link='' linktitle='' link_target='' sc_version='1.0']\r\n[av_partner_logo id='47556' hover='' link='' linktitle='' link_target='' av_uid='av-jjf99u5' sc_version='1.0']\r\n[av_partner_logo id='47562' hover='' link='' linktitle='' link_target='' av_uid='av-iwxdbn1' sc_version='1.0']\r\n[av_partner_logo id='47564' hover='' link='' linktitle='' link_target='' av_uid='av-ik5590t' sc_version='1.0']\r\n[av_partner_logo id='47643' av_uid='av-id31g19' hover='' link='' linktitle='' link_target='' sc_version='1.0']\r\n[av_partner_logo id='47566' hover='' link='' linktitle='' link_target='' av_uid='av-hwlif2l' sc_version='1.0']\r\n[av_partner_logo id='47570' hover='' link='' linktitle='' link_target='' av_uid='av-hf7pp4d' sc_version='1.0']\r\n[av_partner_logo id='47574' hover='' link='' linktitle='' link_target='' av_uid='av-gvqjhzh' sc_version='1.0']\r\n[av_partner_logo id='47572' hover='' link='' linktitle='' link_target='' av_uid='av-gh62r71' sc_version='1.0']\r\n[av_partner_logo id='47568' hover='' link='' linktitle='' link_target='' av_uid='av-fo0lz65' sc_version='1.0']\r\n[av_partner_logo id='47578' hover='' link='' linktitle='' link_target='' av_uid='av-fdcpob1' sc_version='1.0']\r\n[av_partner_logo id='47580' hover='' link='' linktitle='' link_target='' av_uid='av-f1fquy5' sc_version='1.0']\r\n[av_partner_logo id='47582' hover='' link='' linktitle='' link_target='' av_uid='av-efjcnot' sc_version='1.0']\r\n[av_partner_logo id='47584' hover='' link='' linktitle='' link_target='' av_uid='av-e0i5mst' sc_version='1.0']\r\n[av_partner_logo id='47586' hover='' link='' linktitle='' link_target='' av_uid='av-dkuxkj1' sc_version='1.0']\r\n[av_partner_logo id='47588' hover='' link='' linktitle='' link_target='' av_uid='av-4r75xp' sc_version='1.0']\r\n[av_partner_logo id='47590' hover='' link='' linktitle='' link_target='' av_uid='av-cjmzegd' sc_version='1.0']\r\n[av_partner_logo id='47645' av_uid='av-c1evpt9' hover='' link='' linktitle='' link_target='' sc_version='1.0']\r\n[av_partner_logo id='47596' hover='' link='' linktitle='' link_target='' av_uid='av-brn0jal' sc_version='1.0']\r\n[av_partner_logo id='47641' av_uid='av-b59w1xp' hover='' link='' linktitle='' link_target='' sc_version='1.0']\r\n[av_partner_logo id='47592' hover='' link='' linktitle='' link_target='' av_uid='av-ar6vb65' sc_version='1.0']\r\n[av_partner_logo id='47576' hover='' link='' linktitle='' link_target='' av_uid='av-a5vyuul' sc_version='1.0']\r\n[av_partner_logo id='47594' hover='' link='' linktitle='' link_target='' av_uid='av-9uhc6x9' sc_version='1.0']\r\n[av_partner_logo id='47649' av_uid='av-ygq91p' hover='' link='' linktitle='' link_target='' sc_version='1.0']\r\n[av_partner_logo id='47548' hover='' link='' linktitle='' link_target='' av_uid='av-wosaod' sc_version='1.0']\r\n[av_partner_logo id='47598' hover='' link='' linktitle='' link_target='' av_uid='av-8myul65' sc_version='1.0']\r\n[av_partner_logo id='47600' hover='' link='' linktitle='' link_target='' av_uid='av-83lsa3x' sc_version='1.0']\r\n[av_partner_logo id='47602' hover='' link='' linktitle='' link_target='' av_uid='av-7qfziwd' sc_version='1.0']\r\n[av_partner_logo id='47647' av_uid='av-707q1gt' hover='' link='' linktitle='' link_target='' sc_version='1.0']\r\n[av_partner_logo id='47604' hover='' link='' linktitle='' link_target='' av_uid='av-6ugnh9p' sc_version='1.0']\r\n[av_partner_logo id='47606' hover='' link='' linktitle='' link_target='' av_uid='av-lxsjgt' sc_version='1.0']\r\n[av_partner_logo id='47608' hover='' link='' linktitle='' link_target='' av_uid='av-5tqqqtp' sc_version='1.0']\r\n[av_partner_logo id='47651' av_uid='av-53q5r3h' hover='' link='' linktitle='' link_target='' sc_version='1.0']\r\n[av_partner_logo id='47610' hover='' link='' linktitle='' link_target='' av_uid='av-4zx1mh9' sc_version='1.0']\r\n[av_partner_logo id='47612' hover='' link='' linktitle='' link_target='' av_uid='av-4gwnulp' sc_version='1.0']\r\n[av_partner_logo id='47614' hover='' link='' linktitle='' link_target='' av_uid='av-3wcdh0t' sc_version='1.0']\r\n[av_partner_logo id='47616' hover='' link='' linktitle='' link_target='' av_uid='av-ceqkp9' sc_version='1.0']\r\n[av_partner_logo id='47618' hover='' link='' linktitle='' link_target='' av_uid='av-2vsyd2l' sc_version='1.0']\r\n[av_partner_logo id='47653' av_uid='av-2d9pvf1' hover='' link='' linktitle='' link_target='' sc_version='1.0']\r\n[av_partner_logo id='47620' hover='' link='' linktitle='' link_target='' av_uid='av-1wmty0d' sc_version='1.0']\r\n[av_partner_logo id='47622' hover='' link='' linktitle='' link_target='' av_uid='av-1ph192l' sc_version='1.0']\r\n[av_partner_logo id='47624' hover='' link='' linktitle='' link_target='' av_uid='av-149iywd' sc_version='1.0']\r\n[av_partner_logo id='47626' hover='' link='' linktitle='' link_target='' av_uid='av-lhu4gd' sc_version='1.0']\r\n[\/av_partner]\r\n\r\n\n\n<style type=\"text\/css\" data-created_by=\"avia_inline_auto\" id=\"style-css-av-194mfqw-7fda901c015371f81693fd3ea73b8d0e\">\n#top .av-special-heading.av-194mfqw-7fda901c015371f81693fd3ea73b8d0e{\npadding-bottom:10px;\n}\nbody .av-special-heading.av-194mfqw-7fda901c015371f81693fd3ea73b8d0e .av-special-heading-tag .heading-char{\nfont-size:25px;\n}\n.av-special-heading.av-194mfqw-7fda901c015371f81693fd3ea73b8d0e .av-subheading{\nfont-size:15px;\n}\n<\/style>\n<div  class='av-special-heading av-194mfqw-7fda901c015371f81693fd3ea73b8d0e av-special-heading-h2 blockquote modern-quote  avia-builder-el-8  el_after_av_postcontent  el_before_av_postcontent  avia-builder-el-no-sibling '><h2 class='av-special-heading-tag'  itemprop=\"headline\"  >Media partners<\/h2><div class=\"special-heading-border\"><div class=\"special-heading-inner-border\"><\/div><\/div><\/div>\n[av_partner heading='' type='grid' navigation='arrows' size='no scaling' img_size_behave='' border='' columns='3' heading_tag='' heading_class='' animation='slide' autoplay='false' interval='5' lazy_loading='disabled' el_id='' custom_class='' template_class='' av_uid='av-66mjf2o' sc_version='1.0']\r\n[av_partner_logo id='47659' av_uid='av-lbpcxc' hover='' link='' linktitle='' link_target='' sc_version='1.0']\r\n[av_partner_logo id='47663' av_uid='av-5a4bxkg' hover='' link='' linktitle='' link_target='' sc_version='1.0']\r\n[av_partner_logo id='47665' av_uid='av-50zkdbk' hover='' link='' linktitle='' link_target='' sc_version='1.0']\r\n[av_partner_logo id='47667' av_uid='av-4i2vhe8' hover='' link='' linktitle='' link_target='' sc_version='1.0']\r\n[av_partner_logo id='47669' av_uid='av-es6a0g' hover='' link='' linktitle='' link_target='' sc_version='1.0']\r\n[av_partner_logo id='47671' av_uid='av-c8yo4w' hover='' link='' linktitle='' link_target='' sc_version='1.0']\r\n[av_partner_logo id='47673' av_uid='av-31puz00' hover='' link='' linktitle='' link_target='' sc_version='1.0']\r\n[av_partner_logo id='47675' av_uid='av-2d0wno0' hover='' link='' linktitle='' link_target='' sc_version='1.0']\r\n[av_partner_logo id='47677' av_uid='av-1xutvm8' hover='' link='' linktitle='' link_target='' sc_version='1.0']\r\n[av_partner_logo id='47679' av_uid='av-1szyv8w' hover='' link='' linktitle='' link_target='' sc_version='1.0']\r\n[av_partner_logo id='47681' av_uid='av-16ismz4' hover='' link='' linktitle='' link_target='' sc_version='1.0']\r\n[av_partner_logo id='47683' av_uid='av-rxm69c' hover='' link='' linktitle='' link_target='' sc_version='1.0']\r\n[\/av_partner]\r\n\r\n\n","protected":false},"excerpt":{"rendered":"","protected":false},"author":1,"featured_media":0,"parent":43215,"menu_order":0,"comment_status":"closed","ping_status":"closed","template":"","meta":{"footnotes":""},"class_list":["post-43224","page","type-page","status-publish","hentry"],"yoast_head":"<!-- This site is optimized with the Yoast SEO plugin v27.3 - https:\/\/yoast.com\/product\/yoast-seo-wordpress\/ -->\n<title>Partners - BCSDH<\/title>\n<meta name=\"robots\" content=\"index, follow, max-snippet:-1, max-image-preview:large, max-video-preview:-1\" \/>\n<link rel=\"canonical\" href=\"https:\/\/bcsdh.hu\/en\/about-us\/partners\/\" \/>\n<meta property=\"og:locale\" content=\"en_US\" \/>\n<meta property=\"og:type\" content=\"article\" \/>\n<meta property=\"og:title\" content=\"Partners - BCSDH\" \/>\n<meta property=\"og:url\" content=\"https:\/\/bcsdh.hu\/en\/about-us\/partners\/\" \/>\n<meta property=\"og:site_name\" content=\"BCSDH\" \/>\n<meta property=\"article:modified_time\" content=\"2023-02-13T10:42:51+00:00\" \/>\n<meta name=\"twitter:card\" content=\"summary_large_image\" \/>\n<meta name=\"twitter:label1\" content=\"Est. reading time\" \/>\n\t<meta name=\"twitter:data1\" content=\"4 minutes\" \/>\n<script type=\"application\/ld+json\" class=\"yoast-schema-graph\">{\"@context\":\"https:\\\/\\\/schema.org\",\"@graph\":[{\"@type\":\"WebPage\",\"@id\":\"https:\\\/\\\/bcsdh.hu\\\/en\\\/about-us\\\/partners\\\/\",\"url\":\"https:\\\/\\\/bcsdh.hu\\\/en\\\/about-us\\\/partners\\\/\",\"name\":\"Partners - BCSDH\",\"isPartOf\":{\"@id\":\"https:\\\/\\\/bcsdh.hu\\\/#website\"},\"datePublished\":\"2022-09-14T10:28:39+00:00\",\"dateModified\":\"2023-02-13T10:42:51+00:00\",\"breadcrumb\":{\"@id\":\"https:\\\/\\\/bcsdh.hu\\\/en\\\/about-us\\\/partners\\\/#breadcrumb\"},\"inLanguage\":\"en-US\",\"potentialAction\":[{\"@type\":\"ReadAction\",\"target\":[\"https:\\\/\\\/bcsdh.hu\\\/en\\\/about-us\\\/partners\\\/\"]}]},{\"@type\":\"BreadcrumbList\",\"@id\":\"https:\\\/\\\/bcsdh.hu\\\/en\\\/about-us\\\/partners\\\/#breadcrumb\",\"itemListElement\":[{\"@type\":\"ListItem\",\"position\":1,\"name\":\"Kezd\u0151lap\",\"item\":\"https:\\\/\\\/bcsdh.hu\\\/en\\\/bcsdh-the-business-council-for-sustainable-development-in-hungary\\\/\"},{\"@type\":\"ListItem\",\"position\":2,\"name\":\"About us\",\"item\":\"https:\\\/\\\/bcsdh.hu\\\/en\\\/about-us\\\/\"},{\"@type\":\"ListItem\",\"position\":3,\"name\":\"Partners\"}]},{\"@type\":\"WebSite\",\"@id\":\"https:\\\/\\\/bcsdh.hu\\\/#website\",\"url\":\"https:\\\/\\\/bcsdh.hu\\\/\",\"name\":\"BCSDH\",\"description\":\"Magyarorsz\u00e1gi \u00dczleti Tan\u00e1cs a Fenntarthat\u00f3 Fejl\u0151d\u00e9s\u00e9rt (BCSDH) az \u00dczleti Vil\u00e1gtan\u00e1cs a Fenntarthat\u00f3 Fejl\u0151d\u00e9s\u00e9rt hazai szervezete.\",\"potentialAction\":[{\"@type\":\"SearchAction\",\"target\":{\"@type\":\"EntryPoint\",\"urlTemplate\":\"https:\\\/\\\/bcsdh.hu\\\/?s={search_term_string}\"},\"query-input\":{\"@type\":\"PropertyValueSpecification\",\"valueRequired\":true,\"valueName\":\"search_term_string\"}}],\"inLanguage\":\"en-US\"}]}<\/script>\n<!-- \/ Yoast SEO plugin. -->","yoast_head_json":{"title":"Partners - BCSDH","robots":{"index":"index","follow":"follow","max-snippet":"max-snippet:-1","max-image-preview":"max-image-preview:large","max-video-preview":"max-video-preview:-1"},"canonical":"https:\/\/bcsdh.hu\/en\/about-us\/partners\/","og_locale":"en_US","og_type":"article","og_title":"Partners - BCSDH","og_url":"https:\/\/bcsdh.hu\/en\/about-us\/partners\/","og_site_name":"BCSDH","article_modified_time":"2023-02-13T10:42:51+00:00","twitter_card":"summary_large_image","twitter_misc":{"Est. reading time":"4 minutes"},"schema":{"@context":"https:\/\/schema.org","@graph":[{"@type":"WebPage","@id":"https:\/\/bcsdh.hu\/en\/about-us\/partners\/","url":"https:\/\/bcsdh.hu\/en\/about-us\/partners\/","name":"Partners - BCSDH","isPartOf":{"@id":"https:\/\/bcsdh.hu\/#website"},"datePublished":"2022-09-14T10:28:39+00:00","dateModified":"2023-02-13T10:42:51+00:00","breadcrumb":{"@id":"https:\/\/bcsdh.hu\/en\/about-us\/partners\/#breadcrumb"},"inLanguage":"en-US","potentialAction":[{"@type":"ReadAction","target":["https:\/\/bcsdh.hu\/en\/about-us\/partners\/"]}]},{"@type":"BreadcrumbList","@id":"https:\/\/bcsdh.hu\/en\/about-us\/partners\/#breadcrumb","itemListElement":[{"@type":"ListItem","position":1,"name":"Kezd\u0151lap","item":"https:\/\/bcsdh.hu\/en\/bcsdh-the-business-council-for-sustainable-development-in-hungary\/"},{"@type":"ListItem","position":2,"name":"About us","item":"https:\/\/bcsdh.hu\/en\/about-us\/"},{"@type":"ListItem","position":3,"name":"Partners"}]},{"@type":"WebSite","@id":"https:\/\/bcsdh.hu\/#website","url":"https:\/\/bcsdh.hu\/","name":"BCSDH","description":"Magyarorsz\u00e1gi \u00dczleti Tan\u00e1cs a Fenntarthat\u00f3 Fejl\u0151d\u00e9s\u00e9rt (BCSDH) az \u00dczleti Vil\u00e1gtan\u00e1cs a Fenntarthat\u00f3 Fejl\u0151d\u00e9s\u00e9rt hazai szervezete.","potentialAction":[{"@type":"SearchAction","target":{"@type":"EntryPoint","urlTemplate":"https:\/\/bcsdh.hu\/?s={search_term_string}"},"query-input":{"@type":"PropertyValueSpecification","valueRequired":true,"valueName":"search_term_string"}}],"inLanguage":"en-US"}]}},"_links":{"self":[{"href":"https:\/\/bcsdh.hu\/en\/wp-json\/wp\/v2\/pages\/43224","targetHints":{"allow":["GET"]}}],"collection":[{"href":"https:\/\/bcsdh.hu\/en\/wp-json\/wp\/v2\/pages"}],"about":[{"href":"https:\/\/bcsdh.hu\/en\/wp-json\/wp\/v2\/types\/page"}],"author":[{"embeddable":true,"href":"https:\/\/bcsdh.hu\/en\/wp-json\/wp\/v2\/users\/1"}],"replies":[{"embeddable":true,"href":"https:\/\/bcsdh.hu\/en\/wp-json\/wp\/v2\/comments?post=43224"}],"version-history":[{"count":10,"href":"https:\/\/bcsdh.hu\/en\/wp-json\/wp\/v2\/pages\/43224\/revisions"}],"predecessor-version":[{"id":48666,"href":"https:\/\/bcsdh.hu\/en\/wp-json\/wp\/v2\/pages\/43224\/revisions\/48666"}],"up":[{"embeddable":true,"href":"https:\/\/bcsdh.hu\/en\/wp-json\/wp\/v2\/pages\/43215"}],"wp:attachment":[{"href":"https:\/\/bcsdh.hu\/en\/wp-json\/wp\/v2\/media?parent=43224"}],"curies":[{"name":"wp","href":"https:\/\/api.w.org\/{rel}","templated":true}]}}