{"id":45980,"date":"2022-11-14T17:10:41","date_gmt":"2022-11-14T16:10:41","guid":{"rendered":"https:\/\/bcsdh.hu\/?page_id=45980"},"modified":"2023-06-21T19:11:46","modified_gmt":"2023-06-21T17:11:46","slug":"the-winners-in-2020","status":"publish","type":"page","link":"https:\/\/bcsdh.hu\/en\/for-a-sustainable-future-award\/the-winners-in-2020\/","title":{"rendered":"The winners in 2020"},"content":{"rendered":"\n<style type=\"text\/css\" data-created_by=\"avia_inline_auto\" id=\"style-css-av-la4alng7-9cdf6ddf6eee28d0b3291a51b34022ed\">\n#top .av-special-heading.av-la4alng7-9cdf6ddf6eee28d0b3291a51b34022ed{\npadding-bottom:0;\nfont-size:33px;\n}\nbody .av-special-heading.av-la4alng7-9cdf6ddf6eee28d0b3291a51b34022ed .av-special-heading-tag .heading-char{\nfont-size:25px;\n}\n#top #wrap_all .av-special-heading.av-la4alng7-9cdf6ddf6eee28d0b3291a51b34022ed .av-special-heading-tag{\nfont-size:33px;\n}\n.av-special-heading.av-la4alng7-9cdf6ddf6eee28d0b3291a51b34022ed .av-subheading{\nfont-size:27px;\n}\n\n@media only screen and (min-width: 480px) and (max-width: 767px){ \n#top #wrap_all .av-special-heading.av-la4alng7-9cdf6ddf6eee28d0b3291a51b34022ed .av-special-heading-tag{\nfont-size:0.8em;\n}\n}\n\n@media only screen and (max-width: 479px){ \n#top #wrap_all .av-special-heading.av-la4alng7-9cdf6ddf6eee28d0b3291a51b34022ed .av-special-heading-tag{\nfont-size:0.8em;\n}\n}\n<\/style>\n<div  class='av-special-heading av-la4alng7-9cdf6ddf6eee28d0b3291a51b34022ed av-special-heading-h2 blockquote modern-quote  avia-builder-el-0  el_before_av_section  avia-builder-el-no-sibling  av-inherit-size'><h2 class='av-special-heading-tag'  itemprop=\"headline\"  >The Winners in 2020<\/h2><div class='av-subheading av-subheading_below'><p>The winners of the \u201cFor a Sustainable Future\u201d Award in 2020:<\/p>\n<\/div><div class=\"special-heading-border\"><div class=\"special-heading-inner-border\"><\/div><\/div><\/div>\n<\/div><\/div><\/div><!-- close content main div --><\/div><\/div><div id='av_section_1'  class='avia-section av-7nsjol8-ea62d4fb7a02b888738ad2009114a027 main_color avia-section-no-padding avia-no-border-styling  avia-builder-el-1  el_after_av_heading  el_before_av_section  avia-bg-style-scroll container_wrap fullsize'  ><div class='container av-section-cont-open' ><div class='template-page content  av-content-full alpha units'><div class='post-entry post-entry-type-page post-entry-45980'><div class='entry-content-wrapper clearfix'>\n\n<style type=\"text\/css\" data-created_by=\"avia_inline_auto\" id=\"style-css-av-6zto5jw-fb297ea8af258010d3bb5201fcd0132a\">\n#top .av-special-heading.av-6zto5jw-fb297ea8af258010d3bb5201fcd0132a{\npadding-bottom:10px;\nfont-size:27px;\n}\nbody .av-special-heading.av-6zto5jw-fb297ea8af258010d3bb5201fcd0132a .av-special-heading-tag .heading-char{\nfont-size:25px;\n}\n#top #wrap_all .av-special-heading.av-6zto5jw-fb297ea8af258010d3bb5201fcd0132a .av-special-heading-tag{\nfont-size:27px;\n}\n.av-special-heading.av-6zto5jw-fb297ea8af258010d3bb5201fcd0132a .av-subheading{\nfont-size:15px;\n}\n\n@media only screen and (min-width: 768px) and (max-width: 989px){ \n#top #wrap_all .av-special-heading.av-6zto5jw-fb297ea8af258010d3bb5201fcd0132a .av-special-heading-tag{\nfont-size:27px;\n}\n}\n\n@media only screen and (min-width: 480px) and (max-width: 767px){ \n#top #wrap_all .av-special-heading.av-6zto5jw-fb297ea8af258010d3bb5201fcd0132a .av-special-heading-tag{\nfont-size:25px;\n}\n}\n\n@media only screen and (max-width: 479px){ \n#top #wrap_all .av-special-heading.av-6zto5jw-fb297ea8af258010d3bb5201fcd0132a .av-special-heading-tag{\nfont-size:25px;\n}\n}\n<\/style>\n<div  class='av-special-heading av-6zto5jw-fb297ea8af258010d3bb5201fcd0132a av-special-heading-h4 custom-color-heading blockquote modern-quote  avia-builder-el-2  el_before_av_one_fifth  avia-builder-el-first  av-inherit-size'><h4 class='av-special-heading-tag'  itemprop=\"headline\"  >Change leader award:<\/h4><div class=\"special-heading-border\"><div class=\"special-heading-inner-border\"><\/div><\/div><\/div>\n<div  class='flex_column av-6jmds70-71c867c6edc14d498e5bff7ec01df7ab av_one_fifth  avia-builder-el-3  el_after_av_heading  el_before_av_four_fifth  first flex_column_div  '     ><p>\n<style type=\"text\/css\" data-created_by=\"avia_inline_auto\" id=\"style-css-av-m5tu3g-a8ff052f19ab974274668da6a50d58bc\">\n#top .hr.hr-invisible.av-m5tu3g-a8ff052f19ab974274668da6a50d58bc{\nheight:25px;\n}\n<\/style>\n<div  class='hr av-m5tu3g-a8ff052f19ab974274668da6a50d58bc hr-invisible  avia-builder-el-4  el_before_av_image  avia-builder-el-first  av-small-hide av-mini-hide'><span class='hr-inner '><span class=\"hr-inner-style\"><\/span><\/span><\/div><br \/>\n\n<style type=\"text\/css\" data-created_by=\"avia_inline_auto\" id=\"style-css-av-la4ca3y0-fc7e3ce48103f049d6e0eafecbde2574\">\n.avia-image-container.av-la4ca3y0-fc7e3ce48103f049d6e0eafecbde2574 img.avia_image{\nbox-shadow:none;\n}\n.avia-image-container.av-la4ca3y0-fc7e3ce48103f049d6e0eafecbde2574 .av-image-caption-overlay-center{\ncolor:#ffffff;\n}\n<\/style>\n<div  class='avia-image-container av-la4ca3y0-fc7e3ce48103f049d6e0eafecbde2574 av-styling-circle avia-align-left  avia-builder-el-5  el_after_av_hr  avia-builder-el-last '   itemprop=\"image\" itemscope=\"itemscope\" itemtype=\"https:\/\/schema.org\/ImageObject\" ><div class=\"avia-image-container-inner\"><div class=\"avia-image-overlay-wrap\"><img decoding=\"async\" fetchpriority=\"high\" class='wp-image-46684 avia-img-lazy-loading-not-46684 avia_image ' src=\"https:\/\/bcsdh.hu\/wp-content\/uploads\/2022\/11\/Kovacs-Agnes-scaled-e1667677727476-170x170.jpg\" alt='' title='Kovacs-Agnes-scaled-e1667677727476'  height=\"170\" width=\"170\"  itemprop=\"thumbnailUrl\" srcset=\"https:\/\/bcsdh.hu\/wp-content\/uploads\/2022\/11\/Kovacs-Agnes-scaled-e1667677727476-170x170.jpg 170w, https:\/\/bcsdh.hu\/wp-content\/uploads\/2022\/11\/Kovacs-Agnes-scaled-e1667677727476-1030x1030.jpg 1030w, https:\/\/bcsdh.hu\/wp-content\/uploads\/2022\/11\/Kovacs-Agnes-scaled-e1667677727476-80x80.jpg 80w, https:\/\/bcsdh.hu\/wp-content\/uploads\/2022\/11\/Kovacs-Agnes-scaled-e1667677727476-768x768.jpg 768w, https:\/\/bcsdh.hu\/wp-content\/uploads\/2022\/11\/Kovacs-Agnes-scaled-e1667677727476-36x36.jpg 36w, https:\/\/bcsdh.hu\/wp-content\/uploads\/2022\/11\/Kovacs-Agnes-scaled-e1667677727476-180x180.jpg 180w, https:\/\/bcsdh.hu\/wp-content\/uploads\/2022\/11\/Kovacs-Agnes-scaled-e1667677727476-705x705.jpg 705w, https:\/\/bcsdh.hu\/wp-content\/uploads\/2022\/11\/Kovacs-Agnes-scaled-e1667677727476.jpg 1465w\" sizes=\"(max-width: 170px) 100vw, 170px\" \/><\/div><\/div><\/div><\/p><\/div><div  class='flex_column av-5py3pgc-1f21fc4770b147bf70ec9ca7dba212e9 av_four_fifth  avia-builder-el-6  el_after_av_one_fifth  avia-builder-el-last  flex_column_div  '     ><section  class='av_textblock_section av-la4ant60-53efea51e5e0b8bbf4a6a7b44b3a25c8 '   itemscope=\"itemscope\" itemtype=\"https:\/\/schema.org\/CreativeWork\" ><div class='avia_textblock'  itemprop=\"text\" ><p><strong>\u00c1gnes Kov\u00e1cs<br \/>\n<\/strong>managing director<br \/>\nSi\u00f3-Eckes Kft.<\/p>\n<p>\u00c1gnes Kov\u00e1cs is an exemplary individual, both in human and professional terms, who strengthens her company with innovative, forward-looking solutions. Her outstanding activities have been demonstrated both in terms of business results and the management of people. Her focus is on promoting sustainability, which cannot slow down even during a pandemic. In recent times, the health of workers and the retention of their jobs has been a priority for her.<\/p>\n<\/div><\/section><\/div><\/div><\/div><\/div><!-- close content main div --><\/div><\/div><div id='av_section_2'  class='avia-section av-5eo481o-c92c76534427bd10a9216e95949d8b6e main_color avia-section-no-padding avia-no-border-styling  avia-builder-el-8  el_after_av_section  el_before_av_textblock  avia-bg-style-scroll container_wrap fullsize'  ><div class='container av-section-cont-open' ><div class='template-page content  av-content-full alpha units'><div class='post-entry post-entry-type-page post-entry-45980'><div class='entry-content-wrapper clearfix'>\n\n<style type=\"text\/css\" data-created_by=\"avia_inline_auto\" id=\"style-css-av-la4cd8v9-724ef991b021fc8fea1434ffa91e387c\">\n#top .av-special-heading.av-la4cd8v9-724ef991b021fc8fea1434ffa91e387c{\npadding-bottom:10px;\nfont-size:27px;\n}\nbody .av-special-heading.av-la4cd8v9-724ef991b021fc8fea1434ffa91e387c .av-special-heading-tag .heading-char{\nfont-size:25px;\n}\n#top #wrap_all .av-special-heading.av-la4cd8v9-724ef991b021fc8fea1434ffa91e387c .av-special-heading-tag{\nfont-size:27px;\n}\n.av-special-heading.av-la4cd8v9-724ef991b021fc8fea1434ffa91e387c .av-subheading{\nfont-size:15px;\n}\n\n@media only screen and (min-width: 768px) and (max-width: 989px){ \n#top #wrap_all .av-special-heading.av-la4cd8v9-724ef991b021fc8fea1434ffa91e387c .av-special-heading-tag{\nfont-size:27px;\n}\n}\n\n@media only screen and (min-width: 480px) and (max-width: 767px){ \n#top #wrap_all .av-special-heading.av-la4cd8v9-724ef991b021fc8fea1434ffa91e387c .av-special-heading-tag{\nfont-size:25px;\n}\n}\n\n@media only screen and (max-width: 479px){ \n#top #wrap_all .av-special-heading.av-la4cd8v9-724ef991b021fc8fea1434ffa91e387c .av-special-heading-tag{\nfont-size:25px;\n}\n}\n<\/style>\n<div  class='av-special-heading av-la4cd8v9-724ef991b021fc8fea1434ffa91e387c av-special-heading-h4 custom-color-heading blockquote modern-quote  avia-builder-el-9  el_before_av_one_fifth  avia-builder-el-first  av-inherit-size'><h4 class='av-special-heading-tag'  itemprop=\"headline\"  >Social responsibility award:<\/h4><div class=\"special-heading-border\"><div class=\"special-heading-inner-border\"><\/div><\/div><\/div>\n<div  class='flex_column av-1oa1wc-39e54d515da4af32900e1f7dbf1edac4 av_one_fifth  avia-builder-el-10  el_after_av_heading  el_before_av_four_fifth  first flex_column_div  '     ><p>\n<style type=\"text\/css\" data-created_by=\"avia_inline_auto\" id=\"style-css-av-4bi3c2k-c3968717c819ec55d6acb730d426d8ba\">\n#top .hr.hr-invisible.av-4bi3c2k-c3968717c819ec55d6acb730d426d8ba{\nheight:25px;\n}\n<\/style>\n<div  class='hr av-4bi3c2k-c3968717c819ec55d6acb730d426d8ba hr-invisible  avia-builder-el-11  el_before_av_image  avia-builder-el-first  av-small-hide av-mini-hide'><span class='hr-inner '><span class=\"hr-inner-style\"><\/span><\/span><\/div><br \/>\n\n<style type=\"text\/css\" data-created_by=\"avia_inline_auto\" id=\"style-css-av-la4chfvn-009445bd83a842db5e544f97522a6715\">\n.avia-image-container.av-la4chfvn-009445bd83a842db5e544f97522a6715 img.avia_image{\nbox-shadow:none;\n}\n.avia-image-container.av-la4chfvn-009445bd83a842db5e544f97522a6715 .av-image-caption-overlay-center{\ncolor:#ffffff;\n}\n<\/style>\n<div  class='avia-image-container av-la4chfvn-009445bd83a842db5e544f97522a6715 av-styling-no-styling avia-align-left  avia-builder-el-12  el_after_av_hr  avia-builder-el-last '   itemprop=\"image\" itemscope=\"itemscope\" itemtype=\"https:\/\/schema.org\/ImageObject\" ><div class=\"avia-image-container-inner\"><div class=\"avia-image-overlay-wrap\"><img decoding=\"async\" fetchpriority=\"high\" class='wp-image-38647 avia-img-lazy-loading-not-38647 avia_image ' src=\"https:\/\/bcsdh.hu\/wp-content\/uploads\/2022\/01\/coca-cola-hbc.png\" alt='' title='coca-cola hbc'  height=\"170\" width=\"450\"  itemprop=\"thumbnailUrl\"  \/><\/div><\/div><\/div><\/p><\/div><div  class='flex_column av-3twhu3g-640a08fa02e4f389ffefbffda7aa64f3 av_four_fifth  avia-builder-el-13  el_after_av_one_fifth  el_before_av_one_fifth  flex_column_div  '     ><section  class='av_textblock_section av-la4cdork-46224168e81d9141361699aeca660b4d '   itemscope=\"itemscope\" itemtype=\"https:\/\/schema.org\/CreativeWork\" ><div class='avia_textblock'  itemprop=\"text\" ><p>The\u00a0<strong>\u201c<\/strong><strong>Subsidies provided by Coca-Cola Hungary in the first phase of the COVID-19 pandemic<\/strong>\u201d program earned the award for its extremely quick response to the pandemic. During the program, significant financial and professional support was provided to the Red Cross. Business goals were subordinated to a nobler goal, while employees were also involved in volunteering tasks. In addition to helping inform society, the mobilization program also helped those in need. The award was received by\u00a0<strong>P\u00e9ter Kerekes, Managing Director of Coca-Cola Hungary<\/strong>, and\u00a0<strong>L\u00e1szl\u00f3 B\u00e9kefi, Managing Director of Coca-Cola HBC Magyarorsz\u00e1g Kft<\/strong>.<\/p>\n<\/div><\/section><\/div><div  class='flex_column av-3gffzjw-53b514c45311fdb297977eadca0ce5c2 av_one_fifth  avia-builder-el-15  el_after_av_four_fifth  el_before_av_four_fifth  first flex_column_div  '     ><p>\n<style type=\"text\/css\" data-created_by=\"avia_inline_auto\" id=\"style-css-av-34050rg-aad2de0194d83763e6c01de908d68536\">\n#top .hr.hr-invisible.av-34050rg-aad2de0194d83763e6c01de908d68536{\nheight:25px;\n}\n<\/style>\n<div  class='hr av-34050rg-aad2de0194d83763e6c01de908d68536 hr-invisible  avia-builder-el-16  el_before_av_image  avia-builder-el-first  av-small-hide av-mini-hide'><span class='hr-inner '><span class=\"hr-inner-style\"><\/span><\/span><\/div><br \/>\n\n<style type=\"text\/css\" data-created_by=\"avia_inline_auto\" id=\"style-css-av-la4cj4l1-1470bf20b9da416bc1ab3dfc43d91ff5\">\n.avia-image-container.av-la4cj4l1-1470bf20b9da416bc1ab3dfc43d91ff5 img.avia_image{\nbox-shadow:none;\n}\n.avia-image-container.av-la4cj4l1-1470bf20b9da416bc1ab3dfc43d91ff5 .av-image-caption-overlay-center{\ncolor:#ffffff;\n}\n<\/style>\n<div  class='avia-image-container av-la4cj4l1-1470bf20b9da416bc1ab3dfc43d91ff5 av-styling-no-styling avia-align-left  avia-builder-el-17  el_after_av_hr  avia-builder-el-last '   itemprop=\"image\" itemscope=\"itemscope\" itemtype=\"https:\/\/schema.org\/ImageObject\" ><div class=\"avia-image-container-inner\"><div class=\"avia-image-overlay-wrap\"><img decoding=\"async\" fetchpriority=\"high\" class='wp-image-30562 avia-img-lazy-loading-not-30562 avia_image ' src=\"https:\/\/bcsdh.hu\/wp-content\/uploads\/2022\/01\/generali_logo-e1487853344135.jpg\" alt='' title='generali_logo-e1487853344135'  height=\"122\" width=\"150\"  itemprop=\"thumbnailUrl\"  \/><\/div><\/div><\/div><\/p><\/div><div  class='flex_column av-2j19iv0-b6f07ea1aa5d53d604dbcdf0d97c2630 av_four_fifth  avia-builder-el-18  el_after_av_one_fifth  el_before_av_one_fifth  flex_column_div  '     ><section  class='av_textblock_section av-la4cin5r-6491744392d8e47daf5f6c9a57d78494 '   itemscope=\"itemscope\" itemtype=\"https:\/\/schema.org\/CreativeWork\" ><div class='avia_textblock'  itemprop=\"text\" ><p><strong>Generali\u2019s \u201cLife-long partnership during a pandemic\u201d\u00a0<\/strong>program really attracted the jury\u2019s attention. The program is a rapid and complex response that has enabled corporate operations to become COVID-resistant, while clearly demonstrating the company\u2019s commitment to internal and external partners. Generali offers a number of material and operational solutions that make life easier for both partners and customers. The award was received by\u00a0<strong>Mih\u00e1ly Erd\u0151s, CEO of Generali Biztos\u00edt\u00f3 Zrt.<\/strong><\/p>\n<\/div><\/section><\/div><div  class='flex_column av-7rbfcs-26e884ca386f0370d1b218cc8861dae9 av_one_fifth  avia-builder-el-20  el_after_av_four_fifth  el_before_av_four_fifth  first flex_column_div  '     ><p>\n<style type=\"text\/css\" data-created_by=\"avia_inline_auto\" id=\"style-css-av-1hfi3jw-c7672a9adfe9a3a95734c3d097e3e56e\">\n#top .hr.hr-invisible.av-1hfi3jw-c7672a9adfe9a3a95734c3d097e3e56e{\nheight:25px;\n}\n<\/style>\n<div  class='hr av-1hfi3jw-c7672a9adfe9a3a95734c3d097e3e56e hr-invisible  avia-builder-el-21  el_before_av_image  avia-builder-el-first  av-small-hide av-mini-hide'><span class='hr-inner '><span class=\"hr-inner-style\"><\/span><\/span><\/div><br \/>\n\n<style type=\"text\/css\" data-created_by=\"avia_inline_auto\" id=\"style-css-av-la4ckwzj-bc027375166da287d7766abfcc833890\">\n.avia-image-container.av-la4ckwzj-bc027375166da287d7766abfcc833890 img.avia_image{\nbox-shadow:none;\n}\n.avia-image-container.av-la4ckwzj-bc027375166da287d7766abfcc833890 .av-image-caption-overlay-center{\ncolor:#ffffff;\n}\n<\/style>\n<div  class='avia-image-container av-la4ckwzj-bc027375166da287d7766abfcc833890 av-styling-no-styling avia-align-left  avia-builder-el-22  el_after_av_hr  avia-builder-el-last '   itemprop=\"image\" itemscope=\"itemscope\" itemtype=\"https:\/\/schema.org\/ImageObject\" ><div class=\"avia-image-container-inner\"><div class=\"avia-image-overlay-wrap\"><img decoding=\"async\" fetchpriority=\"high\" class='wp-image-30293 avia-img-lazy-loading-not-30293 avia_image ' src=\"https:\/\/bcsdh.hu\/wp-content\/uploads\/2022\/01\/Grundfos_uj-400x253-300x190.jpg\" alt='' title='Grundfos_uj-400x253'  height=\"170\" width=\"268\"  itemprop=\"thumbnailUrl\" srcset=\"https:\/\/bcsdh.hu\/wp-content\/uploads\/2022\/01\/Grundfos_uj-400x253-300x190.jpg 300w, https:\/\/bcsdh.hu\/wp-content\/uploads\/2022\/01\/Grundfos_uj-400x253.jpg 400w\" sizes=\"(max-width: 268px) 100vw, 268px\" \/><\/div><\/div><\/div><\/p><\/div><div  class='flex_column av-z9b01o-6d332e6e3d64897ba5098a548477c34e av_four_fifth  avia-builder-el-23  el_after_av_one_fifth  avia-builder-el-last  flex_column_div  '     ><section  class='av_textblock_section av-la4ckace-1c8c250b947661147e47f59730236620 '   itemscope=\"itemscope\" itemtype=\"https:\/\/schema.org\/CreativeWork\" ><div class='avia_textblock'  itemprop=\"text\" ><p><strong>Grundfos\u2019 \u201cSafety and stability in the time of a pandemic\u201d<\/strong>\u00a0earned the Social Responsibility Award. The complexity of their approach is clearly reflected in the program, and it is evident that the spirit of partnership is of paramount importance, with a focus on stakeholders. The health of employees is a priority, and Grundfos has also provided financial support to local hospitals. The award was received by\u00a0<strong>Oliv\u00e9r Szundy, Managing Director<\/strong>\u00a0<strong>of Grundfos Magyarorsz\u00e1g Kft.<\/strong><\/p>\n<\/div><\/section><\/div><\/div><\/div><\/div><!-- close content main div --><\/div><\/div><div id='after_section_2'  class='main_color av_default_container_wrap container_wrap fullsize'  ><div class='container av-section-cont-open' ><div class='template-page content  av-content-full alpha units'><div class='post-entry post-entry-type-page post-entry-45980'><div class='entry-content-wrapper clearfix'><section  class='av_textblock_section av-id0fa4-ec5561d1667f181255e02c5577655e5c '   itemscope=\"itemscope\" itemtype=\"https:\/\/schema.org\/CreativeWork\" ><div class='avia_textblock'  itemprop=\"text\" ><p style=\"text-align: center;\">CONGRATULATIONS!<\/p>\n<\/div><\/section><\/p>\n","protected":false},"excerpt":{"rendered":"","protected":false},"author":1,"featured_media":0,"parent":45967,"menu_order":0,"comment_status":"closed","ping_status":"closed","template":"","meta":{"footnotes":""},"class_list":["post-45980","page","type-page","status-publish","hentry"],"yoast_head":"<!-- This site is optimized with the Yoast SEO plugin v27.4 - https:\/\/yoast.com\/product\/yoast-seo-wordpress\/ -->\n<title>The winners in 2020 - BCSDH<\/title>\n<meta name=\"robots\" content=\"index, follow, max-snippet:-1, max-image-preview:large, max-video-preview:-1\" \/>\n<link rel=\"canonical\" href=\"https:\/\/bcsdh.hu\/en\/for-a-sustainable-future-award\/the-winners-in-2020\/\" \/>\n<meta property=\"og:locale\" content=\"en_US\" \/>\n<meta property=\"og:type\" content=\"article\" \/>\n<meta property=\"og:title\" content=\"The winners in 2020 - BCSDH\" \/>\n<meta property=\"og:url\" content=\"https:\/\/bcsdh.hu\/en\/for-a-sustainable-future-award\/the-winners-in-2020\/\" \/>\n<meta property=\"og:site_name\" content=\"BCSDH\" \/>\n<meta property=\"article:modified_time\" content=\"2023-06-21T17:11:46+00:00\" \/>\n<meta name=\"twitter:card\" content=\"summary_large_image\" \/>\n<meta name=\"twitter:label1\" content=\"Est. reading time\" \/>\n\t<meta name=\"twitter:data1\" content=\"7 minutes\" \/>\n<script type=\"application\/ld+json\" class=\"yoast-schema-graph\">{\"@context\":\"https:\\\/\\\/schema.org\",\"@graph\":[{\"@type\":\"WebPage\",\"@id\":\"https:\\\/\\\/bcsdh.hu\\\/en\\\/for-a-sustainable-future-award\\\/the-winners-in-2020\\\/\",\"url\":\"https:\\\/\\\/bcsdh.hu\\\/en\\\/for-a-sustainable-future-award\\\/the-winners-in-2020\\\/\",\"name\":\"The winners in 2020 - BCSDH\",\"isPartOf\":{\"@id\":\"https:\\\/\\\/bcsdh.hu\\\/#website\"},\"datePublished\":\"2022-11-14T16:10:41+00:00\",\"dateModified\":\"2023-06-21T17:11:46+00:00\",\"breadcrumb\":{\"@id\":\"https:\\\/\\\/bcsdh.hu\\\/en\\\/for-a-sustainable-future-award\\\/the-winners-in-2020\\\/#breadcrumb\"},\"inLanguage\":\"en-US\",\"potentialAction\":[{\"@type\":\"ReadAction\",\"target\":[\"https:\\\/\\\/bcsdh.hu\\\/en\\\/for-a-sustainable-future-award\\\/the-winners-in-2020\\\/\"]}]},{\"@type\":\"BreadcrumbList\",\"@id\":\"https:\\\/\\\/bcsdh.hu\\\/en\\\/for-a-sustainable-future-award\\\/the-winners-in-2020\\\/#breadcrumb\",\"itemListElement\":[{\"@type\":\"ListItem\",\"position\":1,\"name\":\"Kezd\u0151lap\",\"item\":\"https:\\\/\\\/bcsdh.hu\\\/en\\\/bcsdh-the-business-council-for-sustainable-development-in-hungary\\\/\"},{\"@type\":\"ListItem\",\"position\":2,\"name\":\"For a Sustainable Future Award\",\"item\":\"https:\\\/\\\/bcsdh.hu\\\/en\\\/for-a-sustainable-future-award\\\/\"},{\"@type\":\"ListItem\",\"position\":3,\"name\":\"The winners in 2020\"}]},{\"@type\":\"WebSite\",\"@id\":\"https:\\\/\\\/bcsdh.hu\\\/#website\",\"url\":\"https:\\\/\\\/bcsdh.hu\\\/\",\"name\":\"BCSDH\",\"description\":\"Magyarorsz\u00e1gi \u00dczleti Tan\u00e1cs a Fenntarthat\u00f3 Fejl\u0151d\u00e9s\u00e9rt (BCSDH) az \u00dczleti Vil\u00e1gtan\u00e1cs a Fenntarthat\u00f3 Fejl\u0151d\u00e9s\u00e9rt hazai szervezete.\",\"potentialAction\":[{\"@type\":\"SearchAction\",\"target\":{\"@type\":\"EntryPoint\",\"urlTemplate\":\"https:\\\/\\\/bcsdh.hu\\\/?s={search_term_string}\"},\"query-input\":{\"@type\":\"PropertyValueSpecification\",\"valueRequired\":true,\"valueName\":\"search_term_string\"}}],\"inLanguage\":\"en-US\"}]}<\/script>\n<!-- \/ Yoast SEO plugin. -->","yoast_head_json":{"title":"The winners in 2020 - BCSDH","robots":{"index":"index","follow":"follow","max-snippet":"max-snippet:-1","max-image-preview":"max-image-preview:large","max-video-preview":"max-video-preview:-1"},"canonical":"https:\/\/bcsdh.hu\/en\/for-a-sustainable-future-award\/the-winners-in-2020\/","og_locale":"en_US","og_type":"article","og_title":"The winners in 2020 - BCSDH","og_url":"https:\/\/bcsdh.hu\/en\/for-a-sustainable-future-award\/the-winners-in-2020\/","og_site_name":"BCSDH","article_modified_time":"2023-06-21T17:11:46+00:00","twitter_card":"summary_large_image","twitter_misc":{"Est. reading time":"7 minutes"},"schema":{"@context":"https:\/\/schema.org","@graph":[{"@type":"WebPage","@id":"https:\/\/bcsdh.hu\/en\/for-a-sustainable-future-award\/the-winners-in-2020\/","url":"https:\/\/bcsdh.hu\/en\/for-a-sustainable-future-award\/the-winners-in-2020\/","name":"The winners in 2020 - BCSDH","isPartOf":{"@id":"https:\/\/bcsdh.hu\/#website"},"datePublished":"2022-11-14T16:10:41+00:00","dateModified":"2023-06-21T17:11:46+00:00","breadcrumb":{"@id":"https:\/\/bcsdh.hu\/en\/for-a-sustainable-future-award\/the-winners-in-2020\/#breadcrumb"},"inLanguage":"en-US","potentialAction":[{"@type":"ReadAction","target":["https:\/\/bcsdh.hu\/en\/for-a-sustainable-future-award\/the-winners-in-2020\/"]}]},{"@type":"BreadcrumbList","@id":"https:\/\/bcsdh.hu\/en\/for-a-sustainable-future-award\/the-winners-in-2020\/#breadcrumb","itemListElement":[{"@type":"ListItem","position":1,"name":"Kezd\u0151lap","item":"https:\/\/bcsdh.hu\/en\/bcsdh-the-business-council-for-sustainable-development-in-hungary\/"},{"@type":"ListItem","position":2,"name":"For a Sustainable Future Award","item":"https:\/\/bcsdh.hu\/en\/for-a-sustainable-future-award\/"},{"@type":"ListItem","position":3,"name":"The winners in 2020"}]},{"@type":"WebSite","@id":"https:\/\/bcsdh.hu\/#website","url":"https:\/\/bcsdh.hu\/","name":"BCSDH","description":"Magyarorsz\u00e1gi \u00dczleti Tan\u00e1cs a Fenntarthat\u00f3 Fejl\u0151d\u00e9s\u00e9rt (BCSDH) az \u00dczleti Vil\u00e1gtan\u00e1cs a Fenntarthat\u00f3 Fejl\u0151d\u00e9s\u00e9rt hazai szervezete.","potentialAction":[{"@type":"SearchAction","target":{"@type":"EntryPoint","urlTemplate":"https:\/\/bcsdh.hu\/?s={search_term_string}"},"query-input":{"@type":"PropertyValueSpecification","valueRequired":true,"valueName":"search_term_string"}}],"inLanguage":"en-US"}]}},"_links":{"self":[{"href":"https:\/\/bcsdh.hu\/en\/wp-json\/wp\/v2\/pages\/45980","targetHints":{"allow":["GET"]}}],"collection":[{"href":"https:\/\/bcsdh.hu\/en\/wp-json\/wp\/v2\/pages"}],"about":[{"href":"https:\/\/bcsdh.hu\/en\/wp-json\/wp\/v2\/types\/page"}],"author":[{"embeddable":true,"href":"https:\/\/bcsdh.hu\/en\/wp-json\/wp\/v2\/users\/1"}],"replies":[{"embeddable":true,"href":"https:\/\/bcsdh.hu\/en\/wp-json\/wp\/v2\/comments?post=45980"}],"version-history":[{"count":3,"href":"https:\/\/bcsdh.hu\/en\/wp-json\/wp\/v2\/pages\/45980\/revisions"}],"predecessor-version":[{"id":53285,"href":"https:\/\/bcsdh.hu\/en\/wp-json\/wp\/v2\/pages\/45980\/revisions\/53285"}],"up":[{"embeddable":true,"href":"https:\/\/bcsdh.hu\/en\/wp-json\/wp\/v2\/pages\/45967"}],"wp:attachment":[{"href":"https:\/\/bcsdh.hu\/en\/wp-json\/wp\/v2\/media?parent=45980"}],"curies":[{"name":"wp","href":"https:\/\/api.w.org\/{rel}","templated":true}]}}