{"id":45989,"date":"2022-11-14T17:13:13","date_gmt":"2022-11-14T16:13:13","guid":{"rendered":"https:\/\/bcsdh.hu\/?page_id=45989"},"modified":"2025-05-19T01:16:25","modified_gmt":"2025-05-18T23:16:25","slug":"business-solution-award","status":"publish","type":"page","link":"https:\/\/bcsdh.hu\/en\/for-a-sustainable-future-award\/business-solution-award\/","title":{"rendered":"Business Solution Award"},"content":{"rendered":"<div id='av_section_1'  class='avia-section av-syl2be-0eb0287e98c0f9f8d6d36b47f37e41dd main_color avia-section-default avia-no-border-styling  avia-builder-el-0  el_before_av_textblock  avia-builder-el-first  avia-bg-style-scroll container_wrap fullsize'  ><div class='container av-section-cont-open' ><main  role=\"main\" itemprop=\"mainContentOfPage\"  class='template-page content  av-content-full alpha units'><div class='post-entry post-entry-type-page post-entry-45989'><div class='entry-content-wrapper clearfix'>\n<div  class='flex_column av-145jb45-994eed1a64fc0914ed59653695ed419a av_three_fourth  avia-builder-el-1  el_before_av_one_fourth  avia-builder-el-first  first flex_column_div  '     ><style type=\"text\/css\" data-created_by=\"avia_inline_auto\" id=\"style-css-av-l53kszz1-3cf58232d297d6792897040be6265e8e\">\n#top .av-special-heading.av-l53kszz1-3cf58232d297d6792897040be6265e8e{\npadding-bottom:10px;\n}\nbody .av-special-heading.av-l53kszz1-3cf58232d297d6792897040be6265e8e .av-special-heading-tag .heading-char{\nfont-size:25px;\n}\n.av-special-heading.av-l53kszz1-3cf58232d297d6792897040be6265e8e .av-subheading{\nfont-size:29px;\n}\n<\/style>\n<div  class='av-special-heading av-l53kszz1-3cf58232d297d6792897040be6265e8e av-special-heading-h2 blockquote modern-quote  avia-builder-el-2  avia-builder-el-no-sibling '><h2 class='av-special-heading-tag'  itemprop=\"headline\"  >Business Solution Award<\/h2><div class=\"special-heading-border\"><div class=\"special-heading-inner-border\"><\/div><\/div><\/div><\/div><div  class='flex_column av-vvfkit-b357aafb2e8fb885a5f42f87f68551e6 av_one_fourth  avia-builder-el-3  el_after_av_three_fourth  el_before_av_textblock  flex_column_div  '     ><style type=\"text\/css\" data-created_by=\"avia_inline_auto\" id=\"style-css-av-la2jfh9k-1f63e39ac1027f076206afaf96f6c373\">\n.avia-image-container.av-la2jfh9k-1f63e39ac1027f076206afaf96f6c373 img.avia_image{\nbox-shadow:none;\n}\n.avia-image-container.av-la2jfh9k-1f63e39ac1027f076206afaf96f6c373 .av-image-caption-overlay-center{\ncolor:#ffffff;\n}\n<\/style>\n<div  class='avia-image-container av-la2jfh9k-1f63e39ac1027f076206afaf96f6c373 av-styling- avia-align-center  avia-builder-el-4  avia-builder-el-no-sibling '   itemprop=\"image\" itemscope=\"itemscope\" itemtype=\"https:\/\/schema.org\/ImageObject\" ><div class=\"avia-image-container-inner\"><div class=\"avia-image-overlay-wrap\"><img decoding=\"async\" fetchpriority=\"high\" class='wp-image-45630 avia-img-lazy-loading-not-45630 avia_image ' src=\"https:\/\/bcsdh.hu\/wp-content\/uploads\/2022\/11\/4-80x80.png\" alt='' title='4'  height=\"80\" width=\"80\"  itemprop=\"thumbnailUrl\" srcset=\"https:\/\/bcsdh.hu\/wp-content\/uploads\/2022\/11\/4-80x80.png 80w, https:\/\/bcsdh.hu\/wp-content\/uploads\/2022\/11\/4-170x170.png 170w, https:\/\/bcsdh.hu\/wp-content\/uploads\/2022\/11\/4-36x36.png 36w, https:\/\/bcsdh.hu\/wp-content\/uploads\/2022\/11\/4-180x180.png 180w, https:\/\/bcsdh.hu\/wp-content\/uploads\/2022\/11\/4.png 500w\" sizes=\"(max-width: 80px) 100vw, 80px\" \/><\/div><\/div><\/div><\/div><section  class='av_textblock_section av-l53ku71g-0c3d3abf57c0c7ac6c4af922e052f01e '   itemscope=\"itemscope\" itemtype=\"https:\/\/schema.org\/CreativeWork\" ><div class='avia_textblock'  itemprop=\"text\" ><p>The purpose of the Business Solution Award is to recognize and widely disseminate innovative activities, that contribute to the SDGs, or systemic transformations in one of the following areas:<\/p>\n<ul>\n<li>Circular economy<\/li>\n<li>Climate protection and adaptation<\/li>\n<li>Conservation and restoration of biodiversity<\/li>\n<li>Human Value<\/li>\n<\/ul>\n<p><strong>Deadlines:<\/strong><\/p>\n<ul>\n<li><strong>Application: 18 July at 23:59<\/strong><\/li>\n<li>Notification the finalists:<strong> first half of September<\/strong><\/li>\n<li>Announcement of the results and award-giving ceremony at BCSDH Business lunch on<strong> 7 October<\/strong><\/li>\n<\/ul>\n<p>In the case of the Business Solution, Business Model Change Award, <strong>the application is valid upon payment of the administration fee (60,000 HUF + VAT),<\/strong> which can be transferred based on the invoice sent after the submission of the application.<\/p>\n<p>If you wish to apply with multiple business solutions, each solution must be uploaded separately. We will send a confirmation to the provided email address upon successful submission of the application.<\/p>\n<p><strong><a href=\"https:\/\/bcsdh.hu\/wp-content\/uploads\/2025\/05\/Business-Solutions_INFO_25.docx\" target=\"_blank\" rel=\"noopener\">How and under what conditions can you apply?<\/a><\/strong><\/p>\n<p><strong><a href=\"https:\/\/bcsdh.hu\/wp-content\/uploads\/2025\/05\/FAQ_Business-Solutions_25.docx\" target=\"_blank\" rel=\"noopener\">Frequently asked questions and answers.<\/a><\/strong><\/p>\n<p><strong>The application form can be filled online, but it is possible to cancel the filling in, even to continue from another computer.<\/strong><\/p>\n<p><strong>Deadline for submission of final online applications: 18 July at 23:59<\/strong><\/p>\n<\/div><\/section>\n<\/div><\/div><\/main><!-- close content main element --><\/div><\/div><div id='after_section_1'  class='main_color av_default_container_wrap container_wrap fullsize'  ><div class='container av-section-cont-open' ><div class='template-page content  av-content-full alpha units'><div class='post-entry post-entry-type-page post-entry-45989'><div class='entry-content-wrapper clearfix'><section  class='av_textblock_section av-lwuiz05t-3d8cd2ea69b2ce0b874201983acd3b77 '   itemscope=\"itemscope\" itemtype=\"https:\/\/schema.org\/CreativeWork\" ><div class='avia_textblock'  itemprop=\"text\" >\n<\/div><\/section><\/p>\n","protected":false},"excerpt":{"rendered":"","protected":false},"author":1,"featured_media":0,"parent":45967,"menu_order":0,"comment_status":"closed","ping_status":"closed","template":"","meta":{"footnotes":""},"class_list":["post-45989","page","type-page","status-publish","hentry"],"yoast_head":"<!-- This site is optimized with the Yoast SEO plugin v27.3 - https:\/\/yoast.com\/product\/yoast-seo-wordpress\/ -->\n<title>Business Solution Award - BCSDH<\/title>\n<meta name=\"robots\" content=\"index, follow, max-snippet:-1, max-image-preview:large, max-video-preview:-1\" \/>\n<link rel=\"canonical\" href=\"https:\/\/bcsdh.hu\/en\/for-a-sustainable-future-award\/business-solution-award\/\" \/>\n<meta property=\"og:locale\" content=\"en_US\" \/>\n<meta property=\"og:type\" content=\"article\" \/>\n<meta property=\"og:title\" content=\"Business Solution Award - BCSDH\" \/>\n<meta property=\"og:url\" content=\"https:\/\/bcsdh.hu\/en\/for-a-sustainable-future-award\/business-solution-award\/\" \/>\n<meta property=\"og:site_name\" content=\"BCSDH\" \/>\n<meta property=\"article:modified_time\" content=\"2025-05-18T23:16:25+00:00\" \/>\n<meta name=\"twitter:card\" content=\"summary_large_image\" \/>\n<meta name=\"twitter:label1\" content=\"Est. reading time\" \/>\n\t<meta name=\"twitter:data1\" content=\"12 minutes\" \/>\n<script type=\"application\/ld+json\" class=\"yoast-schema-graph\">{\"@context\":\"https:\\\/\\\/schema.org\",\"@graph\":[{\"@type\":\"WebPage\",\"@id\":\"https:\\\/\\\/bcsdh.hu\\\/en\\\/for-a-sustainable-future-award\\\/business-solution-award\\\/\",\"url\":\"https:\\\/\\\/bcsdh.hu\\\/en\\\/for-a-sustainable-future-award\\\/business-solution-award\\\/\",\"name\":\"Business Solution Award - BCSDH\",\"isPartOf\":{\"@id\":\"https:\\\/\\\/bcsdh.hu\\\/#website\"},\"datePublished\":\"2022-11-14T16:13:13+00:00\",\"dateModified\":\"2025-05-18T23:16:25+00:00\",\"breadcrumb\":{\"@id\":\"https:\\\/\\\/bcsdh.hu\\\/en\\\/for-a-sustainable-future-award\\\/business-solution-award\\\/#breadcrumb\"},\"inLanguage\":\"en-US\",\"potentialAction\":[{\"@type\":\"ReadAction\",\"target\":[\"https:\\\/\\\/bcsdh.hu\\\/en\\\/for-a-sustainable-future-award\\\/business-solution-award\\\/\"]}]},{\"@type\":\"BreadcrumbList\",\"@id\":\"https:\\\/\\\/bcsdh.hu\\\/en\\\/for-a-sustainable-future-award\\\/business-solution-award\\\/#breadcrumb\",\"itemListElement\":[{\"@type\":\"ListItem\",\"position\":1,\"name\":\"Kezd\u0151lap\",\"item\":\"https:\\\/\\\/bcsdh.hu\\\/en\\\/bcsdh-the-business-council-for-sustainable-development-in-hungary\\\/\"},{\"@type\":\"ListItem\",\"position\":2,\"name\":\"For a Sustainable Future Award\",\"item\":\"https:\\\/\\\/bcsdh.hu\\\/en\\\/for-a-sustainable-future-award\\\/\"},{\"@type\":\"ListItem\",\"position\":3,\"name\":\"Business Solution Award\"}]},{\"@type\":\"WebSite\",\"@id\":\"https:\\\/\\\/bcsdh.hu\\\/#website\",\"url\":\"https:\\\/\\\/bcsdh.hu\\\/\",\"name\":\"BCSDH\",\"description\":\"Magyarorsz\u00e1gi \u00dczleti Tan\u00e1cs a Fenntarthat\u00f3 Fejl\u0151d\u00e9s\u00e9rt (BCSDH) az \u00dczleti Vil\u00e1gtan\u00e1cs a Fenntarthat\u00f3 Fejl\u0151d\u00e9s\u00e9rt hazai szervezete.\",\"potentialAction\":[{\"@type\":\"SearchAction\",\"target\":{\"@type\":\"EntryPoint\",\"urlTemplate\":\"https:\\\/\\\/bcsdh.hu\\\/?s={search_term_string}\"},\"query-input\":{\"@type\":\"PropertyValueSpecification\",\"valueRequired\":true,\"valueName\":\"search_term_string\"}}],\"inLanguage\":\"en-US\"}]}<\/script>\n<!-- \/ Yoast SEO plugin. -->","yoast_head_json":{"title":"Business Solution Award - BCSDH","robots":{"index":"index","follow":"follow","max-snippet":"max-snippet:-1","max-image-preview":"max-image-preview:large","max-video-preview":"max-video-preview:-1"},"canonical":"https:\/\/bcsdh.hu\/en\/for-a-sustainable-future-award\/business-solution-award\/","og_locale":"en_US","og_type":"article","og_title":"Business Solution Award - BCSDH","og_url":"https:\/\/bcsdh.hu\/en\/for-a-sustainable-future-award\/business-solution-award\/","og_site_name":"BCSDH","article_modified_time":"2025-05-18T23:16:25+00:00","twitter_card":"summary_large_image","twitter_misc":{"Est. reading time":"12 minutes"},"schema":{"@context":"https:\/\/schema.org","@graph":[{"@type":"WebPage","@id":"https:\/\/bcsdh.hu\/en\/for-a-sustainable-future-award\/business-solution-award\/","url":"https:\/\/bcsdh.hu\/en\/for-a-sustainable-future-award\/business-solution-award\/","name":"Business Solution Award - BCSDH","isPartOf":{"@id":"https:\/\/bcsdh.hu\/#website"},"datePublished":"2022-11-14T16:13:13+00:00","dateModified":"2025-05-18T23:16:25+00:00","breadcrumb":{"@id":"https:\/\/bcsdh.hu\/en\/for-a-sustainable-future-award\/business-solution-award\/#breadcrumb"},"inLanguage":"en-US","potentialAction":[{"@type":"ReadAction","target":["https:\/\/bcsdh.hu\/en\/for-a-sustainable-future-award\/business-solution-award\/"]}]},{"@type":"BreadcrumbList","@id":"https:\/\/bcsdh.hu\/en\/for-a-sustainable-future-award\/business-solution-award\/#breadcrumb","itemListElement":[{"@type":"ListItem","position":1,"name":"Kezd\u0151lap","item":"https:\/\/bcsdh.hu\/en\/bcsdh-the-business-council-for-sustainable-development-in-hungary\/"},{"@type":"ListItem","position":2,"name":"For a Sustainable Future Award","item":"https:\/\/bcsdh.hu\/en\/for-a-sustainable-future-award\/"},{"@type":"ListItem","position":3,"name":"Business Solution Award"}]},{"@type":"WebSite","@id":"https:\/\/bcsdh.hu\/#website","url":"https:\/\/bcsdh.hu\/","name":"BCSDH","description":"Magyarorsz\u00e1gi \u00dczleti Tan\u00e1cs a Fenntarthat\u00f3 Fejl\u0151d\u00e9s\u00e9rt (BCSDH) az \u00dczleti Vil\u00e1gtan\u00e1cs a Fenntarthat\u00f3 Fejl\u0151d\u00e9s\u00e9rt hazai szervezete.","potentialAction":[{"@type":"SearchAction","target":{"@type":"EntryPoint","urlTemplate":"https:\/\/bcsdh.hu\/?s={search_term_string}"},"query-input":{"@type":"PropertyValueSpecification","valueRequired":true,"valueName":"search_term_string"}}],"inLanguage":"en-US"}]}},"_links":{"self":[{"href":"https:\/\/bcsdh.hu\/en\/wp-json\/wp\/v2\/pages\/45989","targetHints":{"allow":["GET"]}}],"collection":[{"href":"https:\/\/bcsdh.hu\/en\/wp-json\/wp\/v2\/pages"}],"about":[{"href":"https:\/\/bcsdh.hu\/en\/wp-json\/wp\/v2\/types\/page"}],"author":[{"embeddable":true,"href":"https:\/\/bcsdh.hu\/en\/wp-json\/wp\/v2\/users\/1"}],"replies":[{"embeddable":true,"href":"https:\/\/bcsdh.hu\/en\/wp-json\/wp\/v2\/comments?post=45989"}],"version-history":[{"count":15,"href":"https:\/\/bcsdh.hu\/en\/wp-json\/wp\/v2\/pages\/45989\/revisions"}],"predecessor-version":[{"id":70342,"href":"https:\/\/bcsdh.hu\/en\/wp-json\/wp\/v2\/pages\/45989\/revisions\/70342"}],"up":[{"embeddable":true,"href":"https:\/\/bcsdh.hu\/en\/wp-json\/wp\/v2\/pages\/45967"}],"wp:attachment":[{"href":"https:\/\/bcsdh.hu\/en\/wp-json\/wp\/v2\/media?parent=45989"}],"curies":[{"name":"wp","href":"https:\/\/api.w.org\/{rel}","templated":true}]}}