{"id":45992,"date":"2022-11-14T17:13:43","date_gmt":"2022-11-14T16:13:43","guid":{"rendered":"https:\/\/bcsdh.hu\/?page_id=45992"},"modified":"2025-05-19T00:11:14","modified_gmt":"2025-05-18T22:11:14","slug":"change-leader-award","status":"publish","type":"page","link":"https:\/\/bcsdh.hu\/en\/for-a-sustainable-future-award\/change-leader-award\/","title":{"rendered":"Change Leader Award"},"content":{"rendered":"<div id='av_section_1'  class='avia-section av-irprcn-6cab9306c57e4545c5502c0841cbb5e6 main_color avia-section-default avia-no-border-styling  avia-builder-el-0  el_before_av_textblock  avia-builder-el-first  avia-bg-style-scroll container_wrap fullsize'  ><div class='container av-section-cont-open' ><main  role=\"main\" itemprop=\"mainContentOfPage\"  class='template-page content  av-content-full alpha units'><div class='post-entry post-entry-type-page post-entry-45992'><div class='entry-content-wrapper clearfix'>\n<div  class='flex_column av-102ydzc-43f0c8d47e2b8980ebbe9ba3d663b9cc av_three_fourth  avia-builder-el-1  el_before_av_one_fourth  avia-builder-el-first  first flex_column_div  '     ><style type=\"text\/css\" data-created_by=\"avia_inline_auto\" id=\"style-css-av-l53kpgu5-4130da21ba7947e7ac7d0b717e7e4eec\">\n#top .av-special-heading.av-l53kpgu5-4130da21ba7947e7ac7d0b717e7e4eec{\npadding-bottom:10px;\n}\nbody .av-special-heading.av-l53kpgu5-4130da21ba7947e7ac7d0b717e7e4eec .av-special-heading-tag .heading-char{\nfont-size:25px;\n}\n.av-special-heading.av-l53kpgu5-4130da21ba7947e7ac7d0b717e7e4eec .av-subheading{\nfont-size:29px;\n}\n<\/style>\n<div  class='av-special-heading av-l53kpgu5-4130da21ba7947e7ac7d0b717e7e4eec av-special-heading-h2 blockquote modern-quote  avia-builder-el-2  avia-builder-el-no-sibling '><h2 class='av-special-heading-tag'  itemprop=\"headline\"  >Change Leader Award<\/h2><div class='av-subheading av-subheading_below'><p>for leaders leading by example and showing accountability<\/p>\n<\/div><div class=\"special-heading-border\"><div class=\"special-heading-inner-border\"><\/div><\/div><\/div><\/div><div  class='flex_column av-v12go8-2a1c4fb5cf3e2c20c33da8403920f8e5 av_one_fourth  avia-builder-el-3  el_after_av_three_fourth  el_before_av_textblock  flex_column_div  '     ><style type=\"text\/css\" data-created_by=\"avia_inline_auto\" id=\"style-css-av-la2izqem-2e046c62ee5effec8299b19a8c7c16b8\">\n.avia-image-container.av-la2izqem-2e046c62ee5effec8299b19a8c7c16b8 img.avia_image{\nbox-shadow:none;\n}\n.avia-image-container.av-la2izqem-2e046c62ee5effec8299b19a8c7c16b8 .av-image-caption-overlay-center{\ncolor:#ffffff;\n}\n<\/style>\n<div  class='avia-image-container av-la2izqem-2e046c62ee5effec8299b19a8c7c16b8 av-styling- avia-align-center  avia-builder-el-4  avia-builder-el-no-sibling '   itemprop=\"image\" itemscope=\"itemscope\" itemtype=\"https:\/\/schema.org\/ImageObject\" ><div class=\"avia-image-container-inner\"><div class=\"avia-image-overlay-wrap\"><img decoding=\"async\" fetchpriority=\"high\" class='wp-image-45634 avia-img-lazy-loading-not-45634 avia_image ' src=\"https:\/\/bcsdh.hu\/wp-content\/uploads\/2022\/11\/13-80x80.png\" alt='' title='13'  height=\"80\" width=\"80\"  itemprop=\"thumbnailUrl\" srcset=\"https:\/\/bcsdh.hu\/wp-content\/uploads\/2022\/11\/13-80x80.png 80w, https:\/\/bcsdh.hu\/wp-content\/uploads\/2022\/11\/13-170x170.png 170w, https:\/\/bcsdh.hu\/wp-content\/uploads\/2022\/11\/13-36x36.png 36w, https:\/\/bcsdh.hu\/wp-content\/uploads\/2022\/11\/13-180x180.png 180w, https:\/\/bcsdh.hu\/wp-content\/uploads\/2022\/11\/13.png 500w\" sizes=\"(max-width: 80px) 100vw, 80px\" \/><\/div><\/div><\/div><\/div><section  class='av_textblock_section av-l53kqwxq-1c1af78e8e6b9674569ad301fb434024 '   itemscope=\"itemscope\" itemtype=\"https:\/\/schema.org\/CreativeWork\" ><div class='avia_textblock'  itemprop=\"text\" ><p>The BCSDH wants to recognize with this award those innovative, exemplary CEO or a Board Member (both men and women) who have done most in their own field to increase the <strong>contribution of business to addressing sustainability challenges along the SDGs, or to the systems transformation. And who successfully represent responsible, sustainable thinking in their in other areas of their lives, too.<\/strong><\/p>\n<p><strong>Deadline:<\/strong><\/p>\n<ul>\n<li>Deadline of nomination\/application:<strong> 18 July at 23:59<\/strong><br \/>\nThe jury\u2019s decision: <strong>first half of September<\/strong><br \/>\nAnnouncement of results and award-giving ceremony at BCSDH\u2019s business lunch: <strong>7 October<\/strong><\/li>\n<\/ul>\n<p>Following receipt of nomination a confirmation email will be sent.<\/p>\n<p><a href=\"https:\/\/bcsdh.hu\/wp-content\/uploads\/2025\/05\/Change-Leader_INFO_25.docx\" target=\"_blank\" rel=\"noopener\"><strong>How and under what conditions can you apply?<\/strong><\/a><\/p>\n<p><a href=\"https:\/\/bcsdh.hu\/wp-content\/uploads\/2025\/05\/FAQ_Change-Leader_25.docx\" target=\"_blank\" rel=\"noopener\"><strong>Frequently asked questions and answers.<\/strong><\/a><\/p>\n<p><strong>The application form can be filled online, but it is possible to cancel the filling in, even to continue from another computer.<\/strong><\/p>\n<p>Deadline for submission of final online applications: <strong>18 July at 23:59<\/strong><\/p>\n<\/div><\/section>\n<\/div><\/div><\/main><!-- close content main element --><\/div><\/div><div id='after_section_1'  class='main_color av_default_container_wrap container_wrap fullsize'  ><div class='container av-section-cont-open' ><div class='template-page content  av-content-full alpha units'><div class='post-entry post-entry-type-page post-entry-45992'><div class='entry-content-wrapper clearfix'>\n<section  class='av_textblock_section av-lwtsimj2-92a3e32e4a2de37120a50d87d5dd20a0 '   itemscope=\"itemscope\" itemtype=\"https:\/\/schema.org\/CreativeWork\" ><div class='avia_textblock'  itemprop=\"text\" >\n<\/div><\/section>\n","protected":false},"excerpt":{"rendered":"","protected":false},"author":1,"featured_media":0,"parent":45967,"menu_order":0,"comment_status":"closed","ping_status":"closed","template":"","meta":{"footnotes":""},"class_list":["post-45992","page","type-page","status-publish","hentry"],"yoast_head":"<!-- This site is optimized with the Yoast SEO plugin v27.5 - https:\/\/yoast.com\/product\/yoast-seo-wordpress\/ -->\n<title>Change Leader Award - BCSDH<\/title>\n<meta name=\"robots\" content=\"index, follow, max-snippet:-1, max-image-preview:large, max-video-preview:-1\" \/>\n<link rel=\"canonical\" href=\"https:\/\/bcsdh.hu\/en\/for-a-sustainable-future-award\/change-leader-award\/\" \/>\n<meta property=\"og:locale\" content=\"en_US\" \/>\n<meta property=\"og:type\" content=\"article\" \/>\n<meta property=\"og:title\" content=\"Change Leader Award - BCSDH\" \/>\n<meta property=\"og:url\" content=\"https:\/\/bcsdh.hu\/en\/for-a-sustainable-future-award\/change-leader-award\/\" \/>\n<meta property=\"og:site_name\" content=\"BCSDH\" \/>\n<meta property=\"article:modified_time\" content=\"2025-05-18T22:11:14+00:00\" \/>\n<meta name=\"twitter:card\" content=\"summary_large_image\" \/>\n<meta name=\"twitter:label1\" content=\"Est. reading time\" \/>\n\t<meta name=\"twitter:data1\" content=\"5 minutes\" \/>\n<script type=\"application\/ld+json\" class=\"yoast-schema-graph\">{\"@context\":\"https:\\\/\\\/schema.org\",\"@graph\":[{\"@type\":\"WebPage\",\"@id\":\"https:\\\/\\\/bcsdh.hu\\\/en\\\/for-a-sustainable-future-award\\\/change-leader-award\\\/\",\"url\":\"https:\\\/\\\/bcsdh.hu\\\/en\\\/for-a-sustainable-future-award\\\/change-leader-award\\\/\",\"name\":\"Change Leader Award - BCSDH\",\"isPartOf\":{\"@id\":\"https:\\\/\\\/bcsdh.hu\\\/#website\"},\"datePublished\":\"2022-11-14T16:13:43+00:00\",\"dateModified\":\"2025-05-18T22:11:14+00:00\",\"breadcrumb\":{\"@id\":\"https:\\\/\\\/bcsdh.hu\\\/en\\\/for-a-sustainable-future-award\\\/change-leader-award\\\/#breadcrumb\"},\"inLanguage\":\"en-US\",\"potentialAction\":[{\"@type\":\"ReadAction\",\"target\":[\"https:\\\/\\\/bcsdh.hu\\\/en\\\/for-a-sustainable-future-award\\\/change-leader-award\\\/\"]}]},{\"@type\":\"BreadcrumbList\",\"@id\":\"https:\\\/\\\/bcsdh.hu\\\/en\\\/for-a-sustainable-future-award\\\/change-leader-award\\\/#breadcrumb\",\"itemListElement\":[{\"@type\":\"ListItem\",\"position\":1,\"name\":\"Kezd\u0151lap\",\"item\":\"https:\\\/\\\/bcsdh.hu\\\/en\\\/bcsdh-the-business-council-for-sustainable-development-in-hungary\\\/\"},{\"@type\":\"ListItem\",\"position\":2,\"name\":\"For a Sustainable Future Award\",\"item\":\"https:\\\/\\\/bcsdh.hu\\\/en\\\/for-a-sustainable-future-award\\\/\"},{\"@type\":\"ListItem\",\"position\":3,\"name\":\"Change Leader Award\"}]},{\"@type\":\"WebSite\",\"@id\":\"https:\\\/\\\/bcsdh.hu\\\/#website\",\"url\":\"https:\\\/\\\/bcsdh.hu\\\/\",\"name\":\"BCSDH\",\"description\":\"Magyarorsz\u00e1gi \u00dczleti Tan\u00e1cs a Fenntarthat\u00f3 Fejl\u0151d\u00e9s\u00e9rt (BCSDH) az \u00dczleti Vil\u00e1gtan\u00e1cs a Fenntarthat\u00f3 Fejl\u0151d\u00e9s\u00e9rt hazai szervezete.\",\"potentialAction\":[{\"@type\":\"SearchAction\",\"target\":{\"@type\":\"EntryPoint\",\"urlTemplate\":\"https:\\\/\\\/bcsdh.hu\\\/?s={search_term_string}\"},\"query-input\":{\"@type\":\"PropertyValueSpecification\",\"valueRequired\":true,\"valueName\":\"search_term_string\"}}],\"inLanguage\":\"en-US\"}]}<\/script>\n<!-- \/ Yoast SEO plugin. -->","yoast_head_json":{"title":"Change Leader Award - BCSDH","robots":{"index":"index","follow":"follow","max-snippet":"max-snippet:-1","max-image-preview":"max-image-preview:large","max-video-preview":"max-video-preview:-1"},"canonical":"https:\/\/bcsdh.hu\/en\/for-a-sustainable-future-award\/change-leader-award\/","og_locale":"en_US","og_type":"article","og_title":"Change Leader Award - BCSDH","og_url":"https:\/\/bcsdh.hu\/en\/for-a-sustainable-future-award\/change-leader-award\/","og_site_name":"BCSDH","article_modified_time":"2025-05-18T22:11:14+00:00","twitter_card":"summary_large_image","twitter_misc":{"Est. reading time":"5 minutes"},"schema":{"@context":"https:\/\/schema.org","@graph":[{"@type":"WebPage","@id":"https:\/\/bcsdh.hu\/en\/for-a-sustainable-future-award\/change-leader-award\/","url":"https:\/\/bcsdh.hu\/en\/for-a-sustainable-future-award\/change-leader-award\/","name":"Change Leader Award - BCSDH","isPartOf":{"@id":"https:\/\/bcsdh.hu\/#website"},"datePublished":"2022-11-14T16:13:43+00:00","dateModified":"2025-05-18T22:11:14+00:00","breadcrumb":{"@id":"https:\/\/bcsdh.hu\/en\/for-a-sustainable-future-award\/change-leader-award\/#breadcrumb"},"inLanguage":"en-US","potentialAction":[{"@type":"ReadAction","target":["https:\/\/bcsdh.hu\/en\/for-a-sustainable-future-award\/change-leader-award\/"]}]},{"@type":"BreadcrumbList","@id":"https:\/\/bcsdh.hu\/en\/for-a-sustainable-future-award\/change-leader-award\/#breadcrumb","itemListElement":[{"@type":"ListItem","position":1,"name":"Kezd\u0151lap","item":"https:\/\/bcsdh.hu\/en\/bcsdh-the-business-council-for-sustainable-development-in-hungary\/"},{"@type":"ListItem","position":2,"name":"For a Sustainable Future Award","item":"https:\/\/bcsdh.hu\/en\/for-a-sustainable-future-award\/"},{"@type":"ListItem","position":3,"name":"Change Leader Award"}]},{"@type":"WebSite","@id":"https:\/\/bcsdh.hu\/#website","url":"https:\/\/bcsdh.hu\/","name":"BCSDH","description":"Magyarorsz\u00e1gi \u00dczleti Tan\u00e1cs a Fenntarthat\u00f3 Fejl\u0151d\u00e9s\u00e9rt (BCSDH) az \u00dczleti Vil\u00e1gtan\u00e1cs a Fenntarthat\u00f3 Fejl\u0151d\u00e9s\u00e9rt hazai szervezete.","potentialAction":[{"@type":"SearchAction","target":{"@type":"EntryPoint","urlTemplate":"https:\/\/bcsdh.hu\/?s={search_term_string}"},"query-input":{"@type":"PropertyValueSpecification","valueRequired":true,"valueName":"search_term_string"}}],"inLanguage":"en-US"}]}},"_links":{"self":[{"href":"https:\/\/bcsdh.hu\/en\/wp-json\/wp\/v2\/pages\/45992","targetHints":{"allow":["GET"]}}],"collection":[{"href":"https:\/\/bcsdh.hu\/en\/wp-json\/wp\/v2\/pages"}],"about":[{"href":"https:\/\/bcsdh.hu\/en\/wp-json\/wp\/v2\/types\/page"}],"author":[{"embeddable":true,"href":"https:\/\/bcsdh.hu\/en\/wp-json\/wp\/v2\/users\/1"}],"replies":[{"embeddable":true,"href":"https:\/\/bcsdh.hu\/en\/wp-json\/wp\/v2\/comments?post=45992"}],"version-history":[{"count":14,"href":"https:\/\/bcsdh.hu\/en\/wp-json\/wp\/v2\/pages\/45992\/revisions"}],"predecessor-version":[{"id":70322,"href":"https:\/\/bcsdh.hu\/en\/wp-json\/wp\/v2\/pages\/45992\/revisions\/70322"}],"up":[{"embeddable":true,"href":"https:\/\/bcsdh.hu\/en\/wp-json\/wp\/v2\/pages\/45967"}],"wp:attachment":[{"href":"https:\/\/bcsdh.hu\/en\/wp-json\/wp\/v2\/media?parent=45992"}],"curies":[{"name":"wp","href":"https:\/\/api.w.org\/{rel}","templated":true}]}}