{"id":45996,"date":"2022-11-14T17:14:45","date_gmt":"2022-11-14T16:14:45","guid":{"rendered":"https:\/\/bcsdh.hu\/?page_id=45996"},"modified":"2025-05-19T00:23:14","modified_gmt":"2025-05-18T22:23:14","slug":"leading-women-award","status":"publish","type":"page","link":"https:\/\/bcsdh.hu\/en\/for-a-sustainable-future-award\/leading-women-award\/","title":{"rendered":"Leading Women Award"},"content":{"rendered":"<div id='av_section_1'  class='avia-section av-pfw0rr-cdad6b77d96587e9b9614ecaab1c72af main_color avia-section-default avia-no-border-styling  avia-builder-el-0  el_before_av_textblock  avia-builder-el-first  avia-bg-style-scroll container_wrap fullsize'  ><div class='container av-section-cont-open' ><main  role=\"main\" itemprop=\"mainContentOfPage\"  class='template-page content  av-content-full alpha units'><div class='post-entry post-entry-type-page post-entry-45996'><div class='entry-content-wrapper clearfix'>\n<div  class='flex_column av-zsf0ks-d3c09179f8bf47b1445fffddf940eeae av_three_fourth  avia-builder-el-1  el_before_av_one_fourth  avia-builder-el-first  first flex_column_div  '     ><style type=\"text\/css\" data-created_by=\"avia_inline_auto\" id=\"style-css-av-l53kaw5f-220fbe192db5651cbc054c0446f4cc76\">\n#top .av-special-heading.av-l53kaw5f-220fbe192db5651cbc054c0446f4cc76{\npadding-bottom:10px;\n}\nbody .av-special-heading.av-l53kaw5f-220fbe192db5651cbc054c0446f4cc76 .av-special-heading-tag .heading-char{\nfont-size:25px;\n}\n.av-special-heading.av-l53kaw5f-220fbe192db5651cbc054c0446f4cc76 .av-subheading{\nfont-size:29px;\n}\n<\/style>\n<div  class='av-special-heading av-l53kaw5f-220fbe192db5651cbc054c0446f4cc76 av-special-heading-h2 blockquote modern-quote  avia-builder-el-2  avia-builder-el-no-sibling '><h2 class='av-special-heading-tag'  itemprop=\"headline\"  >Leading Women Award<\/h2><div class='av-subheading av-subheading_below'><p>Recognition of outstanding leading women in the entire business sphere<\/p>\n<\/div><div class=\"special-heading-border\"><div class=\"special-heading-inner-border\"><\/div><\/div><\/div><\/div><div  class='flex_column av-lpik4s-f5aaf40a722d0191156749e1c09a71c1 av_one_fourth  avia-builder-el-3  el_after_av_three_fourth  el_before_av_textblock  flex_column_div  '     ><style type=\"text\/css\" data-created_by=\"avia_inline_auto\" id=\"style-css-av-la2jczqk-f2663e4d4b537323072a42a553e54635\">\n.avia-image-container.av-la2jczqk-f2663e4d4b537323072a42a553e54635 img.avia_image{\nbox-shadow:none;\n}\n.avia-image-container.av-la2jczqk-f2663e4d4b537323072a42a553e54635 .av-image-caption-overlay-center{\ncolor:#ffffff;\n}\n<\/style>\n<div  class='avia-image-container av-la2jczqk-f2663e4d4b537323072a42a553e54635 av-styling- avia-align-center  avia-builder-el-4  avia-builder-el-no-sibling '   itemprop=\"image\" itemscope=\"itemscope\" itemtype=\"https:\/\/schema.org\/ImageObject\" ><div class=\"avia-image-container-inner\"><div class=\"avia-image-overlay-wrap\"><img decoding=\"async\" fetchpriority=\"high\" class='wp-image-45632 avia-img-lazy-loading-not-45632 avia_image ' src=\"https:\/\/bcsdh.hu\/wp-content\/uploads\/2022\/11\/9-80x80.png\" alt='' title='9'  height=\"80\" width=\"80\"  itemprop=\"thumbnailUrl\" srcset=\"https:\/\/bcsdh.hu\/wp-content\/uploads\/2022\/11\/9-80x80.png 80w, https:\/\/bcsdh.hu\/wp-content\/uploads\/2022\/11\/9-170x170.png 170w, https:\/\/bcsdh.hu\/wp-content\/uploads\/2022\/11\/9-36x36.png 36w, https:\/\/bcsdh.hu\/wp-content\/uploads\/2022\/11\/9-180x180.png 180w, https:\/\/bcsdh.hu\/wp-content\/uploads\/2022\/11\/9.png 500w\" sizes=\"(max-width: 80px) 100vw, 80px\" \/><\/div><\/div><\/div><\/div><section  class='av_textblock_section av-l53k9pn1-8433c5f51b9a9f9dbdf9e3298130908e '   itemscope=\"itemscope\" itemtype=\"https:\/\/schema.org\/CreativeWork\" ><div class='avia_textblock'  itemprop=\"text\" ><p><strong>The Leading Women Award will introduce outstanding women leaders in companies who are working to achieve the Sustainable Development Goals.<\/strong><\/p>\n<p>We\u2019ve launched this award in contribution to the goals of SDG 5, which aims to<strong>\u00a0achieve gender equality and empower all women and girls by 2030.<\/strong><\/p>\n<p><strong>Eligibility\/nomination criteria:<\/strong><\/p>\n<ul>\n<li>Outstanding, female leader of the company<\/li>\n<li>Women, who are incentive role models.<\/li>\n<li>One candidate\/company .<\/li>\n<\/ul>\n<p><strong>Nominations are accepted from<\/strong><\/p>\n<ul>\n<li>third parties<\/li>\n<li>organisations or departments<\/li>\n<li><strong>organisations can apply only one person<\/strong><\/li>\n<\/ul>\n<p><a href=\"https:\/\/bcsdh.hu\/wp-content\/uploads\/2025\/05\/Leading-women_INFO_25.docx\" target=\"_blank\" rel=\"noopener\"><strong>How and under what conditions can you apply?<\/strong><\/a><\/p>\n<p><a href=\"https:\/\/bcsdh.hu\/wp-content\/uploads\/2025\/05\/FAQ_Leading-Woman_25.docx\" target=\"_blank\" rel=\"noopener\"><strong>Frequently asked questions and answers.<\/strong><\/a><\/p>\n<p><strong>Method of application:<\/strong><\/p>\n<ul>\n<li>Nominations can be made online below. The filling in of the online application forms can be interrupted and saved and can even be resumed from another computer<strong>.<\/strong><\/li>\n<li><strong>Deadline of application\/nomination: 18 July at 23:59<\/strong><\/li>\n<\/ul>\n<p>Following receipt of application a confirmation email will send.<\/p>\n<\/div><\/section>\n<\/div><\/div><\/main><!-- close content main element --><\/div><\/div><div id='after_section_1'  class='main_color av_default_container_wrap container_wrap fullsize'  ><div class='container av-section-cont-open' ><div class='template-page content  av-content-full alpha units'><div class='post-entry post-entry-type-page post-entry-45996'><div class='entry-content-wrapper clearfix'>\n<section  class='av_textblock_section av-lj5pgxr7-a9139a8a7370f8a0bff405ec0dbebd3f '   itemscope=\"itemscope\" itemtype=\"https:\/\/schema.org\/CreativeWork\" ><div class='avia_textblock'  itemprop=\"text\" >\n<\/div><\/section>\n","protected":false},"excerpt":{"rendered":"","protected":false},"author":1,"featured_media":0,"parent":45967,"menu_order":0,"comment_status":"closed","ping_status":"closed","template":"","meta":{"footnotes":""},"class_list":["post-45996","page","type-page","status-publish","hentry"],"yoast_head":"<!-- This site is optimized with the Yoast SEO plugin v27.3 - https:\/\/yoast.com\/product\/yoast-seo-wordpress\/ -->\n<title>Leading Women Award - BCSDH<\/title>\n<meta name=\"robots\" content=\"index, follow, max-snippet:-1, max-image-preview:large, max-video-preview:-1\" \/>\n<link rel=\"canonical\" href=\"https:\/\/bcsdh.hu\/en\/for-a-sustainable-future-award\/leading-women-award\/\" \/>\n<meta property=\"og:locale\" content=\"en_US\" \/>\n<meta property=\"og:type\" content=\"article\" \/>\n<meta property=\"og:title\" content=\"Leading Women Award - BCSDH\" \/>\n<meta property=\"og:url\" content=\"https:\/\/bcsdh.hu\/en\/for-a-sustainable-future-award\/leading-women-award\/\" \/>\n<meta property=\"og:site_name\" content=\"BCSDH\" \/>\n<meta property=\"article:modified_time\" content=\"2025-05-18T22:23:14+00:00\" \/>\n<meta name=\"twitter:card\" content=\"summary_large_image\" \/>\n<meta name=\"twitter:label1\" content=\"Est. reading time\" \/>\n\t<meta name=\"twitter:data1\" content=\"2 minutes\" \/>\n<script type=\"application\/ld+json\" class=\"yoast-schema-graph\">{\"@context\":\"https:\\\/\\\/schema.org\",\"@graph\":[{\"@type\":\"WebPage\",\"@id\":\"https:\\\/\\\/bcsdh.hu\\\/en\\\/for-a-sustainable-future-award\\\/leading-women-award\\\/\",\"url\":\"https:\\\/\\\/bcsdh.hu\\\/en\\\/for-a-sustainable-future-award\\\/leading-women-award\\\/\",\"name\":\"Leading Women Award - BCSDH\",\"isPartOf\":{\"@id\":\"https:\\\/\\\/bcsdh.hu\\\/#website\"},\"datePublished\":\"2022-11-14T16:14:45+00:00\",\"dateModified\":\"2025-05-18T22:23:14+00:00\",\"breadcrumb\":{\"@id\":\"https:\\\/\\\/bcsdh.hu\\\/en\\\/for-a-sustainable-future-award\\\/leading-women-award\\\/#breadcrumb\"},\"inLanguage\":\"en-US\",\"potentialAction\":[{\"@type\":\"ReadAction\",\"target\":[\"https:\\\/\\\/bcsdh.hu\\\/en\\\/for-a-sustainable-future-award\\\/leading-women-award\\\/\"]}]},{\"@type\":\"BreadcrumbList\",\"@id\":\"https:\\\/\\\/bcsdh.hu\\\/en\\\/for-a-sustainable-future-award\\\/leading-women-award\\\/#breadcrumb\",\"itemListElement\":[{\"@type\":\"ListItem\",\"position\":1,\"name\":\"Kezd\u0151lap\",\"item\":\"https:\\\/\\\/bcsdh.hu\\\/en\\\/bcsdh-the-business-council-for-sustainable-development-in-hungary\\\/\"},{\"@type\":\"ListItem\",\"position\":2,\"name\":\"For a Sustainable Future Award\",\"item\":\"https:\\\/\\\/bcsdh.hu\\\/en\\\/for-a-sustainable-future-award\\\/\"},{\"@type\":\"ListItem\",\"position\":3,\"name\":\"Leading Women Award\"}]},{\"@type\":\"WebSite\",\"@id\":\"https:\\\/\\\/bcsdh.hu\\\/#website\",\"url\":\"https:\\\/\\\/bcsdh.hu\\\/\",\"name\":\"BCSDH\",\"description\":\"Magyarorsz\u00e1gi \u00dczleti Tan\u00e1cs a Fenntarthat\u00f3 Fejl\u0151d\u00e9s\u00e9rt (BCSDH) az \u00dczleti Vil\u00e1gtan\u00e1cs a Fenntarthat\u00f3 Fejl\u0151d\u00e9s\u00e9rt hazai szervezete.\",\"potentialAction\":[{\"@type\":\"SearchAction\",\"target\":{\"@type\":\"EntryPoint\",\"urlTemplate\":\"https:\\\/\\\/bcsdh.hu\\\/?s={search_term_string}\"},\"query-input\":{\"@type\":\"PropertyValueSpecification\",\"valueRequired\":true,\"valueName\":\"search_term_string\"}}],\"inLanguage\":\"en-US\"}]}<\/script>\n<!-- \/ Yoast SEO plugin. -->","yoast_head_json":{"title":"Leading Women Award - BCSDH","robots":{"index":"index","follow":"follow","max-snippet":"max-snippet:-1","max-image-preview":"max-image-preview:large","max-video-preview":"max-video-preview:-1"},"canonical":"https:\/\/bcsdh.hu\/en\/for-a-sustainable-future-award\/leading-women-award\/","og_locale":"en_US","og_type":"article","og_title":"Leading Women Award - BCSDH","og_url":"https:\/\/bcsdh.hu\/en\/for-a-sustainable-future-award\/leading-women-award\/","og_site_name":"BCSDH","article_modified_time":"2025-05-18T22:23:14+00:00","twitter_card":"summary_large_image","twitter_misc":{"Est. reading time":"2 minutes"},"schema":{"@context":"https:\/\/schema.org","@graph":[{"@type":"WebPage","@id":"https:\/\/bcsdh.hu\/en\/for-a-sustainable-future-award\/leading-women-award\/","url":"https:\/\/bcsdh.hu\/en\/for-a-sustainable-future-award\/leading-women-award\/","name":"Leading Women Award - BCSDH","isPartOf":{"@id":"https:\/\/bcsdh.hu\/#website"},"datePublished":"2022-11-14T16:14:45+00:00","dateModified":"2025-05-18T22:23:14+00:00","breadcrumb":{"@id":"https:\/\/bcsdh.hu\/en\/for-a-sustainable-future-award\/leading-women-award\/#breadcrumb"},"inLanguage":"en-US","potentialAction":[{"@type":"ReadAction","target":["https:\/\/bcsdh.hu\/en\/for-a-sustainable-future-award\/leading-women-award\/"]}]},{"@type":"BreadcrumbList","@id":"https:\/\/bcsdh.hu\/en\/for-a-sustainable-future-award\/leading-women-award\/#breadcrumb","itemListElement":[{"@type":"ListItem","position":1,"name":"Kezd\u0151lap","item":"https:\/\/bcsdh.hu\/en\/bcsdh-the-business-council-for-sustainable-development-in-hungary\/"},{"@type":"ListItem","position":2,"name":"For a Sustainable Future Award","item":"https:\/\/bcsdh.hu\/en\/for-a-sustainable-future-award\/"},{"@type":"ListItem","position":3,"name":"Leading Women Award"}]},{"@type":"WebSite","@id":"https:\/\/bcsdh.hu\/#website","url":"https:\/\/bcsdh.hu\/","name":"BCSDH","description":"Magyarorsz\u00e1gi \u00dczleti Tan\u00e1cs a Fenntarthat\u00f3 Fejl\u0151d\u00e9s\u00e9rt (BCSDH) az \u00dczleti Vil\u00e1gtan\u00e1cs a Fenntarthat\u00f3 Fejl\u0151d\u00e9s\u00e9rt hazai szervezete.","potentialAction":[{"@type":"SearchAction","target":{"@type":"EntryPoint","urlTemplate":"https:\/\/bcsdh.hu\/?s={search_term_string}"},"query-input":{"@type":"PropertyValueSpecification","valueRequired":true,"valueName":"search_term_string"}}],"inLanguage":"en-US"}]}},"_links":{"self":[{"href":"https:\/\/bcsdh.hu\/en\/wp-json\/wp\/v2\/pages\/45996","targetHints":{"allow":["GET"]}}],"collection":[{"href":"https:\/\/bcsdh.hu\/en\/wp-json\/wp\/v2\/pages"}],"about":[{"href":"https:\/\/bcsdh.hu\/en\/wp-json\/wp\/v2\/types\/page"}],"author":[{"embeddable":true,"href":"https:\/\/bcsdh.hu\/en\/wp-json\/wp\/v2\/users\/1"}],"replies":[{"embeddable":true,"href":"https:\/\/bcsdh.hu\/en\/wp-json\/wp\/v2\/comments?post=45996"}],"version-history":[{"count":10,"href":"https:\/\/bcsdh.hu\/en\/wp-json\/wp\/v2\/pages\/45996\/revisions"}],"predecessor-version":[{"id":70323,"href":"https:\/\/bcsdh.hu\/en\/wp-json\/wp\/v2\/pages\/45996\/revisions\/70323"}],"up":[{"embeddable":true,"href":"https:\/\/bcsdh.hu\/en\/wp-json\/wp\/v2\/pages\/45967"}],"wp:attachment":[{"href":"https:\/\/bcsdh.hu\/en\/wp-json\/wp\/v2\/media?parent=45996"}],"curies":[{"name":"wp","href":"https:\/\/api.w.org\/{rel}","templated":true}]}}