{"id":46006,"date":"2022-11-14T17:21:00","date_gmt":"2022-11-14T16:21:00","guid":{"rendered":"https:\/\/bcsdh.hu\/?page_id=46006"},"modified":"2023-02-09T11:30:57","modified_gmt":"2023-02-09T10:30:57","slug":"vision-2050","status":"publish","type":"page","link":"https:\/\/bcsdh.hu\/en\/about-us\/mission\/vision-2050\/","title":{"rendered":"Vision 2050"},"content":{"rendered":"\n<style type=\"text\/css\" data-created_by=\"avia_inline_auto\" id=\"style-css-av-kz5heh9t-685eba84e1e05dc3bed26288b2c241c9\">\n#top .av-special-heading.av-kz5heh9t-685eba84e1e05dc3bed26288b2c241c9{\npadding-bottom:10px;\n}\nbody .av-special-heading.av-kz5heh9t-685eba84e1e05dc3bed26288b2c241c9 .av-special-heading-tag .heading-char{\nfont-size:25px;\n}\n.av-special-heading.av-kz5heh9t-685eba84e1e05dc3bed26288b2c241c9 .av-subheading{\nfont-size:15px;\n}\n<\/style>\n<div  class='av-special-heading av-kz5heh9t-685eba84e1e05dc3bed26288b2c241c9 av-special-heading-h2 blockquote modern-quote  avia-builder-el-0  el_before_av_two_third  avia-builder-el-first '><h2 class='av-special-heading-tag'  itemprop=\"headline\"  >Vision 2050<\/h2><div class=\"special-heading-border\"><div class=\"special-heading-inner-border\"><\/div><\/div><\/div>\n<div  class='flex_column av-1ch8j1v-5cb0922a54f063a7c01ebf339133b7de av_two_third  avia-builder-el-1  el_after_av_heading  el_before_av_one_third  first flex_column_div  '     ><section  class='av_textblock_section av-kyydstzs-d75b385c31ebcc2522ffe872dd07c997 '   itemscope=\"itemscope\" itemtype=\"https:\/\/schema.org\/CreativeWork\" ><div class='avia_textblock'  itemprop=\"text\" ><p>The world faces <strong>three critical challenges<\/strong>:<\/p>\n<ul>\n<li><strong>the climate emergency, <\/strong><\/li>\n<li><strong>nature loss <\/strong>and<\/li>\n<li><strong>mounting inequality. <\/strong><\/li>\n<\/ul>\n<p>The crises of last years has illustrated that <strong>these challenges are interconnected, and that our systems are ill-prepared for shocks.<\/strong> As global risks continue to build, <strong>business leaders are rallying behind a bold and urgent transformation agenda developed<\/strong> by the World Business Council for Sustainable Development (WBCSD), a CEO-led organization of over 200 leading companies.<\/p>\n<p><a href=\"https:\/\/www.wbcsd.org\/Overview\/About-us\/Vision-2050-Time-to-Transform\/Resources\/Time-to-Transform\" target=\"_blank\" rel=\"noopener\">Vision 2050: Time to Transform<\/a>\u00a0sets a shared vision of a world in which <strong>more than 9 billion people are able to live well, within planetary boundaries, by 2050.<\/strong> <strong>To achieve this vision, we need transformation at scale, and business needs to focus its actions on the areas through which it can best lead the systems transformations.<\/strong><\/p>\n<p><strong>Vision 2050: Time to Transform<\/strong> maps how systems transform and lays out a new framework to guide business action in the decade ahead. <strong>At the heart of this framework are nine transformation pathways<\/strong> \u2013 <strong>actionable routes for companies to take<\/strong> \u2013 covering the areas of business activity that are essential to society: <strong>energy; transportation and mobility; living spaces; products and materials; financial products and services; connectivity; health and wellbeing; water and sanitation; and food.<\/strong><\/p>\n<p><strong>The vision and transformation pathways are aligned with the Sustainable Development Goals (SDGs)<\/strong> and the targets of the Paris Agreement. Each of the nine transformation pathways contains ten action areas for the decade ahead, designed to help companies drive transformative change in their strategies, business operations and impact on society.<\/p>\n<p>To move beyond business-as-usual into the accelerated transformations necessary,<strong> business leaders must adopt three mindset shifts:<\/strong><\/p>\n<ul>\n<li><strong>reinventing capitalism that rewards true value creation; <\/strong><\/li>\n<li><strong>focusing on building long-term resilience; <\/strong><\/li>\n<li>and <strong>taking a regenerative approach beyond doing no harm.<\/strong><\/li>\n<\/ul>\n<p>While business can take a leading role, it must work on and design systems transformations, together with scientists, policy makers, financiers and investors, innovators and consumers. <strong>Only collaboration at unprecedented levels will create the impact and speed needed to achieve<\/strong> all people living well within planetary boundaries by 2050.<\/p>\n<\/div><\/section><\/div><div  class='flex_column av-u7rjpv-0ebbc81b1af2b740a345b0c873f66a5e av_one_third  avia-builder-el-3  el_after_av_two_third  avia-builder-el-last  flex_column_div  '     ><p>\n<style type=\"text\/css\" data-created_by=\"avia_inline_auto\" id=\"style-css-av-l9qpsjsf-17ece8eb2d29de488c601aa6bc02775a\">\n.avia-image-container.av-l9qpsjsf-17ece8eb2d29de488c601aa6bc02775a img.avia_image{\nbox-shadow:none;\n}\n.avia-image-container.av-l9qpsjsf-17ece8eb2d29de488c601aa6bc02775a .av-image-caption-overlay-center{\ncolor:#ffffff;\n}\n<\/style>\n<div  class='avia-image-container av-l9qpsjsf-17ece8eb2d29de488c601aa6bc02775a av-styling- avia-align-center  avia-builder-el-4  el_before_av_textblock  avia-builder-el-first '   itemprop=\"image\" itemscope=\"itemscope\" itemtype=\"https:\/\/schema.org\/ImageObject\" ><div class=\"avia-image-container-inner\"><div class=\"avia-image-overlay-wrap\"><img decoding=\"async\" fetchpriority=\"high\" class='wp-image-39987 avia-img-lazy-loading-not-39987 avia_image ' src=\"https:\/\/bcsdh.hu\/wp-content\/uploads\/2022\/05\/WBCSD_Vision_2050_Time-To-Transform_HUN_2021.jpg\" alt='' title='WBCSD_Vision_2050_Time-To-Transform_HUN_2021'  height=\"1030\" width=\"728\"  itemprop=\"thumbnailUrl\" srcset=\"https:\/\/bcsdh.hu\/wp-content\/uploads\/2022\/05\/WBCSD_Vision_2050_Time-To-Transform_HUN_2021.jpg 728w, https:\/\/bcsdh.hu\/wp-content\/uploads\/2022\/05\/WBCSD_Vision_2050_Time-To-Transform_HUN_2021-120x170.jpg 120w, https:\/\/bcsdh.hu\/wp-content\/uploads\/2022\/05\/WBCSD_Vision_2050_Time-To-Transform_HUN_2021-498x705.jpg 498w\" sizes=\"(max-width: 728px) 100vw, 728px\" \/><\/div><\/div><\/div><br \/>\n<section  class='av_textblock_section av-l9qq220v-f8a4b094b770c636ba9577557745fbb2 '   itemscope=\"itemscope\" itemtype=\"https:\/\/schema.org\/CreativeWork\" ><div class='avia_textblock'  itemprop=\"text\" ><p style=\"text-align: center;\">Learn more about transformation pathways.<\/p>\n<\/div><\/section><br \/>\n<div  class='avia-button-wrap av-kz5hfuku-b37a0f7773d2a7414e5a9ba52f4968dc-wrap avia-button-center  avia-builder-el-6  el_after_av_textblock  avia-builder-el-last '><a href='https:\/\/bcsdh.hu\/wp-content\/uploads\/2021\/10\/WBSCD_Vision2050_HUN_WEB.pdf'  class='avia-button av-kz5hfuku-b37a0f7773d2a7414e5a9ba52f4968dc avia-icon_select-no avia-size-small avia-position-center avia-color-theme-color'  ><span class='avia_iconbox_title' >Download the English version<\/span><\/a><\/div><\/p><\/div><\/p>\n","protected":false},"excerpt":{"rendered":"","protected":false},"author":1,"featured_media":0,"parent":43219,"menu_order":0,"comment_status":"closed","ping_status":"closed","template":"","meta":{"footnotes":""},"class_list":["post-46006","page","type-page","status-publish","hentry"],"yoast_head":"<!-- This site is optimized with the Yoast SEO plugin v27.3 - https:\/\/yoast.com\/product\/yoast-seo-wordpress\/ -->\n<title>Vision 2050 - BCSDH<\/title>\n<meta name=\"robots\" content=\"index, follow, max-snippet:-1, max-image-preview:large, max-video-preview:-1\" \/>\n<link rel=\"canonical\" href=\"https:\/\/bcsdh.hu\/en\/about-us\/mission\/vision-2050\/\" \/>\n<meta property=\"og:locale\" content=\"en_US\" \/>\n<meta property=\"og:type\" content=\"article\" \/>\n<meta property=\"og:title\" content=\"Vision 2050 - BCSDH\" \/>\n<meta property=\"og:url\" content=\"https:\/\/bcsdh.hu\/en\/about-us\/mission\/vision-2050\/\" \/>\n<meta property=\"og:site_name\" content=\"BCSDH\" \/>\n<meta property=\"article:modified_time\" content=\"2023-02-09T10:30:57+00:00\" \/>\n<meta name=\"twitter:card\" content=\"summary_large_image\" \/>\n<meta name=\"twitter:label1\" content=\"Est. reading time\" \/>\n\t<meta name=\"twitter:data1\" content=\"4 minutes\" \/>\n<script type=\"application\/ld+json\" class=\"yoast-schema-graph\">{\"@context\":\"https:\\\/\\\/schema.org\",\"@graph\":[{\"@type\":\"WebPage\",\"@id\":\"https:\\\/\\\/bcsdh.hu\\\/en\\\/about-us\\\/mission\\\/vision-2050\\\/\",\"url\":\"https:\\\/\\\/bcsdh.hu\\\/en\\\/about-us\\\/mission\\\/vision-2050\\\/\",\"name\":\"Vision 2050 - BCSDH\",\"isPartOf\":{\"@id\":\"https:\\\/\\\/bcsdh.hu\\\/#website\"},\"datePublished\":\"2022-11-14T16:21:00+00:00\",\"dateModified\":\"2023-02-09T10:30:57+00:00\",\"breadcrumb\":{\"@id\":\"https:\\\/\\\/bcsdh.hu\\\/en\\\/about-us\\\/mission\\\/vision-2050\\\/#breadcrumb\"},\"inLanguage\":\"en-US\",\"potentialAction\":[{\"@type\":\"ReadAction\",\"target\":[\"https:\\\/\\\/bcsdh.hu\\\/en\\\/about-us\\\/mission\\\/vision-2050\\\/\"]}]},{\"@type\":\"BreadcrumbList\",\"@id\":\"https:\\\/\\\/bcsdh.hu\\\/en\\\/about-us\\\/mission\\\/vision-2050\\\/#breadcrumb\",\"itemListElement\":[{\"@type\":\"ListItem\",\"position\":1,\"name\":\"Kezd\u0151lap\",\"item\":\"https:\\\/\\\/bcsdh.hu\\\/en\\\/bcsdh-the-business-council-for-sustainable-development-in-hungary\\\/\"},{\"@type\":\"ListItem\",\"position\":2,\"name\":\"About us\",\"item\":\"https:\\\/\\\/bcsdh.hu\\\/en\\\/about-us\\\/\"},{\"@type\":\"ListItem\",\"position\":3,\"name\":\"Mission\",\"item\":\"https:\\\/\\\/bcsdh.hu\\\/en\\\/about-us\\\/mission\\\/\"},{\"@type\":\"ListItem\",\"position\":4,\"name\":\"Vision 2050\"}]},{\"@type\":\"WebSite\",\"@id\":\"https:\\\/\\\/bcsdh.hu\\\/#website\",\"url\":\"https:\\\/\\\/bcsdh.hu\\\/\",\"name\":\"BCSDH\",\"description\":\"Magyarorsz\u00e1gi \u00dczleti Tan\u00e1cs a Fenntarthat\u00f3 Fejl\u0151d\u00e9s\u00e9rt (BCSDH) az \u00dczleti Vil\u00e1gtan\u00e1cs a Fenntarthat\u00f3 Fejl\u0151d\u00e9s\u00e9rt hazai szervezete.\",\"potentialAction\":[{\"@type\":\"SearchAction\",\"target\":{\"@type\":\"EntryPoint\",\"urlTemplate\":\"https:\\\/\\\/bcsdh.hu\\\/?s={search_term_string}\"},\"query-input\":{\"@type\":\"PropertyValueSpecification\",\"valueRequired\":true,\"valueName\":\"search_term_string\"}}],\"inLanguage\":\"en-US\"}]}<\/script>\n<!-- \/ Yoast SEO plugin. -->","yoast_head_json":{"title":"Vision 2050 - BCSDH","robots":{"index":"index","follow":"follow","max-snippet":"max-snippet:-1","max-image-preview":"max-image-preview:large","max-video-preview":"max-video-preview:-1"},"canonical":"https:\/\/bcsdh.hu\/en\/about-us\/mission\/vision-2050\/","og_locale":"en_US","og_type":"article","og_title":"Vision 2050 - BCSDH","og_url":"https:\/\/bcsdh.hu\/en\/about-us\/mission\/vision-2050\/","og_site_name":"BCSDH","article_modified_time":"2023-02-09T10:30:57+00:00","twitter_card":"summary_large_image","twitter_misc":{"Est. reading time":"4 minutes"},"schema":{"@context":"https:\/\/schema.org","@graph":[{"@type":"WebPage","@id":"https:\/\/bcsdh.hu\/en\/about-us\/mission\/vision-2050\/","url":"https:\/\/bcsdh.hu\/en\/about-us\/mission\/vision-2050\/","name":"Vision 2050 - BCSDH","isPartOf":{"@id":"https:\/\/bcsdh.hu\/#website"},"datePublished":"2022-11-14T16:21:00+00:00","dateModified":"2023-02-09T10:30:57+00:00","breadcrumb":{"@id":"https:\/\/bcsdh.hu\/en\/about-us\/mission\/vision-2050\/#breadcrumb"},"inLanguage":"en-US","potentialAction":[{"@type":"ReadAction","target":["https:\/\/bcsdh.hu\/en\/about-us\/mission\/vision-2050\/"]}]},{"@type":"BreadcrumbList","@id":"https:\/\/bcsdh.hu\/en\/about-us\/mission\/vision-2050\/#breadcrumb","itemListElement":[{"@type":"ListItem","position":1,"name":"Kezd\u0151lap","item":"https:\/\/bcsdh.hu\/en\/bcsdh-the-business-council-for-sustainable-development-in-hungary\/"},{"@type":"ListItem","position":2,"name":"About us","item":"https:\/\/bcsdh.hu\/en\/about-us\/"},{"@type":"ListItem","position":3,"name":"Mission","item":"https:\/\/bcsdh.hu\/en\/about-us\/mission\/"},{"@type":"ListItem","position":4,"name":"Vision 2050"}]},{"@type":"WebSite","@id":"https:\/\/bcsdh.hu\/#website","url":"https:\/\/bcsdh.hu\/","name":"BCSDH","description":"Magyarorsz\u00e1gi \u00dczleti Tan\u00e1cs a Fenntarthat\u00f3 Fejl\u0151d\u00e9s\u00e9rt (BCSDH) az \u00dczleti Vil\u00e1gtan\u00e1cs a Fenntarthat\u00f3 Fejl\u0151d\u00e9s\u00e9rt hazai szervezete.","potentialAction":[{"@type":"SearchAction","target":{"@type":"EntryPoint","urlTemplate":"https:\/\/bcsdh.hu\/?s={search_term_string}"},"query-input":{"@type":"PropertyValueSpecification","valueRequired":true,"valueName":"search_term_string"}}],"inLanguage":"en-US"}]}},"_links":{"self":[{"href":"https:\/\/bcsdh.hu\/en\/wp-json\/wp\/v2\/pages\/46006","targetHints":{"allow":["GET"]}}],"collection":[{"href":"https:\/\/bcsdh.hu\/en\/wp-json\/wp\/v2\/pages"}],"about":[{"href":"https:\/\/bcsdh.hu\/en\/wp-json\/wp\/v2\/types\/page"}],"author":[{"embeddable":true,"href":"https:\/\/bcsdh.hu\/en\/wp-json\/wp\/v2\/users\/1"}],"replies":[{"embeddable":true,"href":"https:\/\/bcsdh.hu\/en\/wp-json\/wp\/v2\/comments?post=46006"}],"version-history":[{"count":3,"href":"https:\/\/bcsdh.hu\/en\/wp-json\/wp\/v2\/pages\/46006\/revisions"}],"predecessor-version":[{"id":48143,"href":"https:\/\/bcsdh.hu\/en\/wp-json\/wp\/v2\/pages\/46006\/revisions\/48143"}],"up":[{"embeddable":true,"href":"https:\/\/bcsdh.hu\/en\/wp-json\/wp\/v2\/pages\/43219"}],"wp:attachment":[{"href":"https:\/\/bcsdh.hu\/en\/wp-json\/wp\/v2\/media?parent=46006"}],"curies":[{"name":"wp","href":"https:\/\/api.w.org\/{rel}","templated":true}]}}