{"id":46012,"date":"2022-11-14T17:25:00","date_gmt":"2022-11-14T16:25:00","guid":{"rendered":"https:\/\/bcsdh.hu\/?page_id=46012"},"modified":"2023-12-21T10:23:53","modified_gmt":"2023-12-21T09:23:53","slug":"membership","status":"publish","type":"page","link":"https:\/\/bcsdh.hu\/en\/our-members\/membership\/","title":{"rendered":"Membership"},"content":{"rendered":"<div id='av_section_1'  class='avia-section av-rkbqr1-1f1cbb5ad1203132f63c7ca795e51519 main_color avia-section-default avia-no-border-styling  avia-builder-el-0  el_before_av_section  avia-builder-el-first  avia-bg-style-scroll container_wrap fullsize'  ><div class='container av-section-cont-open' ><main  role=\"main\" itemprop=\"mainContentOfPage\"  class='template-page content  av-content-full alpha units'><div class='post-entry post-entry-type-page post-entry-46012'><div class='entry-content-wrapper clearfix'>\n\n<style type=\"text\/css\" data-created_by=\"avia_inline_auto\" id=\"style-css-av-kyockd54-2f2f5428d83e4af0fb242c3f2dc9acd0\">\n#top .av-special-heading.av-kyockd54-2f2f5428d83e4af0fb242c3f2dc9acd0{\npadding-bottom:10px;\n}\nbody .av-special-heading.av-kyockd54-2f2f5428d83e4af0fb242c3f2dc9acd0 .av-special-heading-tag .heading-char{\nfont-size:25px;\n}\n.av-special-heading.av-kyockd54-2f2f5428d83e4af0fb242c3f2dc9acd0 .av-subheading{\nfont-size:15px;\n}\n<\/style>\n<div  class='av-special-heading av-kyockd54-2f2f5428d83e4af0fb242c3f2dc9acd0 av-special-heading-h2 blockquote modern-quote  avia-builder-el-1  el_before_av_textblock  avia-builder-el-first '><h2 class='av-special-heading-tag'  itemprop=\"headline\"  >Our philosophy of membership<\/h2><div class=\"special-heading-border\"><div class=\"special-heading-inner-border\"><\/div><\/div><\/div>\n<section  class='av_textblock_section av-kyocklsm-4f49323d67154e29cef270e3a239f2ef '   itemscope=\"itemscope\" itemtype=\"https:\/\/schema.org\/CreativeWork\" ><div class='avia_textblock'  itemprop=\"text\" ><p><strong>Our members believe that by integrating social and environmental impacts with financial results, businesses will lower their risk profile, make better decisions.<\/strong><\/p>\n<p>As business adapts to an unprecedented rate of global change,\u00a0<strong>BCSDH membership gives businesses the value, impact and voice to navigate this change<\/strong>\u00a0and prosper by transforming themselves and the world.<\/p>\n<p>BCSDH is inclusive \u2013 we don\u2019t judge a company by its legacy. <strong>If a company is serious about improving sustainability in their business practices and will contribute to collaboration on sustainability across sectors and countries worldwide,\u00a0<\/strong>then they are a welcome member of our network.<\/p>\n<\/div><\/section>\n\n<\/div><\/div><\/main><!-- close content main element --><\/div><\/div>\n<style type=\"text\/css\" data-created_by=\"avia_inline_auto\" id=\"style-css-av-laali88z-97eb9f746a58553ea014ce610f1a73ed\">\n.avia-section.av-laali88z-97eb9f746a58553ea014ce610f1a73ed{\nbackground-color:#efefef;\nbackground-image:unset;\n}\n<\/style>\n<div id='tagsag-ertekei'  class='avia-section av-laali88z-97eb9f746a58553ea014ce610f1a73ed main_color avia-section-default avia-no-border-styling  avia-builder-el-3  el_after_av_section  avia-builder-el-last  avia-bg-style-scroll container_wrap fullsize'  ><div class='container av-section-cont-open' ><div class='template-page content  av-content-full alpha units'><div class='post-entry post-entry-type-page post-entry-46012'><div class='entry-content-wrapper clearfix'>\n\n<style type=\"text\/css\" data-created_by=\"avia_inline_auto\" id=\"style-css-av-la9tqani-312b73d915b8622a636c3373bfb5fc4c\">\n#top .av-special-heading.av-la9tqani-312b73d915b8622a636c3373bfb5fc4c{\npadding-bottom:10px;\n}\nbody .av-special-heading.av-la9tqani-312b73d915b8622a636c3373bfb5fc4c .av-special-heading-tag .heading-char{\nfont-size:25px;\n}\n.av-special-heading.av-la9tqani-312b73d915b8622a636c3373bfb5fc4c .av-subheading{\nfont-size:15px;\n}\n<\/style>\n<div  class='av-special-heading av-la9tqani-312b73d915b8622a636c3373bfb5fc4c av-special-heading-h2 blockquote modern-quote  avia-builder-el-4  el_before_av_iconlist  avia-builder-el-first '><h2 class='av-special-heading-tag'  itemprop=\"headline\"  >Our membership offers for businesses:<\/h2><div class=\"special-heading-border\"><div class=\"special-heading-inner-border\"><\/div><\/div><\/div>\n\n<style type=\"text\/css\" data-created_by=\"avia_inline_auto\" id=\"style-css-av-la9tz3hf-813a0bc00a8dfba2fcc65da7bb236f3e\">\n#top .avia-icon-list-container.av-la9tz3hf-813a0bc00a8dfba2fcc65da7bb236f3e .iconlist_icon{\ncolor:#1c195b;\n}\n#top #wrap_all .avia-icon-list-container.av-la9tz3hf-813a0bc00a8dfba2fcc65da7bb236f3e .av_iconlist_title{\ncolor:#1c195b;\n}\n<\/style>\n<div  class='avia-icon-list-container av-la9tz3hf-813a0bc00a8dfba2fcc65da7bb236f3e  avia-builder-el-5  el_after_av_heading  avia-builder-el-last '><ul class='avia-icon-list avia_animate_when_almost_visible avia-icon-list-left av-iconlist-big av-la9tz3hf-813a0bc00a8dfba2fcc65da7bb236f3e avia-iconlist-animate'>\n<li><div class='iconlist_icon av-la9tvyir-107f66f5be9ba33d05f099ae78ad2341 avia-font-entypo-fontello'><span class='iconlist-char' aria-hidden='true' data-av_icon='\ue89a' data-av_iconfont='entypo-fontello'><\/span><\/div><article class=\"article-icon-entry av-iconlist-empty\"  itemscope=\"itemscope\" itemtype=\"https:\/\/schema.org\/CreativeWork\" ><div class=\"iconlist_content_wrap\"><header class=\"entry-content-header\"><h4 class='av_iconlist_title iconlist_title  av_inherit_color'  itemprop=\"headline\" >An opportunity to meet and to cooperate creating value with responsible company managers who are committed to the topic<\/h4><\/header><div class='iconlist_content '  itemprop=\"text\" ><\/div><\/div><footer class=\"entry-footer\"><\/footer><\/article><div class=\"iconlist-timeline\"><\/div><\/li>\n<li><div class='iconlist_icon av-la9twmv6-cf307525eb502c25e267546357fcbc5f avia-font-entypo-fontello'><span class='iconlist-char' aria-hidden='true' data-av_icon='\ue89a' data-av_iconfont='entypo-fontello'><\/span><\/div><article class=\"article-icon-entry av-iconlist-empty\"  itemscope=\"itemscope\" itemtype=\"https:\/\/schema.org\/CreativeWork\" ><div class=\"iconlist_content_wrap\"><header class=\"entry-content-header\"><h4 class='av_iconlist_title iconlist_title  av_inherit_color'  itemprop=\"headline\" >Access to the professional materials, research results and studies of the BCSDH and our global network organization the World Business Council for Sustainable Development (WBCSD)D<\/h4><\/header><div class='iconlist_content '  itemprop=\"text\" ><\/div><\/div><footer class=\"entry-footer\"><\/footer><\/article><div class=\"iconlist-timeline\"><\/div><\/li>\n<li><div class='iconlist_icon av-la9tx7yh-970d23034a6b9792c04fd0f6590dba61 avia-font-entypo-fontello'><span class='iconlist-char' aria-hidden='true' data-av_icon='\ue89a' data-av_iconfont='entypo-fontello'><\/span><\/div><article class=\"article-icon-entry av-iconlist-empty\"  itemscope=\"itemscope\" itemtype=\"https:\/\/schema.org\/CreativeWork\" ><div class=\"iconlist_content_wrap\"><header class=\"entry-content-header\"><h4 class='av_iconlist_title iconlist_title  av_inherit_color'  itemprop=\"headline\" >Access to international and domestic information on sustainability-related events, trends, regulations, and their expected effects<\/h4><\/header><div class='iconlist_content '  itemprop=\"text\" ><\/div><\/div><footer class=\"entry-footer\"><\/footer><\/article><div class=\"iconlist-timeline\"><\/div><\/li>\n<li><div class='iconlist_icon av-la9tux7q-aa12cb6a9716d46347a5c718b4a8c38e avia-font-entypo-fontello'><span class='iconlist-char' aria-hidden='true' data-av_icon='\ue89a' data-av_iconfont='entypo-fontello'><\/span><\/div><article class=\"article-icon-entry av-iconlist-empty\"  itemscope=\"itemscope\" itemtype=\"https:\/\/schema.org\/CreativeWork\" ><div class=\"iconlist_content_wrap\"><header class=\"entry-content-header\"><h4 class='av_iconlist_title iconlist_title  av_inherit_color'  itemprop=\"headline\" >Getting to know and sharing hundreds of corporate and sustainability business solutions<\/h4><\/header><div class='iconlist_content '  itemprop=\"text\" ><\/div><\/div><footer class=\"entry-footer\"><\/footer><\/article><div class=\"iconlist-timeline\"><\/div><\/li>\n<li><div class='iconlist_icon av-la9txztf-76e18b8fabcbf4922764bb4c9344b2be avia-font-entypo-fontello'><span class='iconlist-char' aria-hidden='true' data-av_icon='\ue89a' data-av_iconfont='entypo-fontello'><\/span><\/div><article class=\"article-icon-entry av-iconlist-empty\"  itemscope=\"itemscope\" itemtype=\"https:\/\/schema.org\/CreativeWork\" ><div class=\"iconlist_content_wrap\"><header class=\"entry-content-header\"><h4 class='av_iconlist_title iconlist_title  av_inherit_color'  itemprop=\"headline\" >Free participation in BCSDH\u2019s professional programs and CEO round table discussions<\/h4><\/header><div class='iconlist_content '  itemprop=\"text\" ><\/div><\/div><footer class=\"entry-footer\"><\/footer><\/article><div class=\"iconlist-timeline\"><\/div><\/li>\n<li><div class='iconlist_icon av-la9txztf-6c7ea98d620f948317afcb8137bd992e avia-font-entypo-fontello'><span class='iconlist-char' aria-hidden='true' data-av_icon='\ue89a' data-av_iconfont='entypo-fontello'><\/span><\/div><article class=\"article-icon-entry av-iconlist-empty\"  itemscope=\"itemscope\" itemtype=\"https:\/\/schema.org\/CreativeWork\" ><div class=\"iconlist_content_wrap\"><header class=\"entry-content-header\"><h4 class='av_iconlist_title iconlist_title  av_inherit_color'  itemprop=\"headline\" >The possibility of delegating 2 people to the unique \u2018Future Leaders\u2019 Talent Program<\/h4><\/header><div class='iconlist_content '  itemprop=\"text\" ><\/div><\/div><footer class=\"entry-footer\"><\/footer><\/article><div class=\"iconlist-timeline\"><\/div><\/li>\n<li><div class='iconlist_icon av-la9txztf-db28fb04a051e66327d230e19022d829 avia-font-entypo-fontello'><span class='iconlist-char' aria-hidden='true' data-av_icon='\ue89a' data-av_iconfont='entypo-fontello'><\/span><\/div><article class=\"article-icon-entry av-iconlist-empty\"  itemscope=\"itemscope\" itemtype=\"https:\/\/schema.org\/CreativeWork\" ><div class=\"iconlist_content_wrap\"><header class=\"entry-content-header\"><h4 class='av_iconlist_title iconlist_title  av_inherit_color'  itemprop=\"headline\" >Publication of the company\u2019s sustainability news and results on our websites and newsletters<\/h4><\/header><div class='iconlist_content '  itemprop=\"text\" ><\/div><\/div><footer class=\"entry-footer\"><\/footer><\/article><div class=\"iconlist-timeline\"><\/div><\/li>\n<li><div class='iconlist_icon av-la9txztf-f384d0c6e584c929303d13d0706fdb3e avia-font-entypo-fontello'><span class='iconlist-char' aria-hidden='true' data-av_icon='\ue89a' data-av_iconfont='entypo-fontello'><\/span><\/div><article class=\"article-icon-entry av-iconlist-empty\"  itemscope=\"itemscope\" itemtype=\"https:\/\/schema.org\/CreativeWork\" ><div class=\"iconlist_content_wrap\"><header class=\"entry-content-header\"><h4 class='av_iconlist_title iconlist_title  av_inherit_color'  itemprop=\"headline\" >Participation in sustainability-related research and other professional consultations<\/h4><\/header><div class='iconlist_content '  itemprop=\"text\" ><\/div><\/div><footer class=\"entry-footer\"><\/footer><\/article><div class=\"iconlist-timeline\"><\/div><\/li>\n<li><div class='iconlist_icon av-la9txztf-33c9c662f68974287d449a0d2c903adb avia-font-entypo-fontello'><span class='iconlist-char' aria-hidden='true' data-av_icon='\ue89a' data-av_iconfont='entypo-fontello'><\/span><\/div><article class=\"article-icon-entry av-iconlist-empty\"  itemscope=\"itemscope\" itemtype=\"https:\/\/schema.org\/CreativeWork\" ><div class=\"iconlist_content_wrap\"><header class=\"entry-content-header\"><h4 class='av_iconlist_title iconlist_title  av_inherit_color'  itemprop=\"headline\" >Additional, unique, company-tailored sustainability services and programs<\/h4><\/header><div class='iconlist_content '  itemprop=\"text\" ><\/div><\/div><footer class=\"entry-footer\"><\/footer><\/article><div class=\"iconlist-timeline\"><\/div><\/li>\n<li><div class='iconlist_icon av-la9txztf-f9e898c645b2dd6705c6d6dd9cd63841 avia-font-entypo-fontello'><span class='iconlist-char' aria-hidden='true' data-av_icon='\ue89a' data-av_iconfont='entypo-fontello'><\/span><\/div><article class=\"article-icon-entry av-iconlist-empty\"  itemscope=\"itemscope\" itemtype=\"https:\/\/schema.org\/CreativeWork\" ><div class=\"iconlist_content_wrap\"><header class=\"entry-content-header\"><h4 class='av_iconlist_title iconlist_title  av_inherit_color'  itemprop=\"headline\" >Representing the topic of corporate sustainability at policy forums, conferences, and in the media<\/h4><\/header><div class='iconlist_content '  itemprop=\"text\" ><\/div><\/div><footer class=\"entry-footer\"><\/footer><\/article><div class=\"iconlist-timeline\"><\/div><\/li>\n<\/ul><\/div>\n\n","protected":false},"excerpt":{"rendered":"","protected":false},"author":1,"featured_media":0,"parent":43232,"menu_order":0,"comment_status":"closed","ping_status":"closed","template":"","meta":{"footnotes":""},"class_list":["post-46012","page","type-page","status-publish","hentry"],"yoast_head":"<!-- This site is optimized with the Yoast SEO plugin v27.3 - https:\/\/yoast.com\/product\/yoast-seo-wordpress\/ -->\n<title>Membership - BCSDH<\/title>\n<meta name=\"robots\" content=\"index, follow, max-snippet:-1, max-image-preview:large, max-video-preview:-1\" \/>\n<link rel=\"canonical\" href=\"https:\/\/bcsdh.hu\/en\/our-members\/membership\/\" \/>\n<meta property=\"og:locale\" content=\"en_US\" \/>\n<meta property=\"og:type\" content=\"article\" \/>\n<meta property=\"og:title\" content=\"Membership - BCSDH\" \/>\n<meta property=\"og:url\" content=\"https:\/\/bcsdh.hu\/en\/our-members\/membership\/\" \/>\n<meta property=\"og:site_name\" content=\"BCSDH\" \/>\n<meta property=\"article:modified_time\" content=\"2023-12-21T09:23:53+00:00\" \/>\n<meta name=\"twitter:card\" content=\"summary_large_image\" \/>\n<meta name=\"twitter:label1\" content=\"Est. reading time\" \/>\n\t<meta name=\"twitter:data1\" content=\"4 minutes\" \/>\n<script type=\"application\/ld+json\" class=\"yoast-schema-graph\">{\"@context\":\"https:\\\/\\\/schema.org\",\"@graph\":[{\"@type\":\"WebPage\",\"@id\":\"https:\\\/\\\/bcsdh.hu\\\/en\\\/our-members\\\/membership\\\/\",\"url\":\"https:\\\/\\\/bcsdh.hu\\\/en\\\/our-members\\\/membership\\\/\",\"name\":\"Membership - BCSDH\",\"isPartOf\":{\"@id\":\"https:\\\/\\\/bcsdh.hu\\\/#website\"},\"datePublished\":\"2022-11-14T16:25:00+00:00\",\"dateModified\":\"2023-12-21T09:23:53+00:00\",\"breadcrumb\":{\"@id\":\"https:\\\/\\\/bcsdh.hu\\\/en\\\/our-members\\\/membership\\\/#breadcrumb\"},\"inLanguage\":\"en-US\",\"potentialAction\":[{\"@type\":\"ReadAction\",\"target\":[\"https:\\\/\\\/bcsdh.hu\\\/en\\\/our-members\\\/membership\\\/\"]}]},{\"@type\":\"BreadcrumbList\",\"@id\":\"https:\\\/\\\/bcsdh.hu\\\/en\\\/our-members\\\/membership\\\/#breadcrumb\",\"itemListElement\":[{\"@type\":\"ListItem\",\"position\":1,\"name\":\"Kezd\u0151lap\",\"item\":\"https:\\\/\\\/bcsdh.hu\\\/en\\\/bcsdh-the-business-council-for-sustainable-development-in-hungary\\\/\"},{\"@type\":\"ListItem\",\"position\":2,\"name\":\"Our members\",\"item\":\"https:\\\/\\\/bcsdh.hu\\\/en\\\/our-members\\\/\"},{\"@type\":\"ListItem\",\"position\":3,\"name\":\"Membership\"}]},{\"@type\":\"WebSite\",\"@id\":\"https:\\\/\\\/bcsdh.hu\\\/#website\",\"url\":\"https:\\\/\\\/bcsdh.hu\\\/\",\"name\":\"BCSDH\",\"description\":\"Magyarorsz\u00e1gi \u00dczleti Tan\u00e1cs a Fenntarthat\u00f3 Fejl\u0151d\u00e9s\u00e9rt (BCSDH) az \u00dczleti Vil\u00e1gtan\u00e1cs a Fenntarthat\u00f3 Fejl\u0151d\u00e9s\u00e9rt hazai szervezete.\",\"potentialAction\":[{\"@type\":\"SearchAction\",\"target\":{\"@type\":\"EntryPoint\",\"urlTemplate\":\"https:\\\/\\\/bcsdh.hu\\\/?s={search_term_string}\"},\"query-input\":{\"@type\":\"PropertyValueSpecification\",\"valueRequired\":true,\"valueName\":\"search_term_string\"}}],\"inLanguage\":\"en-US\"}]}<\/script>\n<!-- \/ Yoast SEO plugin. -->","yoast_head_json":{"title":"Membership - BCSDH","robots":{"index":"index","follow":"follow","max-snippet":"max-snippet:-1","max-image-preview":"max-image-preview:large","max-video-preview":"max-video-preview:-1"},"canonical":"https:\/\/bcsdh.hu\/en\/our-members\/membership\/","og_locale":"en_US","og_type":"article","og_title":"Membership - BCSDH","og_url":"https:\/\/bcsdh.hu\/en\/our-members\/membership\/","og_site_name":"BCSDH","article_modified_time":"2023-12-21T09:23:53+00:00","twitter_card":"summary_large_image","twitter_misc":{"Est. reading time":"4 minutes"},"schema":{"@context":"https:\/\/schema.org","@graph":[{"@type":"WebPage","@id":"https:\/\/bcsdh.hu\/en\/our-members\/membership\/","url":"https:\/\/bcsdh.hu\/en\/our-members\/membership\/","name":"Membership - BCSDH","isPartOf":{"@id":"https:\/\/bcsdh.hu\/#website"},"datePublished":"2022-11-14T16:25:00+00:00","dateModified":"2023-12-21T09:23:53+00:00","breadcrumb":{"@id":"https:\/\/bcsdh.hu\/en\/our-members\/membership\/#breadcrumb"},"inLanguage":"en-US","potentialAction":[{"@type":"ReadAction","target":["https:\/\/bcsdh.hu\/en\/our-members\/membership\/"]}]},{"@type":"BreadcrumbList","@id":"https:\/\/bcsdh.hu\/en\/our-members\/membership\/#breadcrumb","itemListElement":[{"@type":"ListItem","position":1,"name":"Kezd\u0151lap","item":"https:\/\/bcsdh.hu\/en\/bcsdh-the-business-council-for-sustainable-development-in-hungary\/"},{"@type":"ListItem","position":2,"name":"Our members","item":"https:\/\/bcsdh.hu\/en\/our-members\/"},{"@type":"ListItem","position":3,"name":"Membership"}]},{"@type":"WebSite","@id":"https:\/\/bcsdh.hu\/#website","url":"https:\/\/bcsdh.hu\/","name":"BCSDH","description":"Magyarorsz\u00e1gi \u00dczleti Tan\u00e1cs a Fenntarthat\u00f3 Fejl\u0151d\u00e9s\u00e9rt (BCSDH) az \u00dczleti Vil\u00e1gtan\u00e1cs a Fenntarthat\u00f3 Fejl\u0151d\u00e9s\u00e9rt hazai szervezete.","potentialAction":[{"@type":"SearchAction","target":{"@type":"EntryPoint","urlTemplate":"https:\/\/bcsdh.hu\/?s={search_term_string}"},"query-input":{"@type":"PropertyValueSpecification","valueRequired":true,"valueName":"search_term_string"}}],"inLanguage":"en-US"}]}},"_links":{"self":[{"href":"https:\/\/bcsdh.hu\/en\/wp-json\/wp\/v2\/pages\/46012","targetHints":{"allow":["GET"]}}],"collection":[{"href":"https:\/\/bcsdh.hu\/en\/wp-json\/wp\/v2\/pages"}],"about":[{"href":"https:\/\/bcsdh.hu\/en\/wp-json\/wp\/v2\/types\/page"}],"author":[{"embeddable":true,"href":"https:\/\/bcsdh.hu\/en\/wp-json\/wp\/v2\/users\/1"}],"replies":[{"embeddable":true,"href":"https:\/\/bcsdh.hu\/en\/wp-json\/wp\/v2\/comments?post=46012"}],"version-history":[{"count":5,"href":"https:\/\/bcsdh.hu\/en\/wp-json\/wp\/v2\/pages\/46012\/revisions"}],"predecessor-version":[{"id":57524,"href":"https:\/\/bcsdh.hu\/en\/wp-json\/wp\/v2\/pages\/46012\/revisions\/57524"}],"up":[{"embeddable":true,"href":"https:\/\/bcsdh.hu\/en\/wp-json\/wp\/v2\/pages\/43232"}],"wp:attachment":[{"href":"https:\/\/bcsdh.hu\/en\/wp-json\/wp\/v2\/media?parent=46012"}],"curies":[{"name":"wp","href":"https:\/\/api.w.org\/{rel}","templated":true}]}}