{"id":46016,"date":"2022-11-14T17:25:49","date_gmt":"2022-11-14T16:25:49","guid":{"rendered":"https:\/\/bcsdh.hu\/?page_id=46016"},"modified":"2024-03-06T14:53:08","modified_gmt":"2024-03-06T13:53:08","slug":"become-a-member","status":"publish","type":"page","link":"https:\/\/bcsdh.hu\/en\/our-members\/become-a-member\/","title":{"rendered":"Become a  member"},"content":{"rendered":"<div id='av_section_1'  class='avia-section av-1nhxmq7-505e4aafca29c4fa3c8be455bd9e1fcc main_color avia-section-default avia-no-border-styling  avia-builder-el-0  el_before_av_section  avia-builder-el-first  avia-bg-style-scroll container_wrap fullsize'  ><div class='container av-section-cont-open' ><main  role=\"main\" itemprop=\"mainContentOfPage\"  class='template-page content  av-content-full alpha units'><div class='post-entry post-entry-type-page post-entry-46016'><div class='entry-content-wrapper clearfix'>\n\n<style type=\"text\/css\" data-created_by=\"avia_inline_auto\" id=\"style-css-av-kyocssuk-9c5b33b878d785ba395624fc9a41814f\">\n#top .av-special-heading.av-kyocssuk-9c5b33b878d785ba395624fc9a41814f{\npadding-bottom:10px;\n}\nbody .av-special-heading.av-kyocssuk-9c5b33b878d785ba395624fc9a41814f .av-special-heading-tag .heading-char{\nfont-size:25px;\n}\n.av-special-heading.av-kyocssuk-9c5b33b878d785ba395624fc9a41814f .av-subheading{\nfont-size:15px;\n}\n<\/style>\n<div  class='av-special-heading av-kyocssuk-9c5b33b878d785ba395624fc9a41814f av-special-heading-h2 blockquote modern-quote  avia-builder-el-1  el_before_av_textblock  avia-builder-el-first '><h2 class='av-special-heading-tag'  itemprop=\"headline\"  >Become a member<\/h2><div class=\"special-heading-border\"><div class=\"special-heading-inner-border\"><\/div><\/div><\/div>\n<section  class='av_textblock_section av-kyoct7em-05fb7847826ec7522462a2cf8fda128f '   itemscope=\"itemscope\" itemtype=\"https:\/\/schema.org\/CreativeWork\" ><div class='avia_textblock'  itemprop=\"text\" ><p><strong>The intention to join is approved by the Board of the BCSDH.<\/strong>\u00a0By signing the declaration of entry, the participating company\u00a0<strong>accepts the support of our mission and vision and joins our<a href=\"https:\/\/bcsdh.hu\/en\/about-us\/mission\/recommendation\/\"> Sustainable Corporate Management Guidelines<\/a><\/strong>,\u00a0expressing that they agree with the principles, wish to lead by example as well as manage their companies accordingly.<\/p>\n<\/div><\/section>\n\n<style type=\"text\/css\" data-created_by=\"avia_inline_auto\" id=\"style-css-av-lafsx050-7d3f2cdfe58b69f296819a8a8308f593\">\n#top .av-special-heading.av-lafsx050-7d3f2cdfe58b69f296819a8a8308f593{\npadding-bottom:10px;\n}\nbody .av-special-heading.av-lafsx050-7d3f2cdfe58b69f296819a8a8308f593 .av-special-heading-tag .heading-char{\nfont-size:25px;\n}\n.av-special-heading.av-lafsx050-7d3f2cdfe58b69f296819a8a8308f593 .av-subheading{\nfont-size:15px;\n}\n<\/style>\n<div  class='av-special-heading av-lafsx050-7d3f2cdfe58b69f296819a8a8308f593 av-special-heading-h2 blockquote modern-quote  avia-builder-el-3  el_after_av_textblock  el_before_av_iconlist '><h2 class='av-special-heading-tag'  itemprop=\"headline\"  >Membership conditions<\/h2><div class=\"special-heading-border\"><div class=\"special-heading-inner-border\"><\/div><\/div><\/div>\n\n<style type=\"text\/css\" data-created_by=\"avia_inline_auto\" id=\"style-css-av-lafsrmpf-047a2e5c7acfe1f2c8836b45baabff5e\">\n#top .avia-icon-list-container.av-lafsrmpf-047a2e5c7acfe1f2c8836b45baabff5e .iconlist_icon{\ncolor:#1c195b;\n}\n#top #wrap_all .avia-icon-list-container.av-lafsrmpf-047a2e5c7acfe1f2c8836b45baabff5e .av_iconlist_title{\ncolor:#1c195b;\n}\n<\/style>\n<div  class='avia-icon-list-container av-lafsrmpf-047a2e5c7acfe1f2c8836b45baabff5e  avia-builder-el-4  el_after_av_heading  avia-builder-el-last '><ul class='avia-icon-list avia_animate_when_almost_visible avia-icon-list-left av-iconlist-small av-lafsrmpf-047a2e5c7acfe1f2c8836b45baabff5e avia-iconlist-animate'>\n<li><div class='iconlist_icon av-lafs961d-49e959eebc20f7b6fe9e04b04aac40dd avia-font-entypo-fontello'><span class='iconlist-char' aria-hidden='true' data-av_icon='\ue89a' data-av_iconfont='entypo-fontello'><\/span><\/div><article class=\"article-icon-entry \"  itemscope=\"itemscope\" itemtype=\"https:\/\/schema.org\/CreativeWork\" ><div class=\"iconlist_content_wrap\"><header class=\"entry-content-header\"><\/header><div class='iconlist_content '  itemprop=\"text\" ><p>It is a legally and operationally independent company<strong> registered in Hungary.<\/strong><\/p>\n<\/div><\/div><footer class=\"entry-footer\"><\/footer><\/article><div class=\"iconlist-timeline\"><\/div><\/li>\n<li><div class='iconlist_icon av-lafsbd2s-8225712be79dda6646eeaea246df1d26 avia-font-entypo-fontello'><span class='iconlist-char' aria-hidden='true' data-av_icon='\ue89a' data-av_iconfont='entypo-fontello'><\/span><\/div><article class=\"article-icon-entry \"  itemscope=\"itemscope\" itemtype=\"https:\/\/schema.org\/CreativeWork\" ><div class=\"iconlist_content_wrap\"><header class=\"entry-content-header\"><\/header><div class='iconlist_content '  itemprop=\"text\" ><p>The company is <strong>represented by top and board level managers<\/strong> with full responsibility for sustainable development.<\/p>\n<\/div><\/div><footer class=\"entry-footer\"><\/footer><\/article><div class=\"iconlist-timeline\"><\/div><\/li>\n<li><div class='iconlist_icon av-lafsf464-8af5fab61efff9c1428fef44a020fefd avia-font-entypo-fontello'><span class='iconlist-char' aria-hidden='true' data-av_icon='\ue89a' data-av_iconfont='entypo-fontello'><\/span><\/div><article class=\"article-icon-entry \"  itemscope=\"itemscope\" itemtype=\"https:\/\/schema.org\/CreativeWork\" ><div class=\"iconlist_content_wrap\"><header class=\"entry-content-header\"><\/header><div class='iconlist_content '  itemprop=\"text\" ><p>The company appoints <strong>a contact person<\/strong> to maintain contact with the BCSDH and <strong>ensures the commitment and involvement of its member company.<\/strong><\/p>\n<\/div><\/div><footer class=\"entry-footer\"><\/footer><\/article><div class=\"iconlist-timeline\"><\/div><\/li>\n<li><div class='iconlist_icon av-lafsgrau-07bdafd258f4442c231246bdd9debea4 avia-font-entypo-fontello'><span class='iconlist-char' aria-hidden='true' data-av_icon='\ue89a' data-av_iconfont='entypo-fontello'><\/span><\/div><article class=\"article-icon-entry \"  itemscope=\"itemscope\" itemtype=\"https:\/\/schema.org\/CreativeWork\" ><div class=\"iconlist_content_wrap\"><header class=\"entry-content-header\"><\/header><div class='iconlist_content '  itemprop=\"text\" ><p>Getting to know and accepting the <strong>BCSDH statutes<\/strong> and the <strong>&#8216;<a href=\"https:\/\/bcsdh.hu\/en\/about-us\/mission\/recommendation\/\">Sustainable Corporate Management Guidelines<\/a>&#8216;.<\/strong><\/p>\n<\/div><\/div><footer class=\"entry-footer\"><\/footer><\/article><div class=\"iconlist-timeline\"><\/div><\/li>\n<li><div class='iconlist_icon av-lafshyl4-c59bb5b9db9e2b5184016588c612f73c avia-font-entypo-fontello'><span class='iconlist-char' aria-hidden='true' data-av_icon='\ue89a' data-av_iconfont='entypo-fontello'><\/span><\/div><article class=\"article-icon-entry \"  itemscope=\"itemscope\" itemtype=\"https:\/\/schema.org\/CreativeWork\" ><div class=\"iconlist_content_wrap\"><header class=\"entry-content-header\"><\/header><div class='iconlist_content '  itemprop=\"text\" ><p>The company intends to <strong>actively participate in the work program<\/strong> of the BCSDH by <strong>making its in-house expertise and appropriate human resources available to the organization.<\/strong><\/p>\n<\/div><\/div><footer class=\"entry-footer\"><\/footer><\/article><div class=\"iconlist-timeline\"><\/div><\/li>\n<li><div class='iconlist_icon av-lafshyl4-c59bb5b9db9e2b5184016588c612f73c avia-font-entypo-fontello'><span class='iconlist-char' aria-hidden='true' data-av_icon='\ue89a' data-av_iconfont='entypo-fontello'><\/span><\/div><article class=\"article-icon-entry \"  itemscope=\"itemscope\" itemtype=\"https:\/\/schema.org\/CreativeWork\" ><div class=\"iconlist_content_wrap\"><header class=\"entry-content-header\"><\/header><div class='iconlist_content '  itemprop=\"text\" ><p>The company actively <strong>supports the goals of the BCSDH<\/strong> and its <strong>work plan<\/strong> approved by the board, and <strong>participates in its surveys.<\/strong><\/p>\n<\/div><\/div><footer class=\"entry-footer\"><\/footer><\/article><div class=\"iconlist-timeline\"><\/div><\/li>\n<li><div class='iconlist_icon av-lafshyl4-c59bb5b9db9e2b5184016588c612f73c avia-font-entypo-fontello'><span class='iconlist-char' aria-hidden='true' data-av_icon='\ue89a' data-av_iconfont='entypo-fontello'><\/span><\/div><article class=\"article-icon-entry \"  itemscope=\"itemscope\" itemtype=\"https:\/\/schema.org\/CreativeWork\" ><div class=\"iconlist_content_wrap\"><header class=\"entry-content-header\"><\/header><div class='iconlist_content '  itemprop=\"text\" ><p><strong>The company participates annually in the sustainability maturity survey.<\/strong><\/p>\n<\/div><\/div><footer class=\"entry-footer\"><\/footer><\/article><div class=\"iconlist-timeline\"><\/div><\/li>\n<li><div class='iconlist_icon av-lafshyl4-c59bb5b9db9e2b5184016588c612f73c avia-font-entypo-fontello'><span class='iconlist-char' aria-hidden='true' data-av_icon='\ue89a' data-av_iconfont='entypo-fontello'><\/span><\/div><article class=\"article-icon-entry \"  itemscope=\"itemscope\" itemtype=\"https:\/\/schema.org\/CreativeWork\" ><div class=\"iconlist_content_wrap\"><header class=\"entry-content-header\"><\/header><div class='iconlist_content '  itemprop=\"text\" ><p>The company prepares an <strong>annual sustainability report<\/strong> (in independent, integrated, or combined form) <strong>or ensures the availability of financial and non-financial indicators representing the company&#8217;s performance.<\/strong><\/p>\n<\/div><\/div><footer class=\"entry-footer\"><\/footer><\/article><div class=\"iconlist-timeline\"><\/div><\/li>\n<li><div class='iconlist_icon av-lafshyl4-c59bb5b9db9e2b5184016588c612f73c avia-font-entypo-fontello'><span class='iconlist-char' aria-hidden='true' data-av_icon='\ue89a' data-av_iconfont='entypo-fontello'><\/span><\/div><article class=\"article-icon-entry \"  itemscope=\"itemscope\" itemtype=\"https:\/\/schema.org\/CreativeWork\" ><div class=\"iconlist_content_wrap\"><header class=\"entry-content-header\"><\/header><div class='iconlist_content '  itemprop=\"text\" ><p>The company agrees to <strong>pay the annual membership fee<\/strong>, the amount of which is determined by the yearly General Assembly.<\/p>\n<\/div><\/div><footer class=\"entry-footer\"><\/footer><\/article><div class=\"iconlist-timeline\"><\/div><\/li>\n<\/ul><\/div>\n\n<\/div><\/div><\/main><!-- close content main element --><\/div><\/div><div id='av_section_2'  class='avia-section av-kyod0pwp-696e2895c9ffc51b9080a50159eebf96 alternate_color avia-section-default avia-no-border-styling  avia-builder-el-5  el_after_av_section  el_before_av_section  avia-bg-style-scroll container_wrap fullsize'  ><div class='container av-section-cont-open' ><div class='template-page content  av-content-full alpha units'><div class='post-entry post-entry-type-page post-entry-46016'><div class='entry-content-wrapper clearfix'>\n\n<style type=\"text\/css\" data-created_by=\"avia_inline_auto\" id=\"style-css-av-kyoctgqw-bb1f6e416b63461886047c3e0c87f976\">\n#top .av-special-heading.av-kyoctgqw-bb1f6e416b63461886047c3e0c87f976{\npadding-bottom:10px;\n}\nbody .av-special-heading.av-kyoctgqw-bb1f6e416b63461886047c3e0c87f976 .av-special-heading-tag .heading-char{\nfont-size:25px;\n}\n.av-special-heading.av-kyoctgqw-bb1f6e416b63461886047c3e0c87f976 .av-subheading{\nfont-size:15px;\n}\n<\/style>\n<div  class='av-special-heading av-kyoctgqw-bb1f6e416b63461886047c3e0c87f976 av-special-heading-h2 blockquote modern-quote  avia-builder-el-6  el_before_av_textblock  avia-builder-el-first '><h2 class='av-special-heading-tag'  itemprop=\"headline\"  >Membership fee<\/h2><div class=\"special-heading-border\"><div class=\"special-heading-inner-border\"><\/div><\/div><\/div>\n<section  class='av_textblock_section av-kyocts02-c95e4953bce2c60efbe1cc20c3b1fb46 '   itemscope=\"itemscope\" itemtype=\"https:\/\/schema.org\/CreativeWork\" ><div class='avia_textblock'  itemprop=\"text\" ><p>The annual membership fee in 2024 is HUF 550,000 (VAT free).<\/p>\n<\/div><\/section>\n<\/div><\/div><\/div><!-- close content main div --><\/div><\/div><div id='av_section_3'  class='avia-section av-17ula4v-dd0a98b10f61ab6e474f2ddc7008a336 main_color avia-section-default avia-no-border-styling  avia-builder-el-8  el_after_av_section  avia-builder-el-last  avia-bg-style-scroll container_wrap fullsize'  ><div class='container av-section-cont-open' ><div class='template-page content  av-content-full alpha units'><div class='post-entry post-entry-type-page post-entry-46016'><div class='entry-content-wrapper clearfix'>\n\n<style type=\"text\/css\" data-created_by=\"avia_inline_auto\" id=\"style-css-av-kyocuarb-5516ee9bb72f13498a49b36f3a999b16\">\n#top .av-special-heading.av-kyocuarb-5516ee9bb72f13498a49b36f3a999b16{\npadding-bottom:10px;\n}\nbody .av-special-heading.av-kyocuarb-5516ee9bb72f13498a49b36f3a999b16 .av-special-heading-tag .heading-char{\nfont-size:25px;\n}\n.av-special-heading.av-kyocuarb-5516ee9bb72f13498a49b36f3a999b16 .av-subheading{\nfont-size:15px;\n}\n<\/style>\n<div  class='av-special-heading av-kyocuarb-5516ee9bb72f13498a49b36f3a999b16 av-special-heading-h2 blockquote modern-quote  avia-builder-el-9  el_before_av_textblock  avia-builder-el-first '><h2 class='av-special-heading-tag'  itemprop=\"headline\"  >Application process<\/h2><div class=\"special-heading-border\"><div class=\"special-heading-inner-border\"><\/div><\/div><\/div>\n<section  class='av_textblock_section av-kyocv4kn-52bb22285c60c5e92c94deaa5b8fdea2 '   itemscope=\"itemscope\" itemtype=\"https:\/\/schema.org\/CreativeWork\" ><div class='avia_textblock'  itemprop=\"text\" ><p>Any company registered in Hungary and doing business here can apply to join the Business Council. We look forward to the involvement of the leaders of all companies who are committed to business operations in accordance with the principles of sustainability in the work of the Council.<\/p>\n<p><strong>To apply are needed:<\/strong><\/p>\n<p>\u2013 Completing the membership application<br \/>\n\u2013 Signing of the Recommendation for business leaders: A complex interpretation of corporate sustainability by the top manager of the company wishing to join<br \/>\n&#8211; Acquaintance with and acceptance of the Articles of Association<br \/>\n\u2013 Personal meeting with the head of the company.<\/p>\n<p>After submitting by email the completed membership application, please the printed and signed version send to the Association&#8217;s address <strong>(1118 Budapest, M\u00e9nesi \u00fat 9\/A.) or to the director Ir\u00e9n M\u00e1rta at iren.marta@bcsdh.hu.<\/strong> <strong>After the personal meeting and conversation, the admission requests will be judged by the Association&#8217;s presidency and we will send a written notification of the decision<\/strong>.<\/p>\n<\/div><\/section>\n<div  class='flex_column av-m0vj3j-91117d4f5ffb1b03369f180d90a486b4 av_one_full  avia-builder-el-11  el_after_av_textblock  avia-builder-el-last  first flex_column_div  column-top-margin'     ><section  class='avia-team-member av-kyocyf07-df8041402591516ec9de0aa67fc61ffb  avia-builder-el-12  avia-builder-el-no-sibling '  itemscope=\"itemscope\" itemtype=\"https:\/\/schema.org\/Person\" ><div class=\"team-img-container\"><img decoding=\"async\" fetchpriority=\"high\" class='wp-image-38688 avia-img-lazy-loading-not-38688 avia_image avia_image_team av-team-img-original' src=\"https:\/\/bcsdh.hu\/wp-content\/uploads\/2022\/01\/Marta-Iren-1-170x170.png\" alt='Ir\u00e9n M\u00e1rta '  itemprop=\"image\"   height=\"170\" width=\"170\" srcset=\"https:\/\/bcsdh.hu\/wp-content\/uploads\/2022\/01\/Marta-Iren-1-170x170.png 170w, https:\/\/bcsdh.hu\/wp-content\/uploads\/2022\/01\/Marta-Iren-1-80x80.png 80w, https:\/\/bcsdh.hu\/wp-content\/uploads\/2022\/01\/Marta-Iren-1-36x36.png 36w, https:\/\/bcsdh.hu\/wp-content\/uploads\/2022\/01\/Marta-Iren-1.png 180w\" sizes=\"(max-width: 170px) 100vw, 170px\" \/><\/div><h3 class='team-member-name '  itemprop=\"name\" >Ir\u00e9n M\u00e1rta <\/h3><div class='team-member-job-title '  itemprop=\"jobTitle\" >General Manager<\/div><div class='team-member-description '  itemprop=\"description\" ><p>iren.marta@bcsdh.hu<\/p>\n<\/div><span class='hidden team-member-affiliation'  itemprop=\"affiliation\" >BCSDH<\/span><\/section><\/div>\n<\/p>\n","protected":false},"excerpt":{"rendered":"","protected":false},"author":1,"featured_media":0,"parent":43232,"menu_order":0,"comment_status":"closed","ping_status":"closed","template":"","meta":{"footnotes":""},"class_list":["post-46016","page","type-page","status-publish","hentry"],"yoast_head":"<!-- This site is optimized with the Yoast SEO plugin v27.4 - https:\/\/yoast.com\/product\/yoast-seo-wordpress\/ -->\n<title>Become a member - BCSDH<\/title>\n<meta name=\"robots\" content=\"index, follow, max-snippet:-1, max-image-preview:large, max-video-preview:-1\" \/>\n<link rel=\"canonical\" href=\"https:\/\/bcsdh.hu\/en\/our-members\/become-a-member\/\" \/>\n<meta property=\"og:locale\" content=\"en_US\" \/>\n<meta property=\"og:type\" content=\"article\" \/>\n<meta property=\"og:title\" content=\"Become a member - BCSDH\" \/>\n<meta property=\"og:url\" content=\"https:\/\/bcsdh.hu\/en\/our-members\/become-a-member\/\" \/>\n<meta property=\"og:site_name\" content=\"BCSDH\" \/>\n<meta property=\"article:modified_time\" content=\"2024-03-06T13:53:08+00:00\" \/>\n<meta name=\"twitter:card\" content=\"summary_large_image\" \/>\n<meta name=\"twitter:label1\" content=\"Est. reading time\" \/>\n\t<meta name=\"twitter:data1\" content=\"3 minutes\" \/>\n<script type=\"application\/ld+json\" class=\"yoast-schema-graph\">{\"@context\":\"https:\\\/\\\/schema.org\",\"@graph\":[{\"@type\":\"WebPage\",\"@id\":\"https:\\\/\\\/bcsdh.hu\\\/en\\\/our-members\\\/become-a-member\\\/\",\"url\":\"https:\\\/\\\/bcsdh.hu\\\/en\\\/our-members\\\/become-a-member\\\/\",\"name\":\"Become a member - BCSDH\",\"isPartOf\":{\"@id\":\"https:\\\/\\\/bcsdh.hu\\\/#website\"},\"datePublished\":\"2022-11-14T16:25:49+00:00\",\"dateModified\":\"2024-03-06T13:53:08+00:00\",\"breadcrumb\":{\"@id\":\"https:\\\/\\\/bcsdh.hu\\\/en\\\/our-members\\\/become-a-member\\\/#breadcrumb\"},\"inLanguage\":\"en-US\",\"potentialAction\":[{\"@type\":\"ReadAction\",\"target\":[\"https:\\\/\\\/bcsdh.hu\\\/en\\\/our-members\\\/become-a-member\\\/\"]}]},{\"@type\":\"BreadcrumbList\",\"@id\":\"https:\\\/\\\/bcsdh.hu\\\/en\\\/our-members\\\/become-a-member\\\/#breadcrumb\",\"itemListElement\":[{\"@type\":\"ListItem\",\"position\":1,\"name\":\"Kezd\u0151lap\",\"item\":\"https:\\\/\\\/bcsdh.hu\\\/en\\\/bcsdh-the-business-council-for-sustainable-development-in-hungary\\\/\"},{\"@type\":\"ListItem\",\"position\":2,\"name\":\"Our members\",\"item\":\"https:\\\/\\\/bcsdh.hu\\\/en\\\/our-members\\\/\"},{\"@type\":\"ListItem\",\"position\":3,\"name\":\"Become a member\"}]},{\"@type\":\"WebSite\",\"@id\":\"https:\\\/\\\/bcsdh.hu\\\/#website\",\"url\":\"https:\\\/\\\/bcsdh.hu\\\/\",\"name\":\"BCSDH\",\"description\":\"Magyarorsz\u00e1gi \u00dczleti Tan\u00e1cs a Fenntarthat\u00f3 Fejl\u0151d\u00e9s\u00e9rt (BCSDH) az \u00dczleti Vil\u00e1gtan\u00e1cs a Fenntarthat\u00f3 Fejl\u0151d\u00e9s\u00e9rt hazai szervezete.\",\"potentialAction\":[{\"@type\":\"SearchAction\",\"target\":{\"@type\":\"EntryPoint\",\"urlTemplate\":\"https:\\\/\\\/bcsdh.hu\\\/?s={search_term_string}\"},\"query-input\":{\"@type\":\"PropertyValueSpecification\",\"valueRequired\":true,\"valueName\":\"search_term_string\"}}],\"inLanguage\":\"en-US\"}]}<\/script>\n<!-- \/ Yoast SEO plugin. -->","yoast_head_json":{"title":"Become a member - BCSDH","robots":{"index":"index","follow":"follow","max-snippet":"max-snippet:-1","max-image-preview":"max-image-preview:large","max-video-preview":"max-video-preview:-1"},"canonical":"https:\/\/bcsdh.hu\/en\/our-members\/become-a-member\/","og_locale":"en_US","og_type":"article","og_title":"Become a member - BCSDH","og_url":"https:\/\/bcsdh.hu\/en\/our-members\/become-a-member\/","og_site_name":"BCSDH","article_modified_time":"2024-03-06T13:53:08+00:00","twitter_card":"summary_large_image","twitter_misc":{"Est. reading time":"3 minutes"},"schema":{"@context":"https:\/\/schema.org","@graph":[{"@type":"WebPage","@id":"https:\/\/bcsdh.hu\/en\/our-members\/become-a-member\/","url":"https:\/\/bcsdh.hu\/en\/our-members\/become-a-member\/","name":"Become a member - BCSDH","isPartOf":{"@id":"https:\/\/bcsdh.hu\/#website"},"datePublished":"2022-11-14T16:25:49+00:00","dateModified":"2024-03-06T13:53:08+00:00","breadcrumb":{"@id":"https:\/\/bcsdh.hu\/en\/our-members\/become-a-member\/#breadcrumb"},"inLanguage":"en-US","potentialAction":[{"@type":"ReadAction","target":["https:\/\/bcsdh.hu\/en\/our-members\/become-a-member\/"]}]},{"@type":"BreadcrumbList","@id":"https:\/\/bcsdh.hu\/en\/our-members\/become-a-member\/#breadcrumb","itemListElement":[{"@type":"ListItem","position":1,"name":"Kezd\u0151lap","item":"https:\/\/bcsdh.hu\/en\/bcsdh-the-business-council-for-sustainable-development-in-hungary\/"},{"@type":"ListItem","position":2,"name":"Our members","item":"https:\/\/bcsdh.hu\/en\/our-members\/"},{"@type":"ListItem","position":3,"name":"Become a member"}]},{"@type":"WebSite","@id":"https:\/\/bcsdh.hu\/#website","url":"https:\/\/bcsdh.hu\/","name":"BCSDH","description":"Magyarorsz\u00e1gi \u00dczleti Tan\u00e1cs a Fenntarthat\u00f3 Fejl\u0151d\u00e9s\u00e9rt (BCSDH) az \u00dczleti Vil\u00e1gtan\u00e1cs a Fenntarthat\u00f3 Fejl\u0151d\u00e9s\u00e9rt hazai szervezete.","potentialAction":[{"@type":"SearchAction","target":{"@type":"EntryPoint","urlTemplate":"https:\/\/bcsdh.hu\/?s={search_term_string}"},"query-input":{"@type":"PropertyValueSpecification","valueRequired":true,"valueName":"search_term_string"}}],"inLanguage":"en-US"}]}},"_links":{"self":[{"href":"https:\/\/bcsdh.hu\/en\/wp-json\/wp\/v2\/pages\/46016","targetHints":{"allow":["GET"]}}],"collection":[{"href":"https:\/\/bcsdh.hu\/en\/wp-json\/wp\/v2\/pages"}],"about":[{"href":"https:\/\/bcsdh.hu\/en\/wp-json\/wp\/v2\/types\/page"}],"author":[{"embeddable":true,"href":"https:\/\/bcsdh.hu\/en\/wp-json\/wp\/v2\/users\/1"}],"replies":[{"embeddable":true,"href":"https:\/\/bcsdh.hu\/en\/wp-json\/wp\/v2\/comments?post=46016"}],"version-history":[{"count":11,"href":"https:\/\/bcsdh.hu\/en\/wp-json\/wp\/v2\/pages\/46016\/revisions"}],"predecessor-version":[{"id":59659,"href":"https:\/\/bcsdh.hu\/en\/wp-json\/wp\/v2\/pages\/46016\/revisions\/59659"}],"up":[{"embeddable":true,"href":"https:\/\/bcsdh.hu\/en\/wp-json\/wp\/v2\/pages\/43232"}],"wp:attachment":[{"href":"https:\/\/bcsdh.hu\/en\/wp-json\/wp\/v2\/media?parent=46016"}],"curies":[{"name":"wp","href":"https:\/\/api.w.org\/{rel}","templated":true}]}}