{"id":46064,"date":"2022-11-14T18:30:18","date_gmt":"2022-11-14T17:30:18","guid":{"rendered":"https:\/\/bcsdh.hu\/?page_id=46064"},"modified":"2022-11-14T18:30:18","modified_gmt":"2022-11-14T17:30:18","slug":"privacy-policy","status":"publish","type":"page","link":"https:\/\/bcsdh.hu\/en\/privacy-policy\/","title":{"rendered":"Privacy Policy"},"content":{"rendered":"<div id='av_section_1'  class='avia-section av-av_section-2dcb3d115e2e5af9a73072e0505910f8 main_color avia-section-default avia-no-border-styling  avia-builder-el-0  avia-builder-el-no-sibling  avia-bg-style-scroll container_wrap fullsize'  ><div class='container av-section-cont-open' ><main  role=\"main\" itemprop=\"mainContentOfPage\"  class='template-page content  av-content-full alpha units'><div class='post-entry post-entry-type-page post-entry-46064'><div class='entry-content-wrapper clearfix'>\n\n<style type=\"text\/css\" data-created_by=\"avia_inline_auto\" id=\"style-css-av-l4nz7sz3-81d50baf0294c595840bec4d57647907\">\n#top .av-special-heading.av-l4nz7sz3-81d50baf0294c595840bec4d57647907{\npadding-bottom:10px;\n}\nbody .av-special-heading.av-l4nz7sz3-81d50baf0294c595840bec4d57647907 .av-special-heading-tag .heading-char{\nfont-size:25px;\n}\n.av-special-heading.av-l4nz7sz3-81d50baf0294c595840bec4d57647907 .av-subheading{\nfont-size:15px;\n}\n<\/style>\n<div  class='av-special-heading av-l4nz7sz3-81d50baf0294c595840bec4d57647907 av-special-heading-h2 blockquote modern-quote  avia-builder-el-1  el_before_av_textblock  avia-builder-el-first '><h2 class='av-special-heading-tag'  itemprop=\"headline\"  >Adatkezel\u00e9si szab\u00e1lyzat<\/h2><div class=\"special-heading-border\"><div class=\"special-heading-inner-border\"><\/div><\/div><\/div>\n<section  class='av_textblock_section av-l4nz6nqx-963822f4758766c34f0a65c6d583afef '   itemscope=\"itemscope\" itemtype=\"https:\/\/schema.org\/CreativeWork\" ><div class='avia_textblock'  itemprop=\"text\" ><p><strong>Bevezet\u00e9s<\/strong><\/p>\n<p>A Magyarorsz\u00e1gi \u00dczleti Tan\u00e1cs a Fenntarthat\u00f3 Fejl\u0151d\u00e9s\u00e9rt K\u00f6zhaszn\u00fa Egyes\u00fclet (BCSDH) elk\u00f6telezett az adatv\u00e9delem \u2013 \u00edgy k\u00fcl\u00f6n\u00f6sen a honlap l\u00e1togat\u00f3inak szem\u00e9lyes adatainak a v\u00e9delme \u2013\u00a0 mellett. A BCSDH adatv\u00e9delmi, illetve adatkezel\u00e9si gyakorlat\u00e1r\u00f3l jelen t\u00e1j\u00e9koztat\u00f3 ny\u00fajt inform\u00e1ci\u00f3t. A honlap haszn\u00e1lat\u00e1val \u00e9s szem\u00e9lyes adatainak megad\u00e1s\u00e1val \u00d6n beleegyez\u00e9s\u00e9t adja ahhoz, hogy a BCSDH ezen adatokat a jelen adatv\u00e9delmi t\u00e1j\u00e9koztat\u00f3ban foglaltaknak megfelel\u0151en kezelje \u00e9s felhaszn\u00e1lja. Adatv\u00e9delemmel kapcsolatos k\u00e9rd\u00e9seivel k\u00e9rj\u00fck, forduljon hozz\u00e1nk az\u00a0<a href=\"mailto:ivett.takacs@bcsdh.hu\">ivett.takacs@bcsdh.hu<\/a>\u00a0e-mail c\u00edmen.<\/p>\n<p><strong>Adatgy\u0171jt\u00e9s<\/strong><\/p>\n<p>Kiz\u00e1r\u00f3lag olyan szem\u00e9lyes adatokat gy\u0171jt\u00fcnk, amelyeket a honlapunkra l\u00e1togat\u00f3k kifejezetten \u00e9s \u00f6nk\u00e9nt adtak meg. A honlapra l\u00e1togat\u00f3kt\u00f3l korl\u00e1tozott k\u00f6rben gy\u0171jt\u00fcnk adatokat, p\u00e9ld\u00e1ul n\u00e9v, beoszt\u00e1s, munkahelyi c\u00edm, e-mail c\u00edm, fax- \u00e9s telefonsz\u00e1m.<\/p>\n<p>A l\u00e1togat\u00f3knak semmilyen szem\u00e9lyes adatot nem kell megadniuk a honlap nyilv\u00e1nosan hozz\u00e1f\u00e9rhet\u0151 r\u00e9szein. A honlap l\u00e1togat\u00f3ja azonban d\u00f6nthet \u00fagy, hogy megad bizonyos adatokat \u2013 \u00fagymint n\u00e9v, beoszt\u00e1s, munkahelyi c\u00edm, munkahelyi e-mail c\u00edm, fax- \u00e9s telefonsz\u00e1m \u2013 p\u00e9ld\u00e1ul:<\/p>\n<ul>\n<li>a honlap bizonyos r\u00e9szeire t\u00f6rt\u00e9n\u0151 regisztr\u00e1ci\u00f3hoz;<\/li>\n<li>tov\u00e1bbi inform\u00e1ci\u00f3k k\u00e9r\u00e9s\u00e9hez;<\/li>\n<li>szakmai \u00f6n\u00e9letrajz beny\u00fajt\u00e1s\u00e1hoz;<\/li>\n<li>esem\u00e9nyekre \u00e9s konferenci\u00e1kra t\u00f6rt\u00e9n\u0151 regisztr\u00e1ci\u00f3hoz;<\/li>\n<li>A Fenntarthat\u00f3 j\u00f6v\u0151\u00e9rt d\u00edjra t\u00f6rt\u00e9n\u0151 p\u00e1ly\u00e1zathoz.<\/li>\n<\/ul>\n<p>A BCSDH adatv\u00e9delmi elvei \u00e9rtelm\u00e9ben csak a l\u00e1togat\u00f3 k\u00e9r\u00e9s\u00e9nek teljes\u00edt\u00e9s\u00e9hez minim\u00e1lisan sz\u00fcks\u00e9ges inform\u00e1ci\u00f3kat gy\u0171jti. Amikor nem k\u00f6telez\u0151en megadand\u00f3 adatokat k\u00e9r\u00fcnk, azt minden esetben jelezz\u00fck a l\u00e1togat\u00f3 r\u00e9sz\u00e9re.<\/p>\n<p>A honlapunkon kereszt\u00fcl nem gy\u0171jt\u00fcnk k\u00fcl\u00f6nleges szem\u00e9lyes adatokat.<\/p>\n<p><strong>Az adatok felhaszn\u00e1l\u00e1sa<\/strong><\/p>\n<p>A l\u00e1togat\u00f3 \u00e1ltal megadott szem\u00e9lyes adatokat kiz\u00e1r\u00f3lag arra a c\u00e9lra haszn\u00e1ljuk fel, amelyre azt a l\u00e1togat\u00f3 az adatgy\u0171jt\u00e9skor megadta (vagy amely az adatgy\u0171jt\u00e9s k\u00f6r\u00fclm\u00e9nyeib\u0151l nyilv\u00e1nval\u00f3 volt). A felhaszn\u00e1l\u00e1s lehets\u00e9ges c\u00e9ljai a fenti \u201eAdatgy\u0171jt\u00e9s\u201d r\u00e9szn\u00e9l tal\u00e1lhat\u00f3k. Szem\u00e9lyes adatait felhaszn\u00e1lhatjuk arra is, hogy a BCSDH tev\u00e9kenys\u00e9g\u00e9r\u0151l, szolg\u00e1ltat\u00e1sair\u00f3l, esem\u00e9nyeir\u0151l \u00e9s egy\u00e9b, az \u00d6n sz\u00e1m\u00e1ra \u00e9rdekes inform\u00e1ci\u00f3r\u00f3l t\u00e1j\u00e9koztat\u00e1st k\u00fcldj\u00fcnk \u00d6nnek h\u00edrlev\u00e9l form\u00e1j\u00e1ban; a levelez\u00e9si list\u00e1r\u00f3l azonban b\u00e1rmikor leiratkozhat, ennek r\u00e9szleteit megtal\u00e1lja a \u201eLeiratkoz\u00e1s\u201d r\u00e9szn\u00e9l.<\/p>\n<p>Weboldalainkon nem gy\u0171jt\u00fcnk szem\u00e9lyes azonos\u00edt\u00e1sra alkalmas inform\u00e1ci\u00f3kat abb\u00f3l a c\u00e9lb\u00f3l, hogy azt fogyaszt\u00f3i marketing \u00e9rdek\u00e9ben harmadik szem\u00e9lyek r\u00e9sz\u00e9re \u00e1tadjuk vagy eladjuk, illetve harmadik szem\u00e9lyek nev\u00e9ben levelet k\u00fcldj\u00fcnk.<\/p>\n<p><strong>Adatkezel\u0151<\/strong><\/p>\n<p>Ezen weboldal \u00fczemeltet\u0151je a Magyarorsz\u00e1gi \u00dczleti Tan\u00e1cs a Fenntarthat\u00f3 Fejl\u0151d\u00e9s\u00e9rt (BCSDH) K\u00f6zhaszn\u00fa Egyes\u00fclet (mely sz\u00e9khelye 1118 Budapest, M\u00e9nesi \u00fat 9\/A.) a weboldalon kereszt\u00fcl gy\u0171jt\u00f6tt szem\u00e9lyes adatok tekintet\u00e9ben adatkezel\u0151nek min\u0151s\u00fclnek, \u00e9s ezen adatokat az inform\u00e1ci\u00f3s \u00f6nrendelkez\u00e9si jogr\u00f3l \u00e9s az inform\u00e1ci\u00f3szabads\u00e1gr\u00f3l sz\u00f3l\u00f3 2011. \u00e9vi CXII. t\u00f6rv\u00e9nnyel \u00f6sszhangban kezelik.<\/p>\n<p><strong>Az adatok harmadik felekkel t\u00f6rt\u00e9n\u0151 megoszt\u00e1sa<\/strong><\/p>\n<p>Tudat\u00e1ban vagyunk annak, hogy az \u00d6n adatai \u00e9rt\u00e9ket k\u00e9pviselnek \u00e9s mindent megtesz\u00fcnk annak \u00e9rdek\u00e9ben, hogy azokat adatkezel\u00e9s\u00fcnk sor\u00e1n megv\u00e9dj\u00fck.<\/p>\n<p>A BCSDH a vonatkoz\u00f3 jogszab\u00e1lyokkal \u00f6sszhangban tov\u00e1bb\u00edthatja adatait a b\u0171n\u00fcld\u00f6z\u00e9si hat\u00f3s\u00e1goknak, szab\u00e1lyoz\u00f3 vagy egy\u00e9b korm\u00e1nyzati szerveknek vagy m\u00e1s harmadik f\u00e9lnek, amennyiben azt sz\u00e1munkra t\u00f6rv\u00e9ny \u00edrja el\u0151.<\/p>\n<p>A vel\u00fcnk k\u00f6z\u00f6lt szem\u00e9lyes adatokat nem osztjuk meg m\u00e1s v\u00e1llalkoz\u00e1sokkal \u00e9s szervezettel, k\u00f6z\u00f6s szervez\u00e9s\u0171 rendezv\u00e9nyek eset\u00e9ben, ha m\u00e9gis t\u00f6rt\u00e9nik ilyen jelleg\u0171 adatmegoszt\u00e1s, akkor azt csak az \u00d6n egyedi hozz\u00e1j\u00e1rul\u00e1s\u00e1val teszz\u00fck meg.<\/p>\n<p>Egy\u00e9b harmadik felekkel \u00e9s a BCSDH h\u00e1l\u00f3zat\u00e1n bel\u00fcli tagv\u00e1llalatokkal nem osztunk meg m\u00e1sodlagos vagy nem kapcsol\u00f3d\u00f3 c\u00e9l\u00fa inform\u00e1ci\u00f3kat, kiv\u00e9ve, ha ennek ellenkez\u0151j\u00e9re az adatgy\u0171jt\u00e9skor felh\u00edvtuk a figyelmet. Ezekben az esetekben is csak akkor osztunk meg inform\u00e1ci\u00f3t, ha \u00d6n ehhez hozz\u00e1j\u00e1rul\u00e1s\u00e1t adja.<\/p>\n<p>A honlapunk egyes linkjei olyan weboldalakra mutathatnak, amelyeket nem a BCSDH vagy a bcsdh.hu adatv\u00e9delmi szab\u00e1lyainak megfelel\u0151en \u00fczemeltetnek. A BCSDH adatv\u00e9delmi szab\u00e1lyai nem ir\u00e1nyad\u00f3k azon weboldalak tekintet\u00e9ben, amelyeket a l\u00e1togat\u00f3 a honlapunkon megadott link seg\u00edts\u00e9g\u00e9vel l\u00e1togat meg. Honlapunk l\u00e1togat\u00f3inak javasoljuk, hogy minden esetben olvass\u00e1k el a k\u00fcls\u0151 weboldalakra vonatkoz\u00f3 adatv\u00e9delmi ir\u00e1nyelveket, miel\u0151tt az adott weboldalon szem\u00e9lyes azonos\u00edt\u00e1sra alkalmas adatokat adn\u00e1nak meg.<\/p>\n<p><strong>Biztons\u00e1g<\/strong><\/p>\n<p>Mindent megtesz\u00fcnk annak \u00e9rdek\u00e9ben, hogy megakad\u00e1lyozzuk a szem\u00e9lyes azonos\u00edt\u00e1sra alkalmas adatok elveszt\u00e9s\u00e9t, m\u00f3dos\u00edt\u00e1s\u00e1t, megsemmis\u00fcl\u00e9s\u00e9t vagy az ilyen adatokkal t\u00f6rt\u00e9n\u0151 vissza\u00e9l\u00e9st. Azonban minden er\u0151fesz\u00edt\u00e9s\u00fcnk ellen\u00e9re sem tudunk v\u00e9delmet garant\u00e1lni minden vesz\u00e9llyel szemben. A t\u0151l\u00fcnk telhet\u0151 legnagyobb m\u00e9rt\u00e9kben gondoskodunk arr\u00f3l, hogy megfelel\u0151 titoktart\u00e1si k\u00f6telezetts\u00e9gv\u00e1llal\u00e1s, valamint technikai \u00e9s szervezeti biztons\u00e1gi int\u00e9zked\u00e9sek \u00e1ltal megakad\u00e1lyozzuk az inform\u00e1ci\u00f3k \u00e9s adatok jogosulatlan vagy jogszer\u0171tlen megoszt\u00e1s\u00e1t vagy feldolgoz\u00e1s\u00e1t, v\u00e9letlenszer\u0171 elveszt\u00e9s\u00e9t, megsemmis\u00edt\u00e9s\u00e9t vagy s\u00e9r\u00fcl\u00e9s\u00e9t. Az inform\u00e1ci\u00f3khoz csak a megfelel\u0151 jogosults\u00e1ggal rendelkez\u0151, titoktart\u00e1si k\u00f6telezetts\u00e9get v\u00e1llal\u00f3 munkat\u00e1rsaink f\u00e9rhetnek hozz\u00e1.<\/p>\n<p><strong>Inform\u00e1ci\u00f3khoz val\u00f3 hozz\u00e1f\u00e9r\u00e9s<\/strong><\/p>\n<p>Amennyiben friss\u00edteni szeretn\u00e9 a honlapunkon kereszt\u00fcl megadott szem\u00e9lyes adatait, ezt megteheti azon az oldalon, ahol eredetileg regisztr\u00e1lta mag\u00e1t, vagy az\u00a0<a href=\"mailto:ivett.takacs@bcsdh.hu\">ivett.takacs@bcsdh.hu<\/a>\u00a0e-mail c\u00edmen jelezheti fel\u00e9nk ez ir\u00e1ny\u00fa k\u00e9r\u00e9s\u00e9t.<\/p>\n<p>Szem\u00e9lyes adatok meg\u0151rz\u00e9se eset\u00e9n nem v\u00e1llalunk felel\u0151ss\u00e9get az adatok pontoss\u00e1g\u00e1nak folyamatos ellen\u0151rz\u00e9s\u00e9\u00e9rt. Ha arr\u00f3l kapunk t\u00e1j\u00e9koztat\u00e1st, hogy a honlapunkon kereszt\u00fcl k\u00f6z\u00f6lt szem\u00e9lyes adatokban v\u00e1ltoz\u00e1s k\u00f6vetkezett be, az azonos\u00edtott l\u00e1togat\u00f3 \u00e1ltal megadott friss inform\u00e1ci\u00f3k alapj\u00e1n lehet\u0151s\u00e9g szerint elv\u00e9gezz\u00fck a megfelel\u0151 m\u00f3dos\u00edt\u00e1sokat.<\/p>\n<p>\u00c1ltal\u00e1nos szab\u00e1lyk\u00e9nt a honlap l\u00e1togat\u00f3inak nem kell regisztr\u00e1lniuk magukat a honlapon ahhoz, hogy hozz\u00e1f\u00e9rjenek annak egyes r\u00e9szeihez. Bizonyos esetekben megk\u00e9rhetj\u00fck a l\u00e1togat\u00f3t arra, hogy regisztr\u00e1lja mag\u00e1t a honlapon az\u00e9rt, hogy birtok\u00e1ban legyen az azonos\u00edt\u00e1s\u00e1hoz sz\u00fcks\u00e9ges felhaszn\u00e1l\u00f3i azonos\u00edt\u00f3nak \u00e9s jelsz\u00f3nak, \u00e9s hogy hozz\u00e1 tudjon f\u00e9rni egyes m\u0171veletekhez.<\/p>\n<p>Ha ellen\u0151rizni szeretn\u00e9 a honlapon kereszt\u00fcl megadott inform\u00e1ci\u00f3kat, jelezze ezt fel\u00e9nk az\u00a0<a href=\"mailto:ivett.takacs@bcsdh.hu\">ivett.takacs@bcsdh.hu<\/a>\u00a0e-mail c\u00edmen \u00e9s biztos\u00edtjuk a hozz\u00e1f\u00e9r\u00e9st. A vonatkoz\u00f3 jogszab\u00e1lyok szerint a hozz\u00e1f\u00e9r\u00e9s biztos\u00edt\u00e1s\u00e1\u00e9rt d\u00edjat sz\u00e1m\u00edthatunk fel.<\/p>\n<p><strong>Leiratkoz\u00e1s<\/strong><\/p>\n<p>Amennyiben le szeretne iratkozni a levelez\u00e9si list\u00e1nkr\u00f3l vagy regisztr\u00e1ci\u00f3j\u00e1t t\u00f6r\u00f6lni szeretn\u00e9, az ehhez sz\u00fcks\u00e9ges l\u00e9p\u00e9seket a megfelel\u0151 weboldalon illetve az \u00d6nnek k\u00fcld\u00f6tt kommunik\u00e1ci\u00f3kban jelezz\u00fck, vagy ezen ig\u00e9ny\u00e9t az\u00a0<a href=\"mailto:ivett.takacs@bcsdh.hu\">ivett.takacs@bcsdh.hu<\/a>\u00a0e-mail c\u00edmre k\u00fcld\u00f6tt \u00e9rtes\u00edt\u00e9ssel is jelezheti fel\u00e9nk.<\/p>\n<p><strong>Adatok meg\u0151rz\u00e9se<\/strong><\/p>\n<p>A vel\u00fcnk k\u00f6z\u00f6lt szem\u00e9lyes adatokat csak addig \u0151rizz\u00fck meg, am\u00edg arra a c\u00e9lra, amelyre \u00d6n azokat megadta, sz\u00fcks\u00e9g van, illetve ameddig azok meg\u0151rz\u00e9s\u00e9re t\u00f6rv\u00e9nyi el\u0151\u00edr\u00e1s k\u00f6telez minket.<\/p>\n<p>A l\u00e1togat\u00f3k el\u00e9rhet\u0151s\u00e9gi adatait (ide\u00e9rtve a honlap bizonyos r\u00e9szeihez val\u00f3 hozz\u00e1f\u00e9r\u00e9shez sz\u00fcks\u00e9ges regisztr\u00e1ci\u00f3 sor\u00e1n kapott adatokat) p\u00e9ld\u00e1ul addig \u0151rizz\u00fck meg, am\u00edg az inform\u00e1ci\u00f3kra a l\u00e1togat\u00f3 k\u00e9r\u00e9s\u00e9nek teljes\u00edt\u00e9s\u00e9hez sz\u00fcks\u00e9g van, illetve am\u00edg a felhaszn\u00e1l\u00f3 nem k\u00e9ri t\u0151l\u00fcnk ezen adatok t\u00f6rl\u00e9s\u00e9t. A levelez\u0151 list\u00e1nkon szerepl\u0151 adatokat, besz\u00e9lget\u00e9seket \u00e9s a nek\u00fcnk k\u00fcld\u00f6tt e-maileket addig \u0151rizz\u00fck meg, am\u00edg azok meg\u0151rz\u00e9se a l\u00e1togat\u00f3 k\u00e9r\u00e9s\u00e9nek teljes\u00edt\u00e9se \u00e9rdek\u00e9ben indokolt. A szakmai \u00e9letrajzokat akkor t\u00f6r\u00f6lj\u00fck, amikor azokra m\u00e1r nincs sz\u00fcks\u00e9g.<\/p>\n<p><strong>M\u00f3dos\u00edt\u00e1sok<\/strong><\/p>\n<p>A BCSDH fenntartja a jogot, hogy a jelen adatv\u00e9delmi nyilatkozatot b\u00e1rmikor m\u00f3dos\u00edtsa. A nyilatkozat jelent\u0151s m\u00f3dos\u00edt\u00e1sait honlapunkon egy\u00e9rtelm\u0171en jelezz\u00fck.<\/p>\n<p>Jelen adatkezel\u00e9si t\u00e1j\u00e9koztat\u00f3 id\u0151beli hat\u00e1lya 2018.05.23-t\u00f3l visszavon\u00e1sig tart.<\/p>\n<\/div><\/section>\n\n","protected":false},"excerpt":{"rendered":"","protected":false},"author":1,"featured_media":0,"parent":0,"menu_order":0,"comment_status":"closed","ping_status":"open","template":"","meta":{"footnotes":""},"class_list":["post-46064","page","type-page","status-publish","hentry"],"yoast_head":"<!-- This site is optimized with the Yoast SEO plugin v27.3 - https:\/\/yoast.com\/product\/yoast-seo-wordpress\/ -->\n<title>Privacy Policy - BCSDH<\/title>\n<meta name=\"robots\" content=\"index, follow, max-snippet:-1, max-image-preview:large, max-video-preview:-1\" \/>\n<link rel=\"canonical\" href=\"https:\/\/bcsdh.hu\/privacy-policy\/?lang=en\" \/>\n<meta property=\"og:locale\" content=\"en_US\" \/>\n<meta property=\"og:type\" content=\"article\" \/>\n<meta property=\"og:title\" content=\"Privacy Policy - BCSDH\" \/>\n<meta property=\"og:url\" content=\"https:\/\/bcsdh.hu\/privacy-policy\/?lang=en\" \/>\n<meta property=\"og:site_name\" content=\"BCSDH\" \/>\n<meta name=\"twitter:card\" content=\"summary_large_image\" \/>\n<meta name=\"twitter:label1\" content=\"Est. reading time\" \/>\n\t<meta name=\"twitter:data1\" content=\"6 minutes\" \/>\n<script type=\"application\/ld+json\" class=\"yoast-schema-graph\">{\"@context\":\"https:\\\/\\\/schema.org\",\"@graph\":[{\"@type\":\"WebPage\",\"@id\":\"https:\\\/\\\/bcsdh.hu\\\/privacy-policy\\\/?lang=en\",\"url\":\"https:\\\/\\\/bcsdh.hu\\\/privacy-policy\\\/?lang=en\",\"name\":\"Privacy Policy - BCSDH\",\"isPartOf\":{\"@id\":\"https:\\\/\\\/bcsdh.hu\\\/#website\"},\"datePublished\":\"2022-11-14T17:30:18+00:00\",\"breadcrumb\":{\"@id\":\"https:\\\/\\\/bcsdh.hu\\\/privacy-policy\\\/?lang=en#breadcrumb\"},\"inLanguage\":\"en-US\",\"potentialAction\":[{\"@type\":\"ReadAction\",\"target\":[\"https:\\\/\\\/bcsdh.hu\\\/privacy-policy\\\/?lang=en\"]}]},{\"@type\":\"BreadcrumbList\",\"@id\":\"https:\\\/\\\/bcsdh.hu\\\/privacy-policy\\\/?lang=en#breadcrumb\",\"itemListElement\":[{\"@type\":\"ListItem\",\"position\":1,\"name\":\"Kezd\u0151lap\",\"item\":\"https:\\\/\\\/bcsdh.hu\\\/en\\\/bcsdh-the-business-council-for-sustainable-development-in-hungary\\\/\"},{\"@type\":\"ListItem\",\"position\":2,\"name\":\"Privacy Policy\"}]},{\"@type\":\"WebSite\",\"@id\":\"https:\\\/\\\/bcsdh.hu\\\/#website\",\"url\":\"https:\\\/\\\/bcsdh.hu\\\/\",\"name\":\"BCSDH\",\"description\":\"Magyarorsz\u00e1gi \u00dczleti Tan\u00e1cs a Fenntarthat\u00f3 Fejl\u0151d\u00e9s\u00e9rt (BCSDH) az \u00dczleti Vil\u00e1gtan\u00e1cs a Fenntarthat\u00f3 Fejl\u0151d\u00e9s\u00e9rt hazai szervezete.\",\"potentialAction\":[{\"@type\":\"SearchAction\",\"target\":{\"@type\":\"EntryPoint\",\"urlTemplate\":\"https:\\\/\\\/bcsdh.hu\\\/?s={search_term_string}\"},\"query-input\":{\"@type\":\"PropertyValueSpecification\",\"valueRequired\":true,\"valueName\":\"search_term_string\"}}],\"inLanguage\":\"en-US\"}]}<\/script>\n<!-- \/ Yoast SEO plugin. -->","yoast_head_json":{"title":"Privacy Policy - BCSDH","robots":{"index":"index","follow":"follow","max-snippet":"max-snippet:-1","max-image-preview":"max-image-preview:large","max-video-preview":"max-video-preview:-1"},"canonical":"https:\/\/bcsdh.hu\/privacy-policy\/?lang=en","og_locale":"en_US","og_type":"article","og_title":"Privacy Policy - BCSDH","og_url":"https:\/\/bcsdh.hu\/privacy-policy\/?lang=en","og_site_name":"BCSDH","twitter_card":"summary_large_image","twitter_misc":{"Est. reading time":"6 minutes"},"schema":{"@context":"https:\/\/schema.org","@graph":[{"@type":"WebPage","@id":"https:\/\/bcsdh.hu\/privacy-policy\/?lang=en","url":"https:\/\/bcsdh.hu\/privacy-policy\/?lang=en","name":"Privacy Policy - BCSDH","isPartOf":{"@id":"https:\/\/bcsdh.hu\/#website"},"datePublished":"2022-11-14T17:30:18+00:00","breadcrumb":{"@id":"https:\/\/bcsdh.hu\/privacy-policy\/?lang=en#breadcrumb"},"inLanguage":"en-US","potentialAction":[{"@type":"ReadAction","target":["https:\/\/bcsdh.hu\/privacy-policy\/?lang=en"]}]},{"@type":"BreadcrumbList","@id":"https:\/\/bcsdh.hu\/privacy-policy\/?lang=en#breadcrumb","itemListElement":[{"@type":"ListItem","position":1,"name":"Kezd\u0151lap","item":"https:\/\/bcsdh.hu\/en\/bcsdh-the-business-council-for-sustainable-development-in-hungary\/"},{"@type":"ListItem","position":2,"name":"Privacy Policy"}]},{"@type":"WebSite","@id":"https:\/\/bcsdh.hu\/#website","url":"https:\/\/bcsdh.hu\/","name":"BCSDH","description":"Magyarorsz\u00e1gi \u00dczleti Tan\u00e1cs a Fenntarthat\u00f3 Fejl\u0151d\u00e9s\u00e9rt (BCSDH) az \u00dczleti Vil\u00e1gtan\u00e1cs a Fenntarthat\u00f3 Fejl\u0151d\u00e9s\u00e9rt hazai szervezete.","potentialAction":[{"@type":"SearchAction","target":{"@type":"EntryPoint","urlTemplate":"https:\/\/bcsdh.hu\/?s={search_term_string}"},"query-input":{"@type":"PropertyValueSpecification","valueRequired":true,"valueName":"search_term_string"}}],"inLanguage":"en-US"}]}},"_links":{"self":[{"href":"https:\/\/bcsdh.hu\/en\/wp-json\/wp\/v2\/pages\/46064","targetHints":{"allow":["GET"]}}],"collection":[{"href":"https:\/\/bcsdh.hu\/en\/wp-json\/wp\/v2\/pages"}],"about":[{"href":"https:\/\/bcsdh.hu\/en\/wp-json\/wp\/v2\/types\/page"}],"author":[{"embeddable":true,"href":"https:\/\/bcsdh.hu\/en\/wp-json\/wp\/v2\/users\/1"}],"replies":[{"embeddable":true,"href":"https:\/\/bcsdh.hu\/en\/wp-json\/wp\/v2\/comments?post=46064"}],"version-history":[{"count":2,"href":"https:\/\/bcsdh.hu\/en\/wp-json\/wp\/v2\/pages\/46064\/revisions"}],"predecessor-version":[{"id":46066,"href":"https:\/\/bcsdh.hu\/en\/wp-json\/wp\/v2\/pages\/46064\/revisions\/46066"}],"wp:attachment":[{"href":"https:\/\/bcsdh.hu\/en\/wp-json\/wp\/v2\/media?parent=46064"}],"curies":[{"name":"wp","href":"https:\/\/api.w.org\/{rel}","templated":true}]}}