{"id":46090,"date":"2022-11-14T18:44:20","date_gmt":"2022-11-14T17:44:20","guid":{"rendered":"https:\/\/bcsdh.hu\/?page_id=46090"},"modified":"2023-02-27T08:48:15","modified_gmt":"2023-02-27T07:48:15","slug":"the-evaluation-procedure","status":"publish","type":"page","link":"https:\/\/bcsdh.hu\/en\/the-evaluation-procedure\/","title":{"rendered":"The evaluation procedure"},"content":{"rendered":"\n<style type=\"text\/css\" data-created_by=\"avia_inline_auto\" id=\"style-css-av-laay7ojo-2edad49542a42a7e926fd12bf30772ff\">\n#top .av-special-heading.av-laay7ojo-2edad49542a42a7e926fd12bf30772ff{\npadding-bottom:10px;\n}\nbody .av-special-heading.av-laay7ojo-2edad49542a42a7e926fd12bf30772ff .av-special-heading-tag .heading-char{\nfont-size:25px;\n}\n.av-special-heading.av-laay7ojo-2edad49542a42a7e926fd12bf30772ff .av-subheading{\nfont-size:15px;\n}\n<\/style>\n<div  class='av-special-heading av-laay7ojo-2edad49542a42a7e926fd12bf30772ff av-special-heading-h2  avia-builder-el-0  el_before_av_textblock  avia-builder-el-first '><h2 class='av-special-heading-tag'  itemprop=\"headline\"  >The evaluation procedure<\/h2><div class=\"special-heading-border\"><div class=\"special-heading-inner-border\"><\/div><\/div><\/div>\n<section  class='av_textblock_section av-laaxok6i-e916ece8b0fa5ff2d90e768266623ecf '   itemscope=\"itemscope\" itemtype=\"https:\/\/schema.org\/CreativeWork\" ><div class='avia_textblock'  itemprop=\"text\" ><p><strong>Applications and nominations can be made online on the subpages of each category.<\/strong>\u00a0The filling in of the online application forms can be interrupted and saved and can even be\u00a0 resumed from another computer.<\/p>\n<p><strong>The officers and members of the board and supervisory board of BCSDH cannot be nominated.<\/strong><\/p>\n<p>Submitted applications will be evaluated by a professional jury. The jury members will individually and independently evaluate tenders. According to the individual evaluation sheets, BCSDH will calculate the points awarded to each nominee, and return the score to the jury. The jury shall then draw up a list of the finalists, from which, after consultation, a prize-winner will be chosen.<\/p>\n<p><strong>BCSDH reserves the right not to make an award in any category for which the quality of entries is not deemed to be of high enough quality.<\/strong><\/p>\n<p><strong>The jury has the right and opportunity to classify the application in another category if it deems it necessary.<\/strong><\/p>\n<p><strong>The quality and reliability of information will be emphasized in the evaluation process<\/strong>. Please strive to include the most relevant facts.<\/p>\n<p>All or part of the applications may be published on the bcsdh.hu website.<\/p>\n<\/div><\/section>\n","protected":false},"excerpt":{"rendered":"","protected":false},"author":1,"featured_media":0,"parent":0,"menu_order":0,"comment_status":"closed","ping_status":"closed","template":"","meta":{"footnotes":""},"class_list":["post-46090","page","type-page","status-publish","hentry"],"yoast_head":"<!-- This site is optimized with the Yoast SEO plugin v27.3 - https:\/\/yoast.com\/product\/yoast-seo-wordpress\/ -->\n<title>The evaluation procedure - BCSDH<\/title>\n<meta name=\"robots\" content=\"index, follow, max-snippet:-1, max-image-preview:large, max-video-preview:-1\" \/>\n<link rel=\"canonical\" href=\"https:\/\/bcsdh.hu\/en\/the-evaluation-procedure\/\" \/>\n<meta property=\"og:locale\" content=\"en_US\" \/>\n<meta property=\"og:type\" content=\"article\" \/>\n<meta property=\"og:title\" content=\"The evaluation procedure - BCSDH\" \/>\n<meta property=\"og:url\" content=\"https:\/\/bcsdh.hu\/en\/the-evaluation-procedure\/\" \/>\n<meta property=\"og:site_name\" content=\"BCSDH\" \/>\n<meta property=\"article:modified_time\" content=\"2023-02-27T07:48:15+00:00\" \/>\n<meta name=\"twitter:card\" content=\"summary_large_image\" \/>\n<meta name=\"twitter:label1\" content=\"Est. reading time\" \/>\n\t<meta name=\"twitter:data1\" content=\"2 minutes\" \/>\n<script type=\"application\/ld+json\" class=\"yoast-schema-graph\">{\"@context\":\"https:\\\/\\\/schema.org\",\"@graph\":[{\"@type\":\"WebPage\",\"@id\":\"https:\\\/\\\/bcsdh.hu\\\/en\\\/the-evaluation-procedure\\\/\",\"url\":\"https:\\\/\\\/bcsdh.hu\\\/en\\\/the-evaluation-procedure\\\/\",\"name\":\"The evaluation procedure - BCSDH\",\"isPartOf\":{\"@id\":\"https:\\\/\\\/bcsdh.hu\\\/#website\"},\"datePublished\":\"2022-11-14T17:44:20+00:00\",\"dateModified\":\"2023-02-27T07:48:15+00:00\",\"breadcrumb\":{\"@id\":\"https:\\\/\\\/bcsdh.hu\\\/en\\\/the-evaluation-procedure\\\/#breadcrumb\"},\"inLanguage\":\"en-US\",\"potentialAction\":[{\"@type\":\"ReadAction\",\"target\":[\"https:\\\/\\\/bcsdh.hu\\\/en\\\/the-evaluation-procedure\\\/\"]}]},{\"@type\":\"BreadcrumbList\",\"@id\":\"https:\\\/\\\/bcsdh.hu\\\/en\\\/the-evaluation-procedure\\\/#breadcrumb\",\"itemListElement\":[{\"@type\":\"ListItem\",\"position\":1,\"name\":\"Kezd\u0151lap\",\"item\":\"https:\\\/\\\/bcsdh.hu\\\/en\\\/bcsdh-the-business-council-for-sustainable-development-in-hungary\\\/\"},{\"@type\":\"ListItem\",\"position\":2,\"name\":\"The evaluation procedure\"}]},{\"@type\":\"WebSite\",\"@id\":\"https:\\\/\\\/bcsdh.hu\\\/#website\",\"url\":\"https:\\\/\\\/bcsdh.hu\\\/\",\"name\":\"BCSDH\",\"description\":\"Magyarorsz\u00e1gi \u00dczleti Tan\u00e1cs a Fenntarthat\u00f3 Fejl\u0151d\u00e9s\u00e9rt (BCSDH) az \u00dczleti Vil\u00e1gtan\u00e1cs a Fenntarthat\u00f3 Fejl\u0151d\u00e9s\u00e9rt hazai szervezete.\",\"potentialAction\":[{\"@type\":\"SearchAction\",\"target\":{\"@type\":\"EntryPoint\",\"urlTemplate\":\"https:\\\/\\\/bcsdh.hu\\\/?s={search_term_string}\"},\"query-input\":{\"@type\":\"PropertyValueSpecification\",\"valueRequired\":true,\"valueName\":\"search_term_string\"}}],\"inLanguage\":\"en-US\"}]}<\/script>\n<!-- \/ Yoast SEO plugin. -->","yoast_head_json":{"title":"The evaluation procedure - BCSDH","robots":{"index":"index","follow":"follow","max-snippet":"max-snippet:-1","max-image-preview":"max-image-preview:large","max-video-preview":"max-video-preview:-1"},"canonical":"https:\/\/bcsdh.hu\/en\/the-evaluation-procedure\/","og_locale":"en_US","og_type":"article","og_title":"The evaluation procedure - BCSDH","og_url":"https:\/\/bcsdh.hu\/en\/the-evaluation-procedure\/","og_site_name":"BCSDH","article_modified_time":"2023-02-27T07:48:15+00:00","twitter_card":"summary_large_image","twitter_misc":{"Est. reading time":"2 minutes"},"schema":{"@context":"https:\/\/schema.org","@graph":[{"@type":"WebPage","@id":"https:\/\/bcsdh.hu\/en\/the-evaluation-procedure\/","url":"https:\/\/bcsdh.hu\/en\/the-evaluation-procedure\/","name":"The evaluation procedure - BCSDH","isPartOf":{"@id":"https:\/\/bcsdh.hu\/#website"},"datePublished":"2022-11-14T17:44:20+00:00","dateModified":"2023-02-27T07:48:15+00:00","breadcrumb":{"@id":"https:\/\/bcsdh.hu\/en\/the-evaluation-procedure\/#breadcrumb"},"inLanguage":"en-US","potentialAction":[{"@type":"ReadAction","target":["https:\/\/bcsdh.hu\/en\/the-evaluation-procedure\/"]}]},{"@type":"BreadcrumbList","@id":"https:\/\/bcsdh.hu\/en\/the-evaluation-procedure\/#breadcrumb","itemListElement":[{"@type":"ListItem","position":1,"name":"Kezd\u0151lap","item":"https:\/\/bcsdh.hu\/en\/bcsdh-the-business-council-for-sustainable-development-in-hungary\/"},{"@type":"ListItem","position":2,"name":"The evaluation procedure"}]},{"@type":"WebSite","@id":"https:\/\/bcsdh.hu\/#website","url":"https:\/\/bcsdh.hu\/","name":"BCSDH","description":"Magyarorsz\u00e1gi \u00dczleti Tan\u00e1cs a Fenntarthat\u00f3 Fejl\u0151d\u00e9s\u00e9rt (BCSDH) az \u00dczleti Vil\u00e1gtan\u00e1cs a Fenntarthat\u00f3 Fejl\u0151d\u00e9s\u00e9rt hazai szervezete.","potentialAction":[{"@type":"SearchAction","target":{"@type":"EntryPoint","urlTemplate":"https:\/\/bcsdh.hu\/?s={search_term_string}"},"query-input":{"@type":"PropertyValueSpecification","valueRequired":true,"valueName":"search_term_string"}}],"inLanguage":"en-US"}]}},"_links":{"self":[{"href":"https:\/\/bcsdh.hu\/en\/wp-json\/wp\/v2\/pages\/46090","targetHints":{"allow":["GET"]}}],"collection":[{"href":"https:\/\/bcsdh.hu\/en\/wp-json\/wp\/v2\/pages"}],"about":[{"href":"https:\/\/bcsdh.hu\/en\/wp-json\/wp\/v2\/types\/page"}],"author":[{"embeddable":true,"href":"https:\/\/bcsdh.hu\/en\/wp-json\/wp\/v2\/users\/1"}],"replies":[{"embeddable":true,"href":"https:\/\/bcsdh.hu\/en\/wp-json\/wp\/v2\/comments?post=46090"}],"version-history":[{"count":3,"href":"https:\/\/bcsdh.hu\/en\/wp-json\/wp\/v2\/pages\/46090\/revisions"}],"predecessor-version":[{"id":49573,"href":"https:\/\/bcsdh.hu\/en\/wp-json\/wp\/v2\/pages\/46090\/revisions\/49573"}],"wp:attachment":[{"href":"https:\/\/bcsdh.hu\/en\/wp-json\/wp\/v2\/media?parent=46090"}],"curies":[{"name":"wp","href":"https:\/\/api.w.org\/{rel}","templated":true}]}}