{"id":46118,"date":"2022-11-14T19:07:35","date_gmt":"2022-11-14T18:07:35","guid":{"rendered":"https:\/\/bcsdh.hu\/?page_id=46118"},"modified":"2023-02-27T10:14:00","modified_gmt":"2023-02-27T09:14:00","slug":"competition-law-statement","status":"publish","type":"page","link":"https:\/\/bcsdh.hu\/en\/competition-law-statement\/","title":{"rendered":"Competition Law Statement"},"content":{"rendered":"<div id='av_section_1'  class='avia-section av-ss5nnq-33e0280cdfb1a442f311173eda06c7cf main_color avia-section-default avia-no-border-styling  avia-builder-el-0  avia-builder-el-no-sibling  avia-bg-style-scroll container_wrap fullsize'  ><div class='container av-section-cont-open' ><main  role=\"main\" itemprop=\"mainContentOfPage\"  class='template-page content  av-content-full alpha units'><div class='post-entry post-entry-type-page post-entry-46118'><div class='entry-content-wrapper clearfix'>\n\n<style type=\"text\/css\" data-created_by=\"avia_inline_auto\" id=\"style-css-av-l4nza0qa-23cfe7a17eff75163283e9c7f5d22d95\">\n#top .av-special-heading.av-l4nza0qa-23cfe7a17eff75163283e9c7f5d22d95{\npadding-bottom:10px;\n}\nbody .av-special-heading.av-l4nza0qa-23cfe7a17eff75163283e9c7f5d22d95 .av-special-heading-tag .heading-char{\nfont-size:25px;\n}\n.av-special-heading.av-l4nza0qa-23cfe7a17eff75163283e9c7f5d22d95 .av-subheading{\nfont-size:15px;\n}\n<\/style>\n<div  class='av-special-heading av-l4nza0qa-23cfe7a17eff75163283e9c7f5d22d95 av-special-heading-h2 blockquote modern-quote  avia-builder-el-1  el_before_av_textblock  avia-builder-el-first '><h2 class='av-special-heading-tag'  itemprop=\"headline\"  >Versenyjogi nyilatkozat<\/h2><div class=\"special-heading-border\"><div class=\"special-heading-inner-border\"><\/div><\/div><\/div>\n<section  class='av_textblock_section av-l4nzbpic-026e2b0ff26a2e49ac188b4591febffd '   itemscope=\"itemscope\" itemtype=\"https:\/\/schema.org\/CreativeWork\" ><div class='avia_textblock'  itemprop=\"text\" ><p>A BCSDH-ban val\u00f3 tags\u00e1g \u00e9s a szakmai munk\u00e1ban val\u00f3 r\u00e9szv\u00e9tel felt\u00e9tele, hogy a szerepl\u0151 elolvasta \u00e9s meg\u00e9rtette a <strong>szervezet versenyjogi ir\u00e1nyelveit<\/strong>.<\/p>\n<p><em>\u201eA BCSDH nem kezdem\u00e9nyezhet olyan megbesz\u00e9l\u00e9st, tev\u00e9kenys\u00e9get vagy magatart\u00e1st, mely ak\u00e1r a saj\u00e1t, ak\u00e1r a tagjai r\u00e9sz\u00e9r\u0151l megs\u00e9rthet b\u00e1rmilyen versenyjogi szab\u00e1lyt. \u00cdgy p\u00e9ld\u00e1ul a tagok nem besz\u00e9lhetnek meg, kommunik\u00e1lhatnak vagy cser\u00e9lhetnek semmilyen \u00fczletileg \u00e9rz\u00e9keny inform\u00e1ci\u00f3t, bele\u00e9rtve az \u00e1rakra, marketingstart\u00e9gi\u00e1ra \u00e9s rekl\u00e1mstrat\u00e9gi\u00e1kra, k\u00f6lts\u00e9gekre \u00e9s bev\u00e9telekre, harmadik felekkel alkalmazott kereskedelmi felt\u00e9telekre (ide\u00e9rtve a beszerz\u00e9si strat\u00e9gi\u00e1t, sz\u00e1ll\u00edt\u00e1si felt\u00e9teleket, kereskedelmi felt\u00e9teleket vagy disztrib\u00faci\u00f3s strat\u00e9gi\u00e1t) vonatkoz\u00f3 inform\u00e1ci\u00f3kat.\u201d<\/em><\/p>\n<p><strong>Ezt a nyilatkozat minden megbesz\u00e9l\u00e9s els\u0151 pontjak\u00e9nt ismertet\u00e9sre ker\u00fcl a r\u00e9sztvev\u0151k fel\u00e9.<\/strong><\/p>\n<p>A versenyjogi t\u00f6rv\u00e9nyek c\u00e9lja a verseny meg\u0151rz\u00e9se, t\u00f6bbek k\u00f6z\u00f6tt az\u00e1ltal, hogy tiltja az olyan egyezs\u00e9geket, meg\u00e1llapod\u00e1sokat, kereskedelmi sz\u00f6vets\u00e9gek \u00e1ltal hozott olyan d\u00f6nt\u00e9seket, \u00f6sszehangolt magatart\u00e1sokat, amelyek a versenyt korl\u00e1tozz\u00e1k. A versenypiaci szerepl\u0151k csoportjai egy\u00fcttm\u0171k\u00f6d\u00e9s\u00fck sor\u00e1n, l\u00e9v\u00e9n lehets\u00e9ges versenyt\u00e1rsak egy\u00fcttesen vannak jelen, fokozott versenyjogi ellen\u0151rz\u00e9s alanyai.<\/p>\n<\/div><\/section>\n\n","protected":false},"excerpt":{"rendered":"","protected":false},"author":1,"featured_media":0,"parent":0,"menu_order":0,"comment_status":"closed","ping_status":"closed","template":"","meta":{"footnotes":""},"class_list":["post-46118","page","type-page","status-publish","hentry"],"yoast_head":"<!-- This site is optimized with the Yoast SEO plugin v27.3 - https:\/\/yoast.com\/product\/yoast-seo-wordpress\/ -->\n<title>Competition Law Statement - BCSDH<\/title>\n<meta name=\"robots\" content=\"index, follow, max-snippet:-1, max-image-preview:large, max-video-preview:-1\" \/>\n<link rel=\"canonical\" href=\"https:\/\/bcsdh.hu\/en\/competition-law-statement\/\" \/>\n<meta property=\"og:locale\" content=\"en_US\" \/>\n<meta property=\"og:type\" content=\"article\" \/>\n<meta property=\"og:title\" content=\"Competition Law Statement - BCSDH\" \/>\n<meta property=\"og:url\" content=\"https:\/\/bcsdh.hu\/en\/competition-law-statement\/\" \/>\n<meta property=\"og:site_name\" content=\"BCSDH\" \/>\n<meta property=\"article:modified_time\" content=\"2023-02-27T09:14:00+00:00\" \/>\n<meta name=\"twitter:card\" content=\"summary_large_image\" \/>\n<meta name=\"twitter:label1\" content=\"Est. reading time\" \/>\n\t<meta name=\"twitter:data1\" content=\"2 minutes\" \/>\n<script type=\"application\/ld+json\" class=\"yoast-schema-graph\">{\"@context\":\"https:\\\/\\\/schema.org\",\"@graph\":[{\"@type\":\"WebPage\",\"@id\":\"https:\\\/\\\/bcsdh.hu\\\/en\\\/competition-law-statement\\\/\",\"url\":\"https:\\\/\\\/bcsdh.hu\\\/en\\\/competition-law-statement\\\/\",\"name\":\"Competition Law Statement - BCSDH\",\"isPartOf\":{\"@id\":\"https:\\\/\\\/bcsdh.hu\\\/#website\"},\"datePublished\":\"2022-11-14T18:07:35+00:00\",\"dateModified\":\"2023-02-27T09:14:00+00:00\",\"breadcrumb\":{\"@id\":\"https:\\\/\\\/bcsdh.hu\\\/en\\\/competition-law-statement\\\/#breadcrumb\"},\"inLanguage\":\"en-US\",\"potentialAction\":[{\"@type\":\"ReadAction\",\"target\":[\"https:\\\/\\\/bcsdh.hu\\\/en\\\/competition-law-statement\\\/\"]}]},{\"@type\":\"BreadcrumbList\",\"@id\":\"https:\\\/\\\/bcsdh.hu\\\/en\\\/competition-law-statement\\\/#breadcrumb\",\"itemListElement\":[{\"@type\":\"ListItem\",\"position\":1,\"name\":\"Kezd\u0151lap\",\"item\":\"https:\\\/\\\/bcsdh.hu\\\/en\\\/bcsdh-the-business-council-for-sustainable-development-in-hungary\\\/\"},{\"@type\":\"ListItem\",\"position\":2,\"name\":\"Competition Law Statement\"}]},{\"@type\":\"WebSite\",\"@id\":\"https:\\\/\\\/bcsdh.hu\\\/#website\",\"url\":\"https:\\\/\\\/bcsdh.hu\\\/\",\"name\":\"BCSDH\",\"description\":\"Magyarorsz\u00e1gi \u00dczleti Tan\u00e1cs a Fenntarthat\u00f3 Fejl\u0151d\u00e9s\u00e9rt (BCSDH) az \u00dczleti Vil\u00e1gtan\u00e1cs a Fenntarthat\u00f3 Fejl\u0151d\u00e9s\u00e9rt hazai szervezete.\",\"potentialAction\":[{\"@type\":\"SearchAction\",\"target\":{\"@type\":\"EntryPoint\",\"urlTemplate\":\"https:\\\/\\\/bcsdh.hu\\\/?s={search_term_string}\"},\"query-input\":{\"@type\":\"PropertyValueSpecification\",\"valueRequired\":true,\"valueName\":\"search_term_string\"}}],\"inLanguage\":\"en-US\"}]}<\/script>\n<!-- \/ Yoast SEO plugin. -->","yoast_head_json":{"title":"Competition Law Statement - BCSDH","robots":{"index":"index","follow":"follow","max-snippet":"max-snippet:-1","max-image-preview":"max-image-preview:large","max-video-preview":"max-video-preview:-1"},"canonical":"https:\/\/bcsdh.hu\/en\/competition-law-statement\/","og_locale":"en_US","og_type":"article","og_title":"Competition Law Statement - BCSDH","og_url":"https:\/\/bcsdh.hu\/en\/competition-law-statement\/","og_site_name":"BCSDH","article_modified_time":"2023-02-27T09:14:00+00:00","twitter_card":"summary_large_image","twitter_misc":{"Est. reading time":"2 minutes"},"schema":{"@context":"https:\/\/schema.org","@graph":[{"@type":"WebPage","@id":"https:\/\/bcsdh.hu\/en\/competition-law-statement\/","url":"https:\/\/bcsdh.hu\/en\/competition-law-statement\/","name":"Competition Law Statement - BCSDH","isPartOf":{"@id":"https:\/\/bcsdh.hu\/#website"},"datePublished":"2022-11-14T18:07:35+00:00","dateModified":"2023-02-27T09:14:00+00:00","breadcrumb":{"@id":"https:\/\/bcsdh.hu\/en\/competition-law-statement\/#breadcrumb"},"inLanguage":"en-US","potentialAction":[{"@type":"ReadAction","target":["https:\/\/bcsdh.hu\/en\/competition-law-statement\/"]}]},{"@type":"BreadcrumbList","@id":"https:\/\/bcsdh.hu\/en\/competition-law-statement\/#breadcrumb","itemListElement":[{"@type":"ListItem","position":1,"name":"Kezd\u0151lap","item":"https:\/\/bcsdh.hu\/en\/bcsdh-the-business-council-for-sustainable-development-in-hungary\/"},{"@type":"ListItem","position":2,"name":"Competition Law Statement"}]},{"@type":"WebSite","@id":"https:\/\/bcsdh.hu\/#website","url":"https:\/\/bcsdh.hu\/","name":"BCSDH","description":"Magyarorsz\u00e1gi \u00dczleti Tan\u00e1cs a Fenntarthat\u00f3 Fejl\u0151d\u00e9s\u00e9rt (BCSDH) az \u00dczleti Vil\u00e1gtan\u00e1cs a Fenntarthat\u00f3 Fejl\u0151d\u00e9s\u00e9rt hazai szervezete.","potentialAction":[{"@type":"SearchAction","target":{"@type":"EntryPoint","urlTemplate":"https:\/\/bcsdh.hu\/?s={search_term_string}"},"query-input":{"@type":"PropertyValueSpecification","valueRequired":true,"valueName":"search_term_string"}}],"inLanguage":"en-US"}]}},"_links":{"self":[{"href":"https:\/\/bcsdh.hu\/en\/wp-json\/wp\/v2\/pages\/46118","targetHints":{"allow":["GET"]}}],"collection":[{"href":"https:\/\/bcsdh.hu\/en\/wp-json\/wp\/v2\/pages"}],"about":[{"href":"https:\/\/bcsdh.hu\/en\/wp-json\/wp\/v2\/types\/page"}],"author":[{"embeddable":true,"href":"https:\/\/bcsdh.hu\/en\/wp-json\/wp\/v2\/users\/1"}],"replies":[{"embeddable":true,"href":"https:\/\/bcsdh.hu\/en\/wp-json\/wp\/v2\/comments?post=46118"}],"version-history":[{"count":3,"href":"https:\/\/bcsdh.hu\/en\/wp-json\/wp\/v2\/pages\/46118\/revisions"}],"predecessor-version":[{"id":49589,"href":"https:\/\/bcsdh.hu\/en\/wp-json\/wp\/v2\/pages\/46118\/revisions\/49589"}],"wp:attachment":[{"href":"https:\/\/bcsdh.hu\/en\/wp-json\/wp\/v2\/media?parent=46118"}],"curies":[{"name":"wp","href":"https:\/\/api.w.org\/{rel}","templated":true}]}}