{"id":48642,"date":"2023-02-11T22:35:50","date_gmt":"2023-02-11T21:35:50","guid":{"rendered":"https:\/\/bcsdh.hu\/media-partnerek\/"},"modified":"2023-02-13T11:21:21","modified_gmt":"2023-02-13T10:21:21","slug":"media-partnerek","status":"publish","type":"page","link":"https:\/\/bcsdh.hu\/en\/media-partnerek\/","title":{"rendered":"M\u00e9dia partnerek"},"content":{"rendered":"\n<style type=\"text\/css\" data-created_by=\"avia_inline_auto\" id=\"style-css-av-av_partner-36430ab2a11c03f7d8af23b6668d6343\">\n.avia-logo-element-container.av-av_partner-36430ab2a11c03f7d8af23b6668d6343 .av-partner-fake-img{\nbackground-size:cover;\n}\n<\/style>\n<div  class='avia-logo-element-container av-av_partner-36430ab2a11c03f7d8af23b6668d6343 avia-logo-grid avia-content-slider avia-smallarrow-slider avia-content-grid-active noHover avia-content-slider-odd  avia-builder-el-0  avia-builder-el-no-sibling  avia-content-slider1' ><div class='avia-smallarrow-slider-heading  no-logo-slider-heading '><div class='new-special-heading'>&nbsp;<\/div><\/div><div class=\"avia-content-slider-inner\"><div class=\"slide-entry-wrap\"><div  class='slide-entry av-av_partner_logo-5ac17f29b3f8c70e6097fe9d940f2265 flex_column no_margin av_one_third real-thumbnail post-entry slide-entry-overview slide-loop-1 slide-parity-odd  first'><span class='av-partner-fake-img lazyload' style='padding-bottom:14.992503748126%; background-image:inherit;' data-bg-image='url(https:\/\/bcsdh.hu\/wp-content\/uploads\/2023\/01\/Budapest-Business-Journal-logo.png)'><\/span><\/div><div  class='slide-entry av-av_partner_logo-87961120ea35b5f8b073eb740981f88f flex_column no_margin av_one_third real-thumbnail post-entry slide-entry-overview slide-loop-2 slide-parity-even  '><span class='av-partner-fake-img lazyload' style='padding-bottom:14.992503748126%; background-image:inherit;' data-bg-image='url(https:\/\/bcsdh.hu\/wp-content\/uploads\/2023\/01\/Diplomacy-and-Trade-logo.png)'><\/span><\/div><div  class='slide-entry av-av_partner_logo-ecf30e53e7ef91bda6ebf88adeda1120 flex_column no_margin av_one_third real-thumbnail post-entry slide-entry-overview slide-loop-3 slide-parity-odd  '><span class='av-partner-fake-img lazyload' style='padding-bottom:14.992503748126%; background-image:inherit;' data-bg-image='url(https:\/\/bcsdh.hu\/wp-content\/uploads\/2023\/01\/ecolife_logo.jpg)'><\/span><\/div><\/div><div class=\"slide-entry-wrap\"><div  class='slide-entry av-av_partner_logo-1474ae6d17a67c214e5229734224e824 flex_column no_margin av_one_third real-thumbnail post-entry slide-entry-overview slide-loop-4 slide-parity-odd  first'><span class='av-partner-fake-img lazyload' style='padding-bottom:14.992503748126%; background-image:inherit;' data-bg-image='url(https:\/\/bcsdh.hu\/wp-content\/uploads\/2023\/01\/g7-default-white.jpg)'><\/span><\/div><div  class='slide-entry av-av_partner_logo-9b1a8946a78a52735f08e15cc828e48b flex_column no_margin av_one_third real-thumbnail post-entry slide-entry-overview slide-loop-5 slide-parity-even  '><span class='av-partner-fake-img lazyload' style='padding-bottom:14.992503748126%; background-image:inherit;' data-bg-image='url(https:\/\/bcsdh.hu\/wp-content\/uploads\/2023\/01\/greenfo-logo.png)'><\/span><\/div><div  class='slide-entry av-av_partner_logo-9f30d3c3bdbe698a84576ad4340742ee flex_column no_margin av_one_third real-thumbnail post-entry slide-entry-overview slide-loop-6 slide-parity-odd  '><span class='av-partner-fake-img lazyload' style='padding-bottom:14.992503748126%; background-image:inherit;' data-bg-image='url(https:\/\/bcsdh.hu\/wp-content\/uploads\/2023\/01\/HVG-logo.png)'><\/span><\/div><\/div><div class=\"slide-entry-wrap\"><div  class='slide-entry av-av_partner_logo-5dabd404557e83ed7c5a99eb6840d9ff flex_column no_margin av_one_third real-thumbnail post-entry slide-entry-overview slide-loop-7 slide-parity-odd  first'><span class='av-partner-fake-img lazyload' style='padding-bottom:14.992503748126%; background-image:inherit;' data-bg-image='url(https:\/\/bcsdh.hu\/wp-content\/uploads\/2023\/01\/inGreen-magazin-logo2.jpg)'><\/span><\/div><div  class='slide-entry av-av_partner_logo-7d28233bae1ea5bf30d02da6d8a5e0d6 flex_column no_margin av_one_third real-thumbnail post-entry slide-entry-overview slide-loop-8 slide-parity-even  '><span class='av-partner-fake-img lazyload' style='padding-bottom:14.992503748126%; background-image:inherit;' data-bg-image='url(https:\/\/bcsdh.hu\/wp-content\/uploads\/2023\/01\/Millasreggeli_logo.jpg)'><\/span><\/div><div  class='slide-entry av-av_partner_logo-ec661b46358e6a2860511cf54430f318 flex_column no_margin av_one_third real-thumbnail post-entry slide-entry-overview slide-loop-9 slide-parity-odd  '><span class='av-partner-fake-img lazyload' style='padding-bottom:14.992503748126%; background-image:inherit;' data-bg-image='url(https:\/\/bcsdh.hu\/wp-content\/uploads\/2023\/01\/Portfolio.hu_full_logo.png)'><\/span><\/div><\/div><div class=\"slide-entry-wrap\"><div  class='slide-entry av-av_partner_logo-f97933c0246a53e4cd94a6bd54e3d492 flex_column no_margin av_one_third real-thumbnail post-entry slide-entry-overview slide-loop-10 slide-parity-odd  first'><span class='av-partner-fake-img lazyload' style='padding-bottom:14.992503748126%; background-image:inherit;' data-bg-image='url(https:\/\/bcsdh.hu\/wp-content\/uploads\/2023\/01\/recity-logo.png)'><\/span><\/div><div  class='slide-entry av-av_partner_logo-04db3d28f03a60138c4add3c91554671 flex_column no_margin av_one_third real-thumbnail post-entry slide-entry-overview slide-loop-11 slide-parity-even  '><span class='av-partner-fake-img lazyload' style='padding-bottom:14.992503748126%; background-image:inherit;' data-bg-image='url(https:\/\/bcsdh.hu\/wp-content\/uploads\/2023\/01\/StoreInsider_logo.png)'><\/span><\/div><div  class='slide-entry av-av_partner_logo-e023d87888b4331201eba3a47b828444 flex_column no_margin av_one_third real-thumbnail post-entry slide-entry-overview slide-loop-12 slide-parity-odd post-entry-last '><span class='av-partner-fake-img lazyload' style='padding-bottom:14.992503748126%; background-image:inherit;' data-bg-image='url(https:\/\/bcsdh.hu\/wp-content\/uploads\/2023\/01\/Trade-magazin-logo-5x-200x150-1.png)'><\/span><\/div><\/div><\/div><\/div>\n","protected":false},"excerpt":{"rendered":"","protected":false},"author":2,"featured_media":0,"parent":0,"menu_order":0,"comment_status":"closed","ping_status":"closed","template":"","meta":{"footnotes":""},"class_list":["post-48642","page","type-page","status-publish","hentry"],"yoast_head":"<!-- This site is optimized with the Yoast SEO plugin v27.5 - https:\/\/yoast.com\/product\/yoast-seo-wordpress\/ -->\n<title>M\u00e9dia partnerek - BCSDH<\/title>\n<meta name=\"robots\" content=\"index, follow, max-snippet:-1, max-image-preview:large, max-video-preview:-1\" \/>\n<link rel=\"canonical\" href=\"https:\/\/bcsdh.hu\/media-partnerek\/?lang=en\" \/>\n<meta property=\"og:locale\" content=\"en_US\" \/>\n<meta property=\"og:type\" content=\"article\" \/>\n<meta property=\"og:title\" content=\"M\u00e9dia partnerek - BCSDH\" \/>\n<meta property=\"og:url\" content=\"https:\/\/bcsdh.hu\/media-partnerek\/?lang=en\" \/>\n<meta property=\"og:site_name\" content=\"BCSDH\" \/>\n<meta property=\"article:modified_time\" content=\"2023-02-13T10:21:21+00:00\" \/>\n<meta name=\"twitter:card\" content=\"summary_large_image\" \/>\n<meta name=\"twitter:label1\" content=\"Est. reading time\" \/>\n\t<meta name=\"twitter:data1\" content=\"1 minute\" \/>\n<script type=\"application\/ld+json\" class=\"yoast-schema-graph\">{\"@context\":\"https:\\\/\\\/schema.org\",\"@graph\":[{\"@type\":\"WebPage\",\"@id\":\"https:\\\/\\\/bcsdh.hu\\\/media-partnerek\\\/?lang=en\",\"url\":\"https:\\\/\\\/bcsdh.hu\\\/media-partnerek\\\/?lang=en\",\"name\":\"M\u00e9dia partnerek - BCSDH\",\"isPartOf\":{\"@id\":\"https:\\\/\\\/bcsdh.hu\\\/#website\"},\"datePublished\":\"2023-02-11T21:35:50+00:00\",\"dateModified\":\"2023-02-13T10:21:21+00:00\",\"breadcrumb\":{\"@id\":\"https:\\\/\\\/bcsdh.hu\\\/media-partnerek\\\/?lang=en#breadcrumb\"},\"inLanguage\":\"en-US\",\"potentialAction\":[{\"@type\":\"ReadAction\",\"target\":[\"https:\\\/\\\/bcsdh.hu\\\/media-partnerek\\\/?lang=en\"]}]},{\"@type\":\"BreadcrumbList\",\"@id\":\"https:\\\/\\\/bcsdh.hu\\\/media-partnerek\\\/?lang=en#breadcrumb\",\"itemListElement\":[{\"@type\":\"ListItem\",\"position\":1,\"name\":\"Kezd\u0151lap\",\"item\":\"https:\\\/\\\/bcsdh.hu\\\/en\\\/bcsdh-the-business-council-for-sustainable-development-in-hungary\\\/\"},{\"@type\":\"ListItem\",\"position\":2,\"name\":\"M\u00e9dia partnerek\"}]},{\"@type\":\"WebSite\",\"@id\":\"https:\\\/\\\/bcsdh.hu\\\/#website\",\"url\":\"https:\\\/\\\/bcsdh.hu\\\/\",\"name\":\"BCSDH\",\"description\":\"Magyarorsz\u00e1gi \u00dczleti Tan\u00e1cs a Fenntarthat\u00f3 Fejl\u0151d\u00e9s\u00e9rt (BCSDH) az \u00dczleti Vil\u00e1gtan\u00e1cs a Fenntarthat\u00f3 Fejl\u0151d\u00e9s\u00e9rt hazai szervezete.\",\"potentialAction\":[{\"@type\":\"SearchAction\",\"target\":{\"@type\":\"EntryPoint\",\"urlTemplate\":\"https:\\\/\\\/bcsdh.hu\\\/?s={search_term_string}\"},\"query-input\":{\"@type\":\"PropertyValueSpecification\",\"valueRequired\":true,\"valueName\":\"search_term_string\"}}],\"inLanguage\":\"en-US\"}]}<\/script>\n<!-- \/ Yoast SEO plugin. -->","yoast_head_json":{"title":"M\u00e9dia partnerek - BCSDH","robots":{"index":"index","follow":"follow","max-snippet":"max-snippet:-1","max-image-preview":"max-image-preview:large","max-video-preview":"max-video-preview:-1"},"canonical":"https:\/\/bcsdh.hu\/media-partnerek\/?lang=en","og_locale":"en_US","og_type":"article","og_title":"M\u00e9dia partnerek - BCSDH","og_url":"https:\/\/bcsdh.hu\/media-partnerek\/?lang=en","og_site_name":"BCSDH","article_modified_time":"2023-02-13T10:21:21+00:00","twitter_card":"summary_large_image","twitter_misc":{"Est. reading time":"1 minute"},"schema":{"@context":"https:\/\/schema.org","@graph":[{"@type":"WebPage","@id":"https:\/\/bcsdh.hu\/media-partnerek\/?lang=en","url":"https:\/\/bcsdh.hu\/media-partnerek\/?lang=en","name":"M\u00e9dia partnerek - BCSDH","isPartOf":{"@id":"https:\/\/bcsdh.hu\/#website"},"datePublished":"2023-02-11T21:35:50+00:00","dateModified":"2023-02-13T10:21:21+00:00","breadcrumb":{"@id":"https:\/\/bcsdh.hu\/media-partnerek\/?lang=en#breadcrumb"},"inLanguage":"en-US","potentialAction":[{"@type":"ReadAction","target":["https:\/\/bcsdh.hu\/media-partnerek\/?lang=en"]}]},{"@type":"BreadcrumbList","@id":"https:\/\/bcsdh.hu\/media-partnerek\/?lang=en#breadcrumb","itemListElement":[{"@type":"ListItem","position":1,"name":"Kezd\u0151lap","item":"https:\/\/bcsdh.hu\/en\/bcsdh-the-business-council-for-sustainable-development-in-hungary\/"},{"@type":"ListItem","position":2,"name":"M\u00e9dia partnerek"}]},{"@type":"WebSite","@id":"https:\/\/bcsdh.hu\/#website","url":"https:\/\/bcsdh.hu\/","name":"BCSDH","description":"Magyarorsz\u00e1gi \u00dczleti Tan\u00e1cs a Fenntarthat\u00f3 Fejl\u0151d\u00e9s\u00e9rt (BCSDH) az \u00dczleti Vil\u00e1gtan\u00e1cs a Fenntarthat\u00f3 Fejl\u0151d\u00e9s\u00e9rt hazai szervezete.","potentialAction":[{"@type":"SearchAction","target":{"@type":"EntryPoint","urlTemplate":"https:\/\/bcsdh.hu\/?s={search_term_string}"},"query-input":{"@type":"PropertyValueSpecification","valueRequired":true,"valueName":"search_term_string"}}],"inLanguage":"en-US"}]}},"_links":{"self":[{"href":"https:\/\/bcsdh.hu\/en\/wp-json\/wp\/v2\/pages\/48642","targetHints":{"allow":["GET"]}}],"collection":[{"href":"https:\/\/bcsdh.hu\/en\/wp-json\/wp\/v2\/pages"}],"about":[{"href":"https:\/\/bcsdh.hu\/en\/wp-json\/wp\/v2\/types\/page"}],"author":[{"embeddable":true,"href":"https:\/\/bcsdh.hu\/en\/wp-json\/wp\/v2\/users\/2"}],"replies":[{"embeddable":true,"href":"https:\/\/bcsdh.hu\/en\/wp-json\/wp\/v2\/comments?post=48642"}],"version-history":[{"count":2,"href":"https:\/\/bcsdh.hu\/en\/wp-json\/wp\/v2\/pages\/48642\/revisions"}],"predecessor-version":[{"id":48646,"href":"https:\/\/bcsdh.hu\/en\/wp-json\/wp\/v2\/pages\/48642\/revisions\/48646"}],"wp:attachment":[{"href":"https:\/\/bcsdh.hu\/en\/wp-json\/wp\/v2\/media?parent=48642"}],"curies":[{"name":"wp","href":"https:\/\/api.w.org\/{rel}","templated":true}]}}