{"id":52621,"date":"2023-05-31T19:23:30","date_gmt":"2023-05-31T17:23:30","guid":{"rendered":"https:\/\/bcsdh.hu\/?page_id=52621"},"modified":"2025-05-19T00:37:56","modified_gmt":"2025-05-18T22:37:56","slug":"business-transformation-award","status":"publish","type":"page","link":"https:\/\/bcsdh.hu\/en\/for-a-sustainable-future-award\/business-transformation-award\/","title":{"rendered":"Business Transformation Award"},"content":{"rendered":"<div id='av_section_1'  class='avia-section av-1tcj6w0-b55d2049d0c9b8c3c9a088b9b0d8346e main_color avia-section-default avia-no-border-styling  avia-builder-el-0  el_before_av_textblock  avia-builder-el-first  avia-bg-style-scroll container_wrap fullsize'  ><div class='container av-section-cont-open' ><main  role=\"main\" itemprop=\"mainContentOfPage\"  class='template-page content  av-content-full alpha units'><div class='post-entry post-entry-type-page post-entry-52621'><div class='entry-content-wrapper clearfix'>\n<div  class='flex_column av-3zvg1s-c038d113c2f858726e5016869e59d3a6 av_three_fourth  avia-builder-el-1  el_before_av_one_fourth  avia-builder-el-first  first flex_column_div  '     ><style type=\"text\/css\" data-created_by=\"avia_inline_auto\" id=\"style-css-av-li16zwtf-80fea0bf529138fe1db672447cfc9a7a\">\n#top .av-special-heading.av-li16zwtf-80fea0bf529138fe1db672447cfc9a7a{\npadding-bottom:10px;\n}\nbody .av-special-heading.av-li16zwtf-80fea0bf529138fe1db672447cfc9a7a .av-special-heading-tag .heading-char{\nfont-size:25px;\n}\n.av-special-heading.av-li16zwtf-80fea0bf529138fe1db672447cfc9a7a .av-subheading{\nfont-size:29px;\n}\n<\/style>\n<div  class='av-special-heading av-li16zwtf-80fea0bf529138fe1db672447cfc9a7a av-special-heading-h2 blockquote modern-quote  avia-builder-el-2  avia-builder-el-no-sibling '><h2 class='av-special-heading-tag'  itemprop=\"headline\"  >Business Transformation Award<\/h2><div class='av-subheading av-subheading_below'><p>Recognition for the greatest progress made in achieving sustainable operations<\/p>\n<\/div><div class=\"special-heading-border\"><div class=\"special-heading-inner-border\"><\/div><\/div><\/div><\/div><div  class='flex_column av-t5qgyo-820932d7cf7e4d3e64c38023b7345bbe av_one_fourth  avia-builder-el-3  el_after_av_three_fourth  el_before_av_textblock  flex_column_div  '     ><style type=\"text\/css\" data-created_by=\"avia_inline_auto\" id=\"style-css-av-li17jazu-049a039e6dc0a644746cd57588b257ba\">\n.avia-image-container.av-li17jazu-049a039e6dc0a644746cd57588b257ba img.avia_image{\nbox-shadow:none;\n}\n.avia-image-container.av-li17jazu-049a039e6dc0a644746cd57588b257ba .av-image-caption-overlay-center{\ncolor:#ffffff;\n}\n<\/style>\n<div  class='avia-image-container av-li17jazu-049a039e6dc0a644746cd57588b257ba av-styling- avia-align-center  avia-builder-el-4  avia-builder-el-no-sibling '   itemprop=\"image\" itemscope=\"itemscope\" itemtype=\"https:\/\/schema.org\/ImageObject\" ><div class=\"avia-image-container-inner\"><div class=\"avia-image-overlay-wrap\"><img decoding=\"async\" fetchpriority=\"high\" class='wp-image-52231 avia-img-lazy-loading-not-52231 avia_image ' src=\"https:\/\/bcsdh.hu\/wp-content\/uploads\/2023\/05\/Weboldal-indexkepek-500-\u00d7-500-keppont-8-80x80.png\" alt='' title='Weboldal indexk\u00e9pek (500 \u00d7 500 k\u00e9ppont) (8)'  height=\"80\" width=\"80\"  itemprop=\"thumbnailUrl\" srcset=\"https:\/\/bcsdh.hu\/wp-content\/uploads\/2023\/05\/Weboldal-indexkepek-500-\u00d7-500-keppont-8-80x80.png 80w, https:\/\/bcsdh.hu\/wp-content\/uploads\/2023\/05\/Weboldal-indexkepek-500-\u00d7-500-keppont-8-170x170.png 170w, https:\/\/bcsdh.hu\/wp-content\/uploads\/2023\/05\/Weboldal-indexkepek-500-\u00d7-500-keppont-8-36x36.png 36w, https:\/\/bcsdh.hu\/wp-content\/uploads\/2023\/05\/Weboldal-indexkepek-500-\u00d7-500-keppont-8-180x180.png 180w, https:\/\/bcsdh.hu\/wp-content\/uploads\/2023\/05\/Weboldal-indexkepek-500-\u00d7-500-keppont-8.png 500w\" sizes=\"(max-width: 80px) 100vw, 80px\" \/><\/div><\/div><\/div><\/div><section  class='av_textblock_section av-li175il9-e9ebdfaa68334383e963f2f92298511e '   itemscope=\"itemscope\" itemtype=\"https:\/\/schema.org\/CreativeWork\" ><div class='avia_textblock'  itemprop=\"text\" ><p>The purpose of the Business Transformation Award is to recognize and showcase companies that are increasingly integrating the principles of sustainable corporate governance into their business operations and reward the company that is taking critical steps to transform its business model\u00a0. By doing so, these companies contribute to accelerating systemic transformations and achieving the Sustainable Development Goals.<\/p>\n<p>Please present in your application the systemic changes that have taken place within your organization in line with the sustainable corporate governance principles of BCSDH during the recent period.<\/p>\n<p><strong>Deadlines:<\/strong><\/p>\n<ul>\n<li><strong>Application: 18 July at 23:59<\/strong><\/li>\n<li>Notification the finalists:<strong>\u00a0first half of September<\/strong><\/li>\n<li>Announcement of the results and award-giving ceremony at BCSDH Business lunch on<strong> 7 October<\/strong><\/li>\n<\/ul>\n<p>In the case of the <strong>Business Transformation Award, the application is valid upon payment of the administration fee (60,000 HUF + VAT)<\/strong>, which can be transferred based on the invoice sent after the submission of the application.<\/p>\n<p>We will send a confirmation to the provided email address upon successful submission of the application.<\/p>\n<p><a href=\"https:\/\/bcsdh.hu\/wp-content\/uploads\/2025\/05\/Business-Transformation_INFO_25.docx\" target=\"_blank\" rel=\"noopener\"><strong>How and under what conditions can you apply?<\/strong><\/a><strong> (File downloading in Firefox currently is not working.)<\/strong><\/p>\n<p><a href=\"https:\/\/bcsdh.hu\/wp-content\/uploads\/2025\/05\/FAQ_Business-Transformation_25.docx\" target=\"_blank\" rel=\"noopener\"><strong>Frequently asked questions and answers.<\/strong><\/a><strong> (File downloading in Firefox currently is not working.)<\/strong><\/p>\n<p><strong>The application form can be filled online, but it is possible to cancel the filling in, even to continue from another computer.<\/strong><\/p>\n<p><strong>Deadline for submission of final online applications: 18 July at 23:59<\/strong><\/p>\n<\/div><\/section>\n<\/div><\/div><\/main><!-- close content main element --><\/div><\/div><div id='after_section_1'  class='main_color av_default_container_wrap container_wrap fullsize'  ><div class='container av-section-cont-open' ><div class='template-page content  av-content-full alpha units'><div class='post-entry post-entry-type-page post-entry-52621'><div class='entry-content-wrapper clearfix'><section  class='av_textblock_section av-li17817t-009bc3eed79a61aeb7fa635df87109a7 '   itemscope=\"itemscope\" itemtype=\"https:\/\/schema.org\/CreativeWork\" ><div class='avia_textblock'  itemprop=\"text\" >\n<\/div><\/section><\/p>\n","protected":false},"excerpt":{"rendered":"","protected":false},"author":2,"featured_media":0,"parent":45967,"menu_order":0,"comment_status":"closed","ping_status":"closed","template":"","meta":{"footnotes":""},"class_list":["post-52621","page","type-page","status-publish","hentry"],"yoast_head":"<!-- This site is optimized with the Yoast SEO plugin v27.3 - https:\/\/yoast.com\/product\/yoast-seo-wordpress\/ -->\n<title>Business Transformation Award - BCSDH<\/title>\n<meta name=\"robots\" content=\"index, follow, max-snippet:-1, max-image-preview:large, max-video-preview:-1\" \/>\n<link rel=\"canonical\" href=\"https:\/\/bcsdh.hu\/en\/for-a-sustainable-future-award\/business-transformation-award\/\" \/>\n<meta property=\"og:locale\" content=\"en_US\" \/>\n<meta property=\"og:type\" content=\"article\" \/>\n<meta property=\"og:title\" content=\"Business Transformation Award - BCSDH\" \/>\n<meta property=\"og:url\" content=\"https:\/\/bcsdh.hu\/en\/for-a-sustainable-future-award\/business-transformation-award\/\" \/>\n<meta property=\"og:site_name\" content=\"BCSDH\" \/>\n<meta property=\"article:modified_time\" content=\"2025-05-18T22:37:56+00:00\" \/>\n<meta name=\"twitter:card\" content=\"summary_large_image\" \/>\n<meta name=\"twitter:label1\" content=\"Est. reading time\" \/>\n\t<meta name=\"twitter:data1\" content=\"11 minutes\" \/>\n<script type=\"application\/ld+json\" class=\"yoast-schema-graph\">{\"@context\":\"https:\\\/\\\/schema.org\",\"@graph\":[{\"@type\":\"WebPage\",\"@id\":\"https:\\\/\\\/bcsdh.hu\\\/en\\\/for-a-sustainable-future-award\\\/business-transformation-award\\\/\",\"url\":\"https:\\\/\\\/bcsdh.hu\\\/en\\\/for-a-sustainable-future-award\\\/business-transformation-award\\\/\",\"name\":\"Business Transformation Award - BCSDH\",\"isPartOf\":{\"@id\":\"https:\\\/\\\/bcsdh.hu\\\/#website\"},\"datePublished\":\"2023-05-31T17:23:30+00:00\",\"dateModified\":\"2025-05-18T22:37:56+00:00\",\"breadcrumb\":{\"@id\":\"https:\\\/\\\/bcsdh.hu\\\/en\\\/for-a-sustainable-future-award\\\/business-transformation-award\\\/#breadcrumb\"},\"inLanguage\":\"en-US\",\"potentialAction\":[{\"@type\":\"ReadAction\",\"target\":[\"https:\\\/\\\/bcsdh.hu\\\/en\\\/for-a-sustainable-future-award\\\/business-transformation-award\\\/\"]}]},{\"@type\":\"BreadcrumbList\",\"@id\":\"https:\\\/\\\/bcsdh.hu\\\/en\\\/for-a-sustainable-future-award\\\/business-transformation-award\\\/#breadcrumb\",\"itemListElement\":[{\"@type\":\"ListItem\",\"position\":1,\"name\":\"Kezd\u0151lap\",\"item\":\"https:\\\/\\\/bcsdh.hu\\\/en\\\/bcsdh-the-business-council-for-sustainable-development-in-hungary\\\/\"},{\"@type\":\"ListItem\",\"position\":2,\"name\":\"For a Sustainable Future Award\",\"item\":\"https:\\\/\\\/bcsdh.hu\\\/en\\\/for-a-sustainable-future-award\\\/\"},{\"@type\":\"ListItem\",\"position\":3,\"name\":\"Business Transformation Award\"}]},{\"@type\":\"WebSite\",\"@id\":\"https:\\\/\\\/bcsdh.hu\\\/#website\",\"url\":\"https:\\\/\\\/bcsdh.hu\\\/\",\"name\":\"BCSDH\",\"description\":\"Magyarorsz\u00e1gi \u00dczleti Tan\u00e1cs a Fenntarthat\u00f3 Fejl\u0151d\u00e9s\u00e9rt (BCSDH) az \u00dczleti Vil\u00e1gtan\u00e1cs a Fenntarthat\u00f3 Fejl\u0151d\u00e9s\u00e9rt hazai szervezete.\",\"potentialAction\":[{\"@type\":\"SearchAction\",\"target\":{\"@type\":\"EntryPoint\",\"urlTemplate\":\"https:\\\/\\\/bcsdh.hu\\\/?s={search_term_string}\"},\"query-input\":{\"@type\":\"PropertyValueSpecification\",\"valueRequired\":true,\"valueName\":\"search_term_string\"}}],\"inLanguage\":\"en-US\"}]}<\/script>\n<!-- \/ Yoast SEO plugin. -->","yoast_head_json":{"title":"Business Transformation Award - BCSDH","robots":{"index":"index","follow":"follow","max-snippet":"max-snippet:-1","max-image-preview":"max-image-preview:large","max-video-preview":"max-video-preview:-1"},"canonical":"https:\/\/bcsdh.hu\/en\/for-a-sustainable-future-award\/business-transformation-award\/","og_locale":"en_US","og_type":"article","og_title":"Business Transformation Award - BCSDH","og_url":"https:\/\/bcsdh.hu\/en\/for-a-sustainable-future-award\/business-transformation-award\/","og_site_name":"BCSDH","article_modified_time":"2025-05-18T22:37:56+00:00","twitter_card":"summary_large_image","twitter_misc":{"Est. reading time":"11 minutes"},"schema":{"@context":"https:\/\/schema.org","@graph":[{"@type":"WebPage","@id":"https:\/\/bcsdh.hu\/en\/for-a-sustainable-future-award\/business-transformation-award\/","url":"https:\/\/bcsdh.hu\/en\/for-a-sustainable-future-award\/business-transformation-award\/","name":"Business Transformation Award - BCSDH","isPartOf":{"@id":"https:\/\/bcsdh.hu\/#website"},"datePublished":"2023-05-31T17:23:30+00:00","dateModified":"2025-05-18T22:37:56+00:00","breadcrumb":{"@id":"https:\/\/bcsdh.hu\/en\/for-a-sustainable-future-award\/business-transformation-award\/#breadcrumb"},"inLanguage":"en-US","potentialAction":[{"@type":"ReadAction","target":["https:\/\/bcsdh.hu\/en\/for-a-sustainable-future-award\/business-transformation-award\/"]}]},{"@type":"BreadcrumbList","@id":"https:\/\/bcsdh.hu\/en\/for-a-sustainable-future-award\/business-transformation-award\/#breadcrumb","itemListElement":[{"@type":"ListItem","position":1,"name":"Kezd\u0151lap","item":"https:\/\/bcsdh.hu\/en\/bcsdh-the-business-council-for-sustainable-development-in-hungary\/"},{"@type":"ListItem","position":2,"name":"For a Sustainable Future Award","item":"https:\/\/bcsdh.hu\/en\/for-a-sustainable-future-award\/"},{"@type":"ListItem","position":3,"name":"Business Transformation Award"}]},{"@type":"WebSite","@id":"https:\/\/bcsdh.hu\/#website","url":"https:\/\/bcsdh.hu\/","name":"BCSDH","description":"Magyarorsz\u00e1gi \u00dczleti Tan\u00e1cs a Fenntarthat\u00f3 Fejl\u0151d\u00e9s\u00e9rt (BCSDH) az \u00dczleti Vil\u00e1gtan\u00e1cs a Fenntarthat\u00f3 Fejl\u0151d\u00e9s\u00e9rt hazai szervezete.","potentialAction":[{"@type":"SearchAction","target":{"@type":"EntryPoint","urlTemplate":"https:\/\/bcsdh.hu\/?s={search_term_string}"},"query-input":{"@type":"PropertyValueSpecification","valueRequired":true,"valueName":"search_term_string"}}],"inLanguage":"en-US"}]}},"_links":{"self":[{"href":"https:\/\/bcsdh.hu\/en\/wp-json\/wp\/v2\/pages\/52621","targetHints":{"allow":["GET"]}}],"collection":[{"href":"https:\/\/bcsdh.hu\/en\/wp-json\/wp\/v2\/pages"}],"about":[{"href":"https:\/\/bcsdh.hu\/en\/wp-json\/wp\/v2\/types\/page"}],"author":[{"embeddable":true,"href":"https:\/\/bcsdh.hu\/en\/wp-json\/wp\/v2\/users\/2"}],"replies":[{"embeddable":true,"href":"https:\/\/bcsdh.hu\/en\/wp-json\/wp\/v2\/comments?post=52621"}],"version-history":[{"count":8,"href":"https:\/\/bcsdh.hu\/en\/wp-json\/wp\/v2\/pages\/52621\/revisions"}],"predecessor-version":[{"id":70330,"href":"https:\/\/bcsdh.hu\/en\/wp-json\/wp\/v2\/pages\/52621\/revisions\/70330"}],"up":[{"embeddable":true,"href":"https:\/\/bcsdh.hu\/en\/wp-json\/wp\/v2\/pages\/45967"}],"wp:attachment":[{"href":"https:\/\/bcsdh.hu\/en\/wp-json\/wp\/v2\/media?parent=52621"}],"curies":[{"name":"wp","href":"https:\/\/api.w.org\/{rel}","templated":true}]}}