{"id":65020,"date":"2024-10-30T21:52:40","date_gmt":"2024-10-30T20:52:40","guid":{"rendered":"https:\/\/bcsdh.hu\/?page_id=65020"},"modified":"2024-11-26T11:43:01","modified_gmt":"2024-11-26T10:43:01","slug":"regisztracio-race-to-zero-munkacsoport-2024-11-26","status":"publish","type":"page","link":"https:\/\/bcsdh.hu\/en\/regisztracio-race-to-zero-munkacsoport-2024-11-26\/","title":{"rendered":"REGISZTR\u00c1CI\u00d3 &#8211; Race to Zero munkacsoport, 2024.11.26."},"content":{"rendered":"<p>K\u00f6sz\u00f6nj\u00fck az \u00e9rdekl\u0151d\u00e9st!<\/p>\n<p>A munkacsoportra a regisztr\u00e1ci\u00f3 lez\u00e1rult, amennyiben online szeretne csatlakozni, keresse Nagy Andre\u00e1t az andrea.nagy@bcsdh.hu e-mail c\u00edmen.<\/p>\n<p>&nbsp;<\/p>\n","protected":false},"excerpt":{"rendered":"<p>K\u00f6sz\u00f6nj\u00fck az \u00e9rdekl\u0151d\u00e9st! A munkacsoportra a regisztr\u00e1ci\u00f3 lez\u00e1rult, amennyiben online szeretne csatlakozni, keresse Nagy Andre\u00e1t az andrea.nagy@bcsdh.hu e-mail c\u00edmen. &nbsp;<\/p>\n","protected":false},"author":5,"featured_media":0,"parent":0,"menu_order":0,"comment_status":"closed","ping_status":"closed","template":"","meta":{"footnotes":""},"class_list":["post-65020","page","type-page","status-publish","hentry"],"yoast_head":"<!-- This site is optimized with the Yoast SEO plugin v27.4 - https:\/\/yoast.com\/product\/yoast-seo-wordpress\/ -->\n<title>REGISZTR\u00c1CI\u00d3 - Race to Zero munkacsoport, 2024.11.26. - BCSDH<\/title>\n<meta name=\"robots\" content=\"index, follow, max-snippet:-1, max-image-preview:large, max-video-preview:-1\" \/>\n<link rel=\"canonical\" href=\"https:\/\/bcsdh.hu\/en\/regisztracio-race-to-zero-munkacsoport-2024-11-26\/\" \/>\n<meta property=\"og:locale\" content=\"en_US\" \/>\n<meta property=\"og:type\" content=\"article\" \/>\n<meta property=\"og:title\" content=\"REGISZTR\u00c1CI\u00d3 - Race to Zero munkacsoport, 2024.11.26. - BCSDH\" \/>\n<meta property=\"og:description\" content=\"K\u00f6sz\u00f6nj\u00fck az \u00e9rdekl\u0151d\u00e9st! A munkacsoportra a regisztr\u00e1ci\u00f3 lez\u00e1rult, amennyiben online szeretne csatlakozni, keresse Nagy Andre\u00e1t az andrea.nagy@bcsdh.hu e-mail c\u00edmen. &nbsp;\" \/>\n<meta property=\"og:url\" content=\"https:\/\/bcsdh.hu\/en\/regisztracio-race-to-zero-munkacsoport-2024-11-26\/\" \/>\n<meta property=\"og:site_name\" content=\"BCSDH\" \/>\n<meta property=\"article:modified_time\" content=\"2024-11-26T10:43:01+00:00\" \/>\n<meta name=\"twitter:card\" content=\"summary_large_image\" \/>\n<meta name=\"twitter:label1\" content=\"Est. reading time\" \/>\n\t<meta name=\"twitter:data1\" content=\"1 minute\" \/>\n<script type=\"application\/ld+json\" class=\"yoast-schema-graph\">{\"@context\":\"https:\\\/\\\/schema.org\",\"@graph\":[{\"@type\":\"WebPage\",\"@id\":\"https:\\\/\\\/bcsdh.hu\\\/en\\\/regisztracio-race-to-zero-munkacsoport-2024-11-26\\\/\",\"url\":\"https:\\\/\\\/bcsdh.hu\\\/en\\\/regisztracio-race-to-zero-munkacsoport-2024-11-26\\\/\",\"name\":\"REGISZTR\u00c1CI\u00d3 - Race to Zero munkacsoport, 2024.11.26. - BCSDH\",\"isPartOf\":{\"@id\":\"https:\\\/\\\/bcsdh.hu\\\/#website\"},\"datePublished\":\"2024-10-30T20:52:40+00:00\",\"dateModified\":\"2024-11-26T10:43:01+00:00\",\"breadcrumb\":{\"@id\":\"https:\\\/\\\/bcsdh.hu\\\/en\\\/regisztracio-race-to-zero-munkacsoport-2024-11-26\\\/#breadcrumb\"},\"inLanguage\":\"en-US\",\"potentialAction\":[{\"@type\":\"ReadAction\",\"target\":[\"https:\\\/\\\/bcsdh.hu\\\/en\\\/regisztracio-race-to-zero-munkacsoport-2024-11-26\\\/\"]}]},{\"@type\":\"BreadcrumbList\",\"@id\":\"https:\\\/\\\/bcsdh.hu\\\/en\\\/regisztracio-race-to-zero-munkacsoport-2024-11-26\\\/#breadcrumb\",\"itemListElement\":[{\"@type\":\"ListItem\",\"position\":1,\"name\":\"Kezd\u0151lap\",\"item\":\"https:\\\/\\\/bcsdh.hu\\\/en\\\/bcsdh-the-business-council-for-sustainable-development-in-hungary\\\/\"},{\"@type\":\"ListItem\",\"position\":2,\"name\":\"REGISZTR\u00c1CI\u00d3 &#8211; Race to Zero munkacsoport, 2024.11.26.\"}]},{\"@type\":\"WebSite\",\"@id\":\"https:\\\/\\\/bcsdh.hu\\\/#website\",\"url\":\"https:\\\/\\\/bcsdh.hu\\\/\",\"name\":\"BCSDH\",\"description\":\"Magyarorsz\u00e1gi \u00dczleti Tan\u00e1cs a Fenntarthat\u00f3 Fejl\u0151d\u00e9s\u00e9rt (BCSDH) az \u00dczleti Vil\u00e1gtan\u00e1cs a Fenntarthat\u00f3 Fejl\u0151d\u00e9s\u00e9rt hazai szervezete.\",\"potentialAction\":[{\"@type\":\"SearchAction\",\"target\":{\"@type\":\"EntryPoint\",\"urlTemplate\":\"https:\\\/\\\/bcsdh.hu\\\/?s={search_term_string}\"},\"query-input\":{\"@type\":\"PropertyValueSpecification\",\"valueRequired\":true,\"valueName\":\"search_term_string\"}}],\"inLanguage\":\"en-US\"}]}<\/script>\n<!-- \/ Yoast SEO plugin. -->","yoast_head_json":{"title":"REGISZTR\u00c1CI\u00d3 - Race to Zero munkacsoport, 2024.11.26. - BCSDH","robots":{"index":"index","follow":"follow","max-snippet":"max-snippet:-1","max-image-preview":"max-image-preview:large","max-video-preview":"max-video-preview:-1"},"canonical":"https:\/\/bcsdh.hu\/en\/regisztracio-race-to-zero-munkacsoport-2024-11-26\/","og_locale":"en_US","og_type":"article","og_title":"REGISZTR\u00c1CI\u00d3 - Race to Zero munkacsoport, 2024.11.26. - BCSDH","og_description":"K\u00f6sz\u00f6nj\u00fck az \u00e9rdekl\u0151d\u00e9st! A munkacsoportra a regisztr\u00e1ci\u00f3 lez\u00e1rult, amennyiben online szeretne csatlakozni, keresse Nagy Andre\u00e1t az andrea.nagy@bcsdh.hu e-mail c\u00edmen. &nbsp;","og_url":"https:\/\/bcsdh.hu\/en\/regisztracio-race-to-zero-munkacsoport-2024-11-26\/","og_site_name":"BCSDH","article_modified_time":"2024-11-26T10:43:01+00:00","twitter_card":"summary_large_image","twitter_misc":{"Est. reading time":"1 minute"},"schema":{"@context":"https:\/\/schema.org","@graph":[{"@type":"WebPage","@id":"https:\/\/bcsdh.hu\/en\/regisztracio-race-to-zero-munkacsoport-2024-11-26\/","url":"https:\/\/bcsdh.hu\/en\/regisztracio-race-to-zero-munkacsoport-2024-11-26\/","name":"REGISZTR\u00c1CI\u00d3 - Race to Zero munkacsoport, 2024.11.26. - BCSDH","isPartOf":{"@id":"https:\/\/bcsdh.hu\/#website"},"datePublished":"2024-10-30T20:52:40+00:00","dateModified":"2024-11-26T10:43:01+00:00","breadcrumb":{"@id":"https:\/\/bcsdh.hu\/en\/regisztracio-race-to-zero-munkacsoport-2024-11-26\/#breadcrumb"},"inLanguage":"en-US","potentialAction":[{"@type":"ReadAction","target":["https:\/\/bcsdh.hu\/en\/regisztracio-race-to-zero-munkacsoport-2024-11-26\/"]}]},{"@type":"BreadcrumbList","@id":"https:\/\/bcsdh.hu\/en\/regisztracio-race-to-zero-munkacsoport-2024-11-26\/#breadcrumb","itemListElement":[{"@type":"ListItem","position":1,"name":"Kezd\u0151lap","item":"https:\/\/bcsdh.hu\/en\/bcsdh-the-business-council-for-sustainable-development-in-hungary\/"},{"@type":"ListItem","position":2,"name":"REGISZTR\u00c1CI\u00d3 &#8211; Race to Zero munkacsoport, 2024.11.26."}]},{"@type":"WebSite","@id":"https:\/\/bcsdh.hu\/#website","url":"https:\/\/bcsdh.hu\/","name":"BCSDH","description":"Magyarorsz\u00e1gi \u00dczleti Tan\u00e1cs a Fenntarthat\u00f3 Fejl\u0151d\u00e9s\u00e9rt (BCSDH) az \u00dczleti Vil\u00e1gtan\u00e1cs a Fenntarthat\u00f3 Fejl\u0151d\u00e9s\u00e9rt hazai szervezete.","potentialAction":[{"@type":"SearchAction","target":{"@type":"EntryPoint","urlTemplate":"https:\/\/bcsdh.hu\/?s={search_term_string}"},"query-input":{"@type":"PropertyValueSpecification","valueRequired":true,"valueName":"search_term_string"}}],"inLanguage":"en-US"}]}},"_links":{"self":[{"href":"https:\/\/bcsdh.hu\/en\/wp-json\/wp\/v2\/pages\/65020","targetHints":{"allow":["GET"]}}],"collection":[{"href":"https:\/\/bcsdh.hu\/en\/wp-json\/wp\/v2\/pages"}],"about":[{"href":"https:\/\/bcsdh.hu\/en\/wp-json\/wp\/v2\/types\/page"}],"author":[{"embeddable":true,"href":"https:\/\/bcsdh.hu\/en\/wp-json\/wp\/v2\/users\/5"}],"replies":[{"embeddable":true,"href":"https:\/\/bcsdh.hu\/en\/wp-json\/wp\/v2\/comments?post=65020"}],"version-history":[{"count":3,"href":"https:\/\/bcsdh.hu\/en\/wp-json\/wp\/v2\/pages\/65020\/revisions"}],"predecessor-version":[{"id":65463,"href":"https:\/\/bcsdh.hu\/en\/wp-json\/wp\/v2\/pages\/65020\/revisions\/65463"}],"wp:attachment":[{"href":"https:\/\/bcsdh.hu\/en\/wp-json\/wp\/v2\/media?parent=65020"}],"curies":[{"name":"wp","href":"https:\/\/api.w.org\/{rel}","templated":true}]}}