{"id":71435,"date":"2025-07-03T14:55:47","date_gmt":"2025-07-03T12:55:47","guid":{"rendered":"https:\/\/bcsdh.hu\/circular-economy-hotspot-2026\/"},"modified":"2025-07-07T08:48:29","modified_gmt":"2025-07-07T06:48:29","slug":"circular-economy-hotspot-2026","status":"publish","type":"page","link":"https:\/\/bcsdh.hu\/en\/circular-economy-hotspot-2026\/","title":{"rendered":"Circular Economy Hotspot 2026"},"content":{"rendered":"<div id='full_slider_1'  class='avia-fullwidth-slider main_color avia-shadow   avia-builder-el-0  el_before_av_heading  avia-builder-el-first   container_wrap fullsize'  ><div  class='avia-slideshow av-mcolf31z-9ad0048d22d58b012c4e1739a47d2664 avia-slideshow-featured av_slideshow_full avia-slide-slider av-slideshow-ui av-control-default av-slideshow-manual av-loop-once av-loop-manual-endless av-default-height-applied   avia-slideshow-1' data-slideshow-options=\"{&quot;animation&quot;:&quot;slide&quot;,&quot;autoplay&quot;:false,&quot;loop_autoplay&quot;:&quot;once&quot;,&quot;interval&quot;:5,&quot;loop_manual&quot;:&quot;manual-endless&quot;,&quot;autoplay_stopper&quot;:false,&quot;noNavigation&quot;:false,&quot;bg_slider&quot;:false,&quot;keep_padding&quot;:false,&quot;hoverpause&quot;:false,&quot;show_slide_delay&quot;:0}\"  itemprop=\"image\" itemscope=\"itemscope\" itemtype=\"https:\/\/schema.org\/ImageObject\" ><ul class='avia-slideshow-inner ' style='padding-bottom: 28.666666666667%;'><li  class='avia-slideshow-slide av-mcolf31z-9ad0048d22d58b012c4e1739a47d2664__0  av-single-slide slide-1 slide-odd'><div data-rel='slideshow-1' class='avia-slide-wrap '   ><img decoding=\"async\" fetchpriority=\"high\" class=\"wp-image-71437 avia-img-lazy-loading-not-71437\"  src=\"https:\/\/bcsdh.hu\/wp-content\/uploads\/2025\/07\/header-weboldalra_eng-1500x430.png\" width=\"1500\" height=\"430\" title='header weboldalra_eng' alt=''  itemprop=\"thumbnailUrl\" srcset=\"https:\/\/bcsdh.hu\/wp-content\/uploads\/2025\/07\/header-weboldalra_eng.png 1500w, https:\/\/bcsdh.hu\/wp-content\/uploads\/2025\/07\/header-weboldalra_eng-450x129.png 450w, https:\/\/bcsdh.hu\/wp-content\/uploads\/2025\/07\/header-weboldalra_eng-1030x295.png 1030w, https:\/\/bcsdh.hu\/wp-content\/uploads\/2025\/07\/header-weboldalra_eng-768x220.png 768w, https:\/\/bcsdh.hu\/wp-content\/uploads\/2025\/07\/header-weboldalra_eng-705x202.png 705w, https:\/\/bcsdh.hu\/wp-content\/uploads\/2025\/07\/header-weboldalra_eng-1210x347.png 1210w\" sizes=\"(max-width: 1500px) 100vw, 1500px\" \/><\/div><\/li><\/ul><\/div><\/div><div id='after_full_slider_1'  class='main_color av_default_container_wrap container_wrap fullsize'  ><div class='container av-section-cont-open' ><div class='template-page content  av-content-full alpha units'><div class='post-entry post-entry-type-page post-entry-71435'><div class='entry-content-wrapper clearfix'>\n\n<style type=\"text\/css\" data-created_by=\"avia_inline_auto\" id=\"style-css-av-mcolg4lu-4fa4211a8f904d7f18d16f42e455ff56\">\n#top .av-special-heading.av-mcolg4lu-4fa4211a8f904d7f18d16f42e455ff56{\npadding-bottom:10px;\n}\nbody .av-special-heading.av-mcolg4lu-4fa4211a8f904d7f18d16f42e455ff56 .av-special-heading-tag .heading-char{\nfont-size:25px;\n}\n.av-special-heading.av-mcolg4lu-4fa4211a8f904d7f18d16f42e455ff56 .av-subheading{\nfont-size:15px;\n}\n<\/style>\n<div  class='av-special-heading av-mcolg4lu-4fa4211a8f904d7f18d16f42e455ff56 av-special-heading-h1  avia-builder-el-1  el_after_av_slideshow_full  el_before_av_textblock  avia-builder-el-first '><h1 class='av-special-heading-tag'  itemprop=\"headline\"  >CIRCULAR ECONOMY HOTSPOT BUDAPEST<\/h1><div class=\"special-heading-border\"><div class=\"special-heading-inner-border\"><\/div><\/div><\/div>\n<section  class='av_textblock_section av-mcolfhak-9bdb7a11e330755526162d98ab12b1df '   itemscope=\"itemscope\" itemtype=\"https:\/\/schema.org\/CreativeWork\" ><div class='avia_textblock'  itemprop=\"text\" ><p><strong><em><span style=\"font-size: 18pt;\">The future economy has already begun<\/span><\/em><\/strong><\/p>\n<p><span style=\"font-size: 14pt;\">In 2026, the European meeting of the Circular Ecomomy Hotspot will come to Budapest.<\/span><\/p>\n<p><span style=\"font-size: 14pt;\">The <strong>three-day<\/strong> event aims to bring together the frontrunners of the circular economy: companies, innovators, policy makers and thinkers. The series started in Belgium in 2016 and has since been hosted by cities such as Glasgow, Luxembourg, Dublin and Santiago de Chile. For the first time, the prestigious event will be held in Hungary.<\/span><\/p>\n<p><span style=\"font-size: 14pt;\">The <strong>Budapest Hotspot 2026<\/strong> is Europe&#8217;s defining event, focusing on innovation, economic transformation and the opportunities for the transition to a circular economy.<\/span><\/p>\n<p><span style=\"font-size: 14pt;\">A reception on the first day of the event, <strong>conferences and workshops<\/strong> on the second day and <strong>site visits<\/strong> on the third day will conclude the programme.<\/span><\/p>\n<\/div><\/section>\n<div  class='avia-button-wrap av-mcolkuit-d81dff8e089cba2d09143c95a3f5276e-wrap avia-button-center  avia-builder-el-3  el_after_av_textblock  avia-builder-el-last '><a href='https:\/\/circulareconomyhotspotbudapest.com\/' class='avia-button av-mcolkuit-d81dff8e089cba2d09143c95a3f5276e avia-icon_select-no avia-size-small avia-position-center avia-color-theme-color' target=\"_blank\" rel=\"noopener noreferrer\"><span class='avia_iconbox_title' >MORE DETAILS ABOUT THE EVENT<\/span><\/a><\/div>\n","protected":false},"excerpt":{"rendered":"","protected":false},"author":3,"featured_media":0,"parent":0,"menu_order":0,"comment_status":"closed","ping_status":"closed","template":"","meta":{"footnotes":""},"class_list":["post-71435","page","type-page","status-publish","hentry"],"yoast_head":"<!-- This site is optimized with the Yoast SEO plugin v27.3 - https:\/\/yoast.com\/product\/yoast-seo-wordpress\/ -->\n<title>Circular Economy Hotspot 2026 - BCSDH<\/title>\n<meta name=\"robots\" content=\"index, follow, max-snippet:-1, max-image-preview:large, max-video-preview:-1\" \/>\n<link rel=\"canonical\" href=\"https:\/\/bcsdh.hu\/en\/circular-economy-hotspot-2026\/\" \/>\n<meta property=\"og:locale\" content=\"en_US\" \/>\n<meta property=\"og:type\" content=\"article\" \/>\n<meta property=\"og:title\" content=\"Circular Economy Hotspot 2026 - BCSDH\" \/>\n<meta property=\"og:url\" content=\"https:\/\/bcsdh.hu\/en\/circular-economy-hotspot-2026\/\" \/>\n<meta property=\"og:site_name\" content=\"BCSDH\" \/>\n<meta property=\"article:modified_time\" content=\"2025-07-07T06:48:29+00:00\" \/>\n<meta name=\"twitter:card\" content=\"summary_large_image\" \/>\n<meta name=\"twitter:label1\" content=\"Est. reading time\" \/>\n\t<meta name=\"twitter:data1\" content=\"1 minute\" \/>\n<script type=\"application\/ld+json\" class=\"yoast-schema-graph\">{\"@context\":\"https:\\\/\\\/schema.org\",\"@graph\":[{\"@type\":\"WebPage\",\"@id\":\"https:\\\/\\\/bcsdh.hu\\\/en\\\/circular-economy-hotspot-2026\\\/\",\"url\":\"https:\\\/\\\/bcsdh.hu\\\/en\\\/circular-economy-hotspot-2026\\\/\",\"name\":\"Circular Economy Hotspot 2026 - BCSDH\",\"isPartOf\":{\"@id\":\"https:\\\/\\\/bcsdh.hu\\\/#website\"},\"datePublished\":\"2025-07-03T12:55:47+00:00\",\"dateModified\":\"2025-07-07T06:48:29+00:00\",\"breadcrumb\":{\"@id\":\"https:\\\/\\\/bcsdh.hu\\\/en\\\/circular-economy-hotspot-2026\\\/#breadcrumb\"},\"inLanguage\":\"en-US\",\"potentialAction\":[{\"@type\":\"ReadAction\",\"target\":[\"https:\\\/\\\/bcsdh.hu\\\/en\\\/circular-economy-hotspot-2026\\\/\"]}]},{\"@type\":\"BreadcrumbList\",\"@id\":\"https:\\\/\\\/bcsdh.hu\\\/en\\\/circular-economy-hotspot-2026\\\/#breadcrumb\",\"itemListElement\":[{\"@type\":\"ListItem\",\"position\":1,\"name\":\"Kezd\u0151lap\",\"item\":\"https:\\\/\\\/bcsdh.hu\\\/en\\\/bcsdh-the-business-council-for-sustainable-development-in-hungary\\\/\"},{\"@type\":\"ListItem\",\"position\":2,\"name\":\"Circular Economy Hotspot 2026\"}]},{\"@type\":\"WebSite\",\"@id\":\"https:\\\/\\\/bcsdh.hu\\\/#website\",\"url\":\"https:\\\/\\\/bcsdh.hu\\\/\",\"name\":\"BCSDH\",\"description\":\"Magyarorsz\u00e1gi \u00dczleti Tan\u00e1cs a Fenntarthat\u00f3 Fejl\u0151d\u00e9s\u00e9rt (BCSDH) az \u00dczleti Vil\u00e1gtan\u00e1cs a Fenntarthat\u00f3 Fejl\u0151d\u00e9s\u00e9rt hazai szervezete.\",\"potentialAction\":[{\"@type\":\"SearchAction\",\"target\":{\"@type\":\"EntryPoint\",\"urlTemplate\":\"https:\\\/\\\/bcsdh.hu\\\/?s={search_term_string}\"},\"query-input\":{\"@type\":\"PropertyValueSpecification\",\"valueRequired\":true,\"valueName\":\"search_term_string\"}}],\"inLanguage\":\"en-US\"}]}<\/script>\n<!-- \/ Yoast SEO plugin. -->","yoast_head_json":{"title":"Circular Economy Hotspot 2026 - BCSDH","robots":{"index":"index","follow":"follow","max-snippet":"max-snippet:-1","max-image-preview":"max-image-preview:large","max-video-preview":"max-video-preview:-1"},"canonical":"https:\/\/bcsdh.hu\/en\/circular-economy-hotspot-2026\/","og_locale":"en_US","og_type":"article","og_title":"Circular Economy Hotspot 2026 - BCSDH","og_url":"https:\/\/bcsdh.hu\/en\/circular-economy-hotspot-2026\/","og_site_name":"BCSDH","article_modified_time":"2025-07-07T06:48:29+00:00","twitter_card":"summary_large_image","twitter_misc":{"Est. reading time":"1 minute"},"schema":{"@context":"https:\/\/schema.org","@graph":[{"@type":"WebPage","@id":"https:\/\/bcsdh.hu\/en\/circular-economy-hotspot-2026\/","url":"https:\/\/bcsdh.hu\/en\/circular-economy-hotspot-2026\/","name":"Circular Economy Hotspot 2026 - BCSDH","isPartOf":{"@id":"https:\/\/bcsdh.hu\/#website"},"datePublished":"2025-07-03T12:55:47+00:00","dateModified":"2025-07-07T06:48:29+00:00","breadcrumb":{"@id":"https:\/\/bcsdh.hu\/en\/circular-economy-hotspot-2026\/#breadcrumb"},"inLanguage":"en-US","potentialAction":[{"@type":"ReadAction","target":["https:\/\/bcsdh.hu\/en\/circular-economy-hotspot-2026\/"]}]},{"@type":"BreadcrumbList","@id":"https:\/\/bcsdh.hu\/en\/circular-economy-hotspot-2026\/#breadcrumb","itemListElement":[{"@type":"ListItem","position":1,"name":"Kezd\u0151lap","item":"https:\/\/bcsdh.hu\/en\/bcsdh-the-business-council-for-sustainable-development-in-hungary\/"},{"@type":"ListItem","position":2,"name":"Circular Economy Hotspot 2026"}]},{"@type":"WebSite","@id":"https:\/\/bcsdh.hu\/#website","url":"https:\/\/bcsdh.hu\/","name":"BCSDH","description":"Magyarorsz\u00e1gi \u00dczleti Tan\u00e1cs a Fenntarthat\u00f3 Fejl\u0151d\u00e9s\u00e9rt (BCSDH) az \u00dczleti Vil\u00e1gtan\u00e1cs a Fenntarthat\u00f3 Fejl\u0151d\u00e9s\u00e9rt hazai szervezete.","potentialAction":[{"@type":"SearchAction","target":{"@type":"EntryPoint","urlTemplate":"https:\/\/bcsdh.hu\/?s={search_term_string}"},"query-input":{"@type":"PropertyValueSpecification","valueRequired":true,"valueName":"search_term_string"}}],"inLanguage":"en-US"}]}},"_links":{"self":[{"href":"https:\/\/bcsdh.hu\/en\/wp-json\/wp\/v2\/pages\/71435","targetHints":{"allow":["GET"]}}],"collection":[{"href":"https:\/\/bcsdh.hu\/en\/wp-json\/wp\/v2\/pages"}],"about":[{"href":"https:\/\/bcsdh.hu\/en\/wp-json\/wp\/v2\/types\/page"}],"author":[{"embeddable":true,"href":"https:\/\/bcsdh.hu\/en\/wp-json\/wp\/v2\/users\/3"}],"replies":[{"embeddable":true,"href":"https:\/\/bcsdh.hu\/en\/wp-json\/wp\/v2\/comments?post=71435"}],"version-history":[{"count":3,"href":"https:\/\/bcsdh.hu\/en\/wp-json\/wp\/v2\/pages\/71435\/revisions"}],"predecessor-version":[{"id":71440,"href":"https:\/\/bcsdh.hu\/en\/wp-json\/wp\/v2\/pages\/71435\/revisions\/71440"}],"wp:attachment":[{"href":"https:\/\/bcsdh.hu\/en\/wp-json\/wp\/v2\/media?parent=71435"}],"curies":[{"name":"wp","href":"https:\/\/api.w.org\/{rel}","templated":true}]}}